{"id":46287,"date":"2020-07-13T10:09:13","date_gmt":"2020-07-13T10:09:13","guid":{"rendered":"https:\/\/www.theinvisiblecollection.com\/?post_type=product&#038;p=46287"},"modified":"2026-05-08T04:40:52","modified_gmt":"2026-05-08T04:40:52","slug":"jean-michel-frank-canape-dossier-droit-1924","status":"publish","type":"product","link":"https:\/\/theinvisiblecollection.com\/fr\/produit\/jean-michel-frank-canape-dossier-droit-1924\/","title":{"rendered":"Canap\u00e9 Dossier Droit 1924"},"content":{"rendered":"","protected":false},"excerpt":{"rendered":"<p>Jean-Michel Frank r\u00e9\u00e9dit\u00e9 par Ecart International<br \/>\nStructure en tissu ou en cuir tendu, coussins en demi duvet<br \/>\nSabots en ch\u00eane massif vernis<br \/>\nCoussins d&#8217;asssises en semi-duvet, bultex et duvet sur le haut du coussin<br \/>\nDisponible en tissu et cuir Ecart, en blanc sans tissu ou cuir, en cuir taurillon, en poulain (prix sur demande) et en peau lain\u00e9e\u00a0(prix sur demande)<br \/>\n<span style=\"text-decoration: underline;\"><a href=\"https:\/\/theinvisiblecollection.com\/wp-content\/uploads\/2022\/02\/TheInvisibleCollection_EcartInternational_FabricSelection_compressed.pdf\" target=\"_blank\" rel=\"noopener\">D\u00e9couvrez la s\u00e9lection de tissus Ecart ici<\/a><\/span><br \/>\n<span style=\"text-decoration: underline;\"><a href=\"https:\/\/www.theinvisiblecollection.com\/wp-content\/uploads\/2020\/06\/TIC_Ecart_Samples_Leather_compressed.pdf\" target=\"_blank\" rel=\"noopener\">D\u00e9couvrez la s\u00e9lection de cuirs Ecart ici<\/a><\/span><\/p>\n<p>Disponible en deux versions :<br \/>\n2 places : L 160 x l 88 x H 80 cm<br \/>\n3 places : L 230 x l 88 x H 80 cm<br \/>\nHauteur d\u2019assise : 45.5 cm<br \/>\nTissu requis : 12 m (2 places) \u2013 16 m (3 places)<br \/>\nCuir requis : 13 m (2 places) \u2013 17 m (3 places)<\/p>\n<p>Indisponible aux Etats-Unis<br \/>\nFabriqu\u00e9 \u00e0 la main en France<br \/>\nD\u00e9lais de production : 12 &#8211; 14 semaines<\/p>\n<p><span style=\"text-decoration: underline;\"><a href=\"https:\/\/www.theinvisiblecollection.com\/fr\/contact-produit\/?product_id=46287\" target=\"_blank\" rel=\"noopener\">Contactez-nous pour toute demande de devis ou de renseignements\u00a0<\/a><\/span><\/p>\n<p>&nbsp;<\/p>\n","protected":false},"featured_media":5838905,"template":"","meta":{"_acf_changed":false,"content-type":"","_themeisle_gutenberg_block_has_review":false},"product_brand":[],"product_cat":[8976,12499],"product_tag":[8944,10855,11097,11098,11099,11225,11235,11543,35206],"product_designer":[10154,10638],"comfabric":[29238],"manufacturer":[16874],"reporting_designer":[37612],"samplecomfabric":[29926],"designer_clubroom":[],"class_list":{"0":"post-46287","1":"product","2":"type-product","3":"status-publish","4":"has-post-thumbnail","6":"product_cat-canapes","7":"product_cat-assises","8":"product_tag-canape","9":"product_tag-franck-fr-fr","10":"product_tag-ecart-fr","11":"product_tag-ecart-international-fr","12":"product_tag-tissu-ecart","13":"product_tag-reissue-issue-fr","14":"product_tag-reedition-fr-fr","15":"product_tag-canapes-irresistibles-fr","16":"product_tag-exclusive-fr","17":"pa_size-2-seater","18":"pa_size-3-seater","19":"product_designer-jean-michel-frank-fr","20":"product_designer-ecart-international-fr","21":"comfabric-ecart-international-atelier-fr","22":"manufacturer-ecart-international-argentat","23":"reporting_designer-ecart-international","24":"samplecomfabric-ecart-international-atelier-fr","26":"first","27":"instock","28":"taxable","29":"shipping-taxable","30":"purchasable","31":"product-type-variable"},"acf":[],"_links":{"self":[{"href":"https:\/\/theinvisiblecollection.com\/fr\/wp-json\/wp\/v2\/product\/46287","targetHints":{"allow":["GET"]}}],"collection":[{"href":"https:\/\/theinvisiblecollection.com\/fr\/wp-json\/wp\/v2\/product"}],"about":[{"href":"https:\/\/theinvisiblecollection.com\/fr\/wp-json\/wp\/v2\/types\/product"}],"wp:featuredmedia":[{"embeddable":true,"href":"https:\/\/theinvisiblecollection.com\/fr\/wp-json\/wp\/v2\/media\/5838905"}],"wp:attachment":[{"href":"https:\/\/theinvisiblecollection.com\/fr\/wp-json\/wp\/v2\/media?parent=46287"}],"wp:term":[{"taxonomy":"product_brand","embeddable":true,"href":"https:\/\/theinvisiblecollection.com\/fr\/wp-json\/wp\/v2\/product_brand?post=46287"},{"taxonomy":"product_cat","embeddable":true,"href":"https:\/\/theinvisiblecollection.com\/fr\/wp-json\/wp\/v2\/product_cat?post=46287"},{"taxonomy":"product_tag","embeddable":true,"href":"https:\/\/theinvisiblecollection.com\/fr\/wp-json\/wp\/v2\/product_tag?post=46287"},{"taxonomy":"product_designer","embeddable":true,"href":"https:\/\/theinvisiblecollection.com\/fr\/wp-json\/wp\/v2\/product_designer?post=46287"},{"taxonomy":"comfabric","embeddable":true,"href":"https:\/\/theinvisiblecollection.com\/fr\/wp-json\/wp\/v2\/comfabric?post=46287"},{"taxonomy":"manufacturer","embeddable":true,"href":"https:\/\/theinvisiblecollection.com\/fr\/wp-json\/wp\/v2\/manufacturer?post=46287"},{"taxonomy":"reporting_designer","embeddable":true,"href":"https:\/\/theinvisiblecollection.com\/fr\/wp-json\/wp\/v2\/reporting_designer?post=46287"},{"taxonomy":"samplecomfabric","embeddable":true,"href":"https:\/\/theinvisiblecollection.com\/fr\/wp-json\/wp\/v2\/samplecomfabric?post=46287"},{"taxonomy":"clubroom_product_designer","embeddable":true,"href":"https:\/\/theinvisiblecollection.com\/fr\/wp-json\/wp\/v2\/designer_clubroom?post=46287"}],"curies":[{"name":"wp","href":"https:\/\/api.w.org\/{rel}","templated":true}]}}