{"id":46420,"date":"2020-07-13T14:22:37","date_gmt":"2020-07-13T14:22:37","guid":{"rendered":"https:\/\/www.theinvisiblecollection.com\/?post_type=product&#038;p=46420"},"modified":"2026-05-01T07:39:37","modified_gmt":"2026-05-01T07:39:37","slug":"jean-michel-frank-chaise-1930","status":"publish","type":"product","link":"https:\/\/theinvisiblecollection.com\/fr\/produit\/jean-michel-frank-chaise-1930\/","title":{"rendered":"Chaise 1930"},"content":{"rendered":"","protected":false},"excerpt":{"rendered":"<p>Jean-Michel Frank r\u00e9\u00e9dit\u00e9e par Ecart International<br \/>\nStructure en ch\u00eane massif verni<br \/>\nAssise en tissu ou en cuir<br \/>\nTeintes de bois disponibles : naturel, marron, weng\u00e9 et noir<br \/>\n<span style=\"text-decoration: underline;\"><a href=\"https:\/\/www.theinvisiblecollection.com\/wp-content\/uploads\/2020\/06\/TIC_Ecart_Sample_Wood_Ecart_Design_FR.pdf\" target=\"_blank\" rel=\"noopener\">D\u00e9couvrez la s\u00e9lection de bois Ecart ici<\/a><\/span><br \/>\n<span style=\"text-decoration: underline;\"><a href=\"https:\/\/www.theinvisiblecollection.com\/wp-content\/uploads\/2020\/06\/TIC_Ecart_Samples_Fabric_compressed.pdf\" target=\"_blank\" rel=\"noopener\">D\u00e9couvrez la s\u00e9lection de tissus Ecart ici<\/a><\/span><br \/>\n<span style=\"text-decoration: underline;\"><a href=\"https:\/\/www.theinvisiblecollection.com\/wp-content\/uploads\/2020\/06\/TIC_Ecart_Samples_Leather_compressed.pdf\" target=\"_blank\" rel=\"noopener\">D\u00e9couvrez la s\u00e9lection de cuirs Ecart ici<\/a><\/span><br \/>\n\u00c9galement disponible en blanc (sans tissu et cuir)<\/p>\n<p>L 44 x l 46 x H 74 cm<br \/>\nHauteur d\u2019assise : 43 cm<br \/>\nTissu requis : 0.8 m<br \/>\nCuir requis : 1.8 m<\/p>\n<p class=\"p1\">Indisponible aux Etats-Unis<br \/>\nFabriqu\u00e9e \u00e0 la main en France<br \/>\nD\u00e9lais de production : 12 \u2013 14 semaines<\/p>\n<p><span style=\"text-decoration: underline;\"><a href=\"https:\/\/www.theinvisiblecollection.com\/fr\/contact-produit\/?product_id=46420\" target=\"_blank\" rel=\"noopener\">Contactez-nous pour toute demande de devis ou de renseignements\u00a0<\/a><\/span><\/p>\n","protected":false},"featured_media":5838913,"template":"","meta":{"_acf_changed":false,"content-type":"","_themeisle_gutenberg_block_has_review":false},"product_brand":[],"product_cat":[8962,12499],"product_tag":[8942,9017,10138,10366,10855,11097,11098,11225,11235,35206],"product_designer":[10154,10638],"comfabric":[29238],"manufacturer":[16874],"reporting_designer":[37612],"samplecomfabric":[29926],"designer_clubroom":[],"class_list":{"0":"post-46420","1":"product","2":"type-product","3":"status-publish","4":"has-post-thumbnail","6":"product_cat-chaises","7":"product_cat-assises","8":"product_tag-assise","9":"product_tag-chaise","10":"product_tag-chaise-fr-2","11":"product_tag-table-salle-a-manger","12":"product_tag-franck-fr-fr","13":"product_tag-ecart-fr","14":"product_tag-ecart-international-fr","15":"product_tag-reissue-issue-fr","16":"product_tag-reedition-fr-fr","17":"product_tag-exclusive-fr","18":"product_designer-jean-michel-frank-fr","19":"product_designer-ecart-international-fr","20":"comfabric-ecart-international-atelier-fr","21":"manufacturer-ecart-international-argentat","22":"reporting_designer-ecart-international","23":"samplecomfabric-ecart-international-atelier-fr","25":"first","26":"instock","27":"taxable","28":"shipping-taxable","29":"purchasable","30":"product-type-variable"},"acf":[],"_links":{"self":[{"href":"https:\/\/theinvisiblecollection.com\/fr\/wp-json\/wp\/v2\/product\/46420","targetHints":{"allow":["GET"]}}],"collection":[{"href":"https:\/\/theinvisiblecollection.com\/fr\/wp-json\/wp\/v2\/product"}],"about":[{"href":"https:\/\/theinvisiblecollection.com\/fr\/wp-json\/wp\/v2\/types\/product"}],"wp:featuredmedia":[{"embeddable":true,"href":"https:\/\/theinvisiblecollection.com\/fr\/wp-json\/wp\/v2\/media\/5838913"}],"wp:attachment":[{"href":"https:\/\/theinvisiblecollection.com\/fr\/wp-json\/wp\/v2\/media?parent=46420"}],"wp:term":[{"taxonomy":"product_brand","embeddable":true,"href":"https:\/\/theinvisiblecollection.com\/fr\/wp-json\/wp\/v2\/product_brand?post=46420"},{"taxonomy":"product_cat","embeddable":true,"href":"https:\/\/theinvisiblecollection.com\/fr\/wp-json\/wp\/v2\/product_cat?post=46420"},{"taxonomy":"product_tag","embeddable":true,"href":"https:\/\/theinvisiblecollection.com\/fr\/wp-json\/wp\/v2\/product_tag?post=46420"},{"taxonomy":"product_designer","embeddable":true,"href":"https:\/\/theinvisiblecollection.com\/fr\/wp-json\/wp\/v2\/product_designer?post=46420"},{"taxonomy":"comfabric","embeddable":true,"href":"https:\/\/theinvisiblecollection.com\/fr\/wp-json\/wp\/v2\/comfabric?post=46420"},{"taxonomy":"manufacturer","embeddable":true,"href":"https:\/\/theinvisiblecollection.com\/fr\/wp-json\/wp\/v2\/manufacturer?post=46420"},{"taxonomy":"reporting_designer","embeddable":true,"href":"https:\/\/theinvisiblecollection.com\/fr\/wp-json\/wp\/v2\/reporting_designer?post=46420"},{"taxonomy":"samplecomfabric","embeddable":true,"href":"https:\/\/theinvisiblecollection.com\/fr\/wp-json\/wp\/v2\/samplecomfabric?post=46420"},{"taxonomy":"clubroom_product_designer","embeddable":true,"href":"https:\/\/theinvisiblecollection.com\/fr\/wp-json\/wp\/v2\/designer_clubroom?post=46420"}],"curies":[{"name":"wp","href":"https:\/\/api.w.org\/{rel}","templated":true}]}}