{"id":46494,"date":"2020-07-13T15:09:54","date_gmt":"2020-07-13T15:09:54","guid":{"rendered":"https:\/\/www.theinvisiblecollection.com\/?post_type=product&#038;p=46494"},"modified":"2026-05-01T07:39:37","modified_gmt":"2026-05-01T07:39:37","slug":"jean-michel-frank-meuble-dappui-1925","status":"publish","type":"product","link":"https:\/\/theinvisiblecollection.com\/fr\/produit\/jean-michel-frank-meuble-dappui-1925\/","title":{"rendered":"Meuble D&#8217;Appui 1925"},"content":{"rendered":"","protected":false},"excerpt":{"rendered":"<p>Co-con\u00e7u avec\u00a0Adolphe Chanaux<br \/>\nJean-Michel Frank r\u00e9\u00e9dit\u00e9 par Ecart International<br \/>\nMeuble d\u2019appui en ch\u00eane arrach\u00e9 \u00e0 la gouge<br \/>\nInt\u00e9rieur tablettes en ch\u00eane<br \/>\nTeintes disponibles : naturel, marron, wenge et noir<br \/>\n<a href=\"https:\/\/www.theinvisiblecollection.com\/wp-content\/uploads\/2020\/06\/TIC_Ecart_Sample_Wood_Ecart_Design_FR.pdf\" target=\"_blank\" rel=\"noopener\">D\u00e9couvrez la s\u00e9lection de bois Ecart ici<\/a><\/p>\n<p>L 105 x l 37.5 x H 130 cm<\/p>\n<p class=\"p1\">Indisponible aux Etats-Unis<br \/>\nFabriqu\u00e9 \u00e0 la main en France<br \/>\nD\u00e9lais de production : 12 &#8211; 14 semaines<\/p>\n<p><span style=\"text-decoration: underline;\"><a href=\"https:\/\/www.theinvisiblecollection.com\/fr\/contact-produit\/?product_id=60216\">Contactez-nous pour toute demande de devis ou de renseignements\u00a0<\/a><\/span><\/p>\n","protected":false},"featured_media":5838892,"template":"","meta":{"_acf_changed":false,"content-type":"","_themeisle_gutenberg_block_has_review":false},"product_brand":[],"product_cat":[12505,13076,8957],"product_tag":[9860,10855,11097,11098,11225,11235,35206,9001],"product_designer":[10638,10154],"comfabric":[29238],"manufacturer":[16874],"reporting_designer":[37612],"samplecomfabric":[29926],"designer_clubroom":[],"class_list":{"0":"post-46494","1":"product","2":"type-product","3":"status-publish","4":"has-post-thumbnail","6":"product_cat-rangements","7":"product_cat-bureau-a-la-maison","8":"product_cat-commodes","9":"product_tag-armoire-fr","10":"product_tag-franck-fr-fr","11":"product_tag-ecart-fr","12":"product_tag-ecart-international-fr","13":"product_tag-reissue-issue-fr","14":"product_tag-reedition-fr-fr","15":"product_tag-exclusive-fr","16":"product_tag-chene","17":"product_designer-ecart-international-fr","18":"product_designer-jean-michel-frank-fr","19":"comfabric-ecart-international-atelier-fr","20":"manufacturer-ecart-international-argentat","21":"reporting_designer-ecart-international","22":"samplecomfabric-ecart-international-atelier-fr","24":"first","25":"instock","26":"taxable","27":"shipping-taxable","28":"purchasable","29":"product-type-variable"},"acf":[],"_links":{"self":[{"href":"https:\/\/theinvisiblecollection.com\/fr\/wp-json\/wp\/v2\/product\/46494","targetHints":{"allow":["GET"]}}],"collection":[{"href":"https:\/\/theinvisiblecollection.com\/fr\/wp-json\/wp\/v2\/product"}],"about":[{"href":"https:\/\/theinvisiblecollection.com\/fr\/wp-json\/wp\/v2\/types\/product"}],"wp:featuredmedia":[{"embeddable":true,"href":"https:\/\/theinvisiblecollection.com\/fr\/wp-json\/wp\/v2\/media\/5838892"}],"wp:attachment":[{"href":"https:\/\/theinvisiblecollection.com\/fr\/wp-json\/wp\/v2\/media?parent=46494"}],"wp:term":[{"taxonomy":"product_brand","embeddable":true,"href":"https:\/\/theinvisiblecollection.com\/fr\/wp-json\/wp\/v2\/product_brand?post=46494"},{"taxonomy":"product_cat","embeddable":true,"href":"https:\/\/theinvisiblecollection.com\/fr\/wp-json\/wp\/v2\/product_cat?post=46494"},{"taxonomy":"product_tag","embeddable":true,"href":"https:\/\/theinvisiblecollection.com\/fr\/wp-json\/wp\/v2\/product_tag?post=46494"},{"taxonomy":"product_designer","embeddable":true,"href":"https:\/\/theinvisiblecollection.com\/fr\/wp-json\/wp\/v2\/product_designer?post=46494"},{"taxonomy":"comfabric","embeddable":true,"href":"https:\/\/theinvisiblecollection.com\/fr\/wp-json\/wp\/v2\/comfabric?post=46494"},{"taxonomy":"manufacturer","embeddable":true,"href":"https:\/\/theinvisiblecollection.com\/fr\/wp-json\/wp\/v2\/manufacturer?post=46494"},{"taxonomy":"reporting_designer","embeddable":true,"href":"https:\/\/theinvisiblecollection.com\/fr\/wp-json\/wp\/v2\/reporting_designer?post=46494"},{"taxonomy":"samplecomfabric","embeddable":true,"href":"https:\/\/theinvisiblecollection.com\/fr\/wp-json\/wp\/v2\/samplecomfabric?post=46494"},{"taxonomy":"clubroom_product_designer","embeddable":true,"href":"https:\/\/theinvisiblecollection.com\/fr\/wp-json\/wp\/v2\/designer_clubroom?post=46494"}],"curies":[{"name":"wp","href":"https:\/\/api.w.org\/{rel}","templated":true}]}}