{"id":46506,"date":"2020-07-13T15:32:55","date_gmt":"2020-07-13T15:32:55","guid":{"rendered":"https:\/\/www.theinvisiblecollection.com\/?post_type=product&#038;p=46506"},"modified":"2026-05-01T07:39:37","modified_gmt":"2026-05-01T07:39:37","slug":"jean-michel-frank-bridge-rotin-1925","status":"publish","type":"product","link":"https:\/\/theinvisiblecollection.com\/fr\/produit\/jean-michel-frank-bridge-rotin-1925\/","title":{"rendered":"Bridge Rotin 1925"},"content":{"rendered":"","protected":false},"excerpt":{"rendered":"<p>Co-con\u00e7u avec\u00a0Adolphe Chanaux<br \/>\nJean-Michel Frank r\u00e9\u00e9dit\u00e9 par Ecart International<br \/>\nChassis en bois recouvert d\u2019un tressage de lames de rotin naturel<em><br \/>\n<\/em><\/p>\n<p>L 56 x l 59 x H 85 cm<br \/>\nHauteur d\u2019assise : 46 cm<\/p>\n<p>Indisponible aux Etats-Unis<br \/>\nFabriqu\u00e9 \u00e0 la main en France<br \/>\nD\u00e9lais de production : 12 &#8211; 14 semaines<\/p>\n<p><span style=\"text-decoration: underline;\"><a href=\"https:\/\/www.theinvisiblecollection.com\/fr\/contact-produit\/?product_id=46506\">Contactez-nous pour toute demande de devis ou de renseignements\u00a0<\/a><\/span><\/p>\n","protected":false},"featured_media":5838948,"template":"","meta":{"_acf_changed":false,"content-type":"","_themeisle_gutenberg_block_has_review":false},"product_brand":[],"product_cat":[8962,12499],"product_tag":[11098,11225,11235,35206,9075,10138,10366,10855,11097],"product_designer":[10154,10638],"comfabric":[29238],"manufacturer":[16874],"reporting_designer":[37612],"samplecomfabric":[29926],"designer_clubroom":[],"class_list":{"0":"post-46506","1":"product","2":"type-product","3":"status-publish","4":"has-post-thumbnail","6":"product_cat-chaises","7":"product_cat-assises","8":"product_tag-ecart-international-fr","9":"product_tag-reissue-issue-fr","10":"product_tag-reedition-fr-fr","11":"product_tag-exclusive-fr","12":"product_tag-rottin","13":"product_tag-chaise-fr-2","14":"product_tag-table-salle-a-manger","15":"product_tag-franck-fr-fr","16":"product_tag-ecart-fr","17":"product_designer-jean-michel-frank-fr","18":"product_designer-ecart-international-fr","19":"comfabric-ecart-international-atelier-fr","20":"manufacturer-ecart-international-argentat","21":"reporting_designer-ecart-international","22":"samplecomfabric-ecart-international-atelier-fr","24":"first","25":"instock","26":"taxable","27":"shipping-taxable","28":"purchasable","29":"product-type-simple"},"acf":[],"_links":{"self":[{"href":"https:\/\/theinvisiblecollection.com\/fr\/wp-json\/wp\/v2\/product\/46506","targetHints":{"allow":["GET"]}}],"collection":[{"href":"https:\/\/theinvisiblecollection.com\/fr\/wp-json\/wp\/v2\/product"}],"about":[{"href":"https:\/\/theinvisiblecollection.com\/fr\/wp-json\/wp\/v2\/types\/product"}],"wp:featuredmedia":[{"embeddable":true,"href":"https:\/\/theinvisiblecollection.com\/fr\/wp-json\/wp\/v2\/media\/5838948"}],"wp:attachment":[{"href":"https:\/\/theinvisiblecollection.com\/fr\/wp-json\/wp\/v2\/media?parent=46506"}],"wp:term":[{"taxonomy":"product_brand","embeddable":true,"href":"https:\/\/theinvisiblecollection.com\/fr\/wp-json\/wp\/v2\/product_brand?post=46506"},{"taxonomy":"product_cat","embeddable":true,"href":"https:\/\/theinvisiblecollection.com\/fr\/wp-json\/wp\/v2\/product_cat?post=46506"},{"taxonomy":"product_tag","embeddable":true,"href":"https:\/\/theinvisiblecollection.com\/fr\/wp-json\/wp\/v2\/product_tag?post=46506"},{"taxonomy":"product_designer","embeddable":true,"href":"https:\/\/theinvisiblecollection.com\/fr\/wp-json\/wp\/v2\/product_designer?post=46506"},{"taxonomy":"comfabric","embeddable":true,"href":"https:\/\/theinvisiblecollection.com\/fr\/wp-json\/wp\/v2\/comfabric?post=46506"},{"taxonomy":"manufacturer","embeddable":true,"href":"https:\/\/theinvisiblecollection.com\/fr\/wp-json\/wp\/v2\/manufacturer?post=46506"},{"taxonomy":"reporting_designer","embeddable":true,"href":"https:\/\/theinvisiblecollection.com\/fr\/wp-json\/wp\/v2\/reporting_designer?post=46506"},{"taxonomy":"samplecomfabric","embeddable":true,"href":"https:\/\/theinvisiblecollection.com\/fr\/wp-json\/wp\/v2\/samplecomfabric?post=46506"},{"taxonomy":"clubroom_product_designer","embeddable":true,"href":"https:\/\/theinvisiblecollection.com\/fr\/wp-json\/wp\/v2\/designer_clubroom?post=46506"}],"curies":[{"name":"wp","href":"https:\/\/api.w.org\/{rel}","templated":true}]}}