{"id":46523,"date":"2021-05-25T23:00:55","date_gmt":"2021-05-25T22:00:55","guid":{"rendered":"https:\/\/www.theinvisiblecollection.com\/?post_type=product&#038;p=46523"},"modified":"2026-05-01T07:39:37","modified_gmt":"2026-05-01T07:39:37","slug":"jean-michel-frank-bergere-rotin-1925","status":"publish","type":"product","link":"https:\/\/theinvisiblecollection.com\/fr\/produit\/jean-michel-frank-bergere-rotin-1925\/","title":{"rendered":"Berg\u00e8re Rotin 1925"},"content":{"rendered":"","protected":false},"excerpt":{"rendered":"<p>Co-con\u00e7ue avec Adolphe Chanaux<br \/>\nJean-Michel Frank r\u00e9\u00e9dit\u00e9e par Ecart International<br \/>\nChassis en bois recouvert d\u2019un tressage de lames de rotin naturel<br \/>\nCoussin d\u2019assise optionnel en tissu Ecart ou en blanc sans tissu<br \/>\n<span style=\"text-decoration: underline;\"><a href=\"https:\/\/theinvisiblecollection.com\/wp-content\/uploads\/2022\/02\/TheInvisibleCollection_EcartInternational_FabricSelection_compressed.pdf\" target=\"_blank\" rel=\"noopener\">D\u00e9couvrez la s\u00e9lection de tissus Ecart ici<\/a><\/span><\/p>\n<p>L 51 x l 79 x H 79 cm<br \/>\nHauteur d\u2019assise :\u00a038 cm<br \/>\nTissu requis : 2 m<\/p>\n<p class=\"p1\">Indisponible aux Etats-Unis<br \/>\nFabriqu\u00e9e \u00e0 la main en France<br \/>\nD\u00e9lais de production : 12 &#8211; 14 semaines<\/p>\n<p><span style=\"text-decoration: underline;\"><a href=\"https:\/\/www.theinvisiblecollection.com\/fr\/contact-produit\/?product_id=46523\">Contactez-nous pour toute demande de devis ou de renseignements<\/a><\/span><\/p>\n","protected":false},"featured_media":5838970,"template":"","meta":{"_acf_changed":false,"content-type":"","_themeisle_gutenberg_block_has_review":false},"product_brand":[],"product_cat":[12499,8962],"product_tag":[9075,10138,10366,10855,11097,11098,11225,11235,35206,9017],"product_designer":[10638,10154],"comfabric":[29238],"manufacturer":[16874],"reporting_designer":[37612],"samplecomfabric":[29926],"designer_clubroom":[],"class_list":{"0":"post-46523","1":"product","2":"type-product","3":"status-publish","4":"has-post-thumbnail","6":"product_cat-assises","7":"product_cat-chaises","8":"product_tag-rottin","9":"product_tag-chaise-fr-2","10":"product_tag-table-salle-a-manger","11":"product_tag-franck-fr-fr","12":"product_tag-ecart-fr","13":"product_tag-ecart-international-fr","14":"product_tag-reissue-issue-fr","15":"product_tag-reedition-fr-fr","16":"product_tag-exclusive-fr","17":"product_tag-chaise","18":"pa_accessory-coussin-en-blanc-sans-tissu-fr","19":"pa_accessory-coussin-en-tissu-ecart","20":"pa_accessory-sans-coussin-fr","21":"product_designer-ecart-international-fr","22":"product_designer-jean-michel-frank-fr","23":"comfabric-ecart-international-atelier-fr","24":"manufacturer-ecart-international-argentat","25":"reporting_designer-ecart-international","26":"samplecomfabric-ecart-international-atelier-fr","28":"first","29":"instock","30":"featured","31":"taxable","32":"shipping-taxable","33":"purchasable","34":"product-type-variable"},"acf":[],"_links":{"self":[{"href":"https:\/\/theinvisiblecollection.com\/fr\/wp-json\/wp\/v2\/product\/46523","targetHints":{"allow":["GET"]}}],"collection":[{"href":"https:\/\/theinvisiblecollection.com\/fr\/wp-json\/wp\/v2\/product"}],"about":[{"href":"https:\/\/theinvisiblecollection.com\/fr\/wp-json\/wp\/v2\/types\/product"}],"wp:featuredmedia":[{"embeddable":true,"href":"https:\/\/theinvisiblecollection.com\/fr\/wp-json\/wp\/v2\/media\/5838970"}],"wp:attachment":[{"href":"https:\/\/theinvisiblecollection.com\/fr\/wp-json\/wp\/v2\/media?parent=46523"}],"wp:term":[{"taxonomy":"product_brand","embeddable":true,"href":"https:\/\/theinvisiblecollection.com\/fr\/wp-json\/wp\/v2\/product_brand?post=46523"},{"taxonomy":"product_cat","embeddable":true,"href":"https:\/\/theinvisiblecollection.com\/fr\/wp-json\/wp\/v2\/product_cat?post=46523"},{"taxonomy":"product_tag","embeddable":true,"href":"https:\/\/theinvisiblecollection.com\/fr\/wp-json\/wp\/v2\/product_tag?post=46523"},{"taxonomy":"product_designer","embeddable":true,"href":"https:\/\/theinvisiblecollection.com\/fr\/wp-json\/wp\/v2\/product_designer?post=46523"},{"taxonomy":"comfabric","embeddable":true,"href":"https:\/\/theinvisiblecollection.com\/fr\/wp-json\/wp\/v2\/comfabric?post=46523"},{"taxonomy":"manufacturer","embeddable":true,"href":"https:\/\/theinvisiblecollection.com\/fr\/wp-json\/wp\/v2\/manufacturer?post=46523"},{"taxonomy":"reporting_designer","embeddable":true,"href":"https:\/\/theinvisiblecollection.com\/fr\/wp-json\/wp\/v2\/reporting_designer?post=46523"},{"taxonomy":"samplecomfabric","embeddable":true,"href":"https:\/\/theinvisiblecollection.com\/fr\/wp-json\/wp\/v2\/samplecomfabric?post=46523"},{"taxonomy":"clubroom_product_designer","embeddable":true,"href":"https:\/\/theinvisiblecollection.com\/fr\/wp-json\/wp\/v2\/designer_clubroom?post=46523"}],"curies":[{"name":"wp","href":"https:\/\/api.w.org\/{rel}","templated":true}]}}