{"id":46556,"date":"2020-07-13T16:15:57","date_gmt":"2020-07-13T16:15:57","guid":{"rendered":"https:\/\/www.theinvisiblecollection.com\/?post_type=product&#038;p=46556"},"modified":"2026-05-01T07:39:37","modified_gmt":"2026-05-01T07:39:37","slug":"jean-michel-frank-table-ronde-1935","status":"publish","type":"product","link":"https:\/\/theinvisiblecollection.com\/fr\/produit\/jean-michel-frank-table-ronde-1935\/","title":{"rendered":"Table Ronde 1935"},"content":{"rendered":"","protected":false},"excerpt":{"rendered":"<p>Co-con\u00e7ue avec Adolphe Chanaux<br \/>\nJean-Michel Frank r\u00e9\u00e9dit\u00e9e par Ecart International<br \/>\nPlateaux et structure en ch\u00eane ou en ch\u00eane sabl\u00e9<br \/>\nTeintes disponibles : naturel, marron, weng\u00e9 et noir<br \/>\n<span style=\"text-decoration: underline;\"><a href=\"https:\/\/www.theinvisiblecollection.com\/wp-content\/uploads\/2020\/11\/TheInvisibleCollection_EcartInternational_WoodSamples_Oak_And_SandblastedOak.pdf\" target=\"_blank\" rel=\"noopener\">D\u00e9couvrez la s\u00e9lection de bois Ecart ici<\/a><\/span><\/p>\n<p>\u00d8 150 x H 74 cm<\/p>\n<p>Indisponible aux Etats-Unis<br \/>\nFabriqu\u00e9e \u00e0 la main en France<br \/>\nD\u00e9lais de production : 12 &#8211; 14 semaines<\/p>\n<p><span style=\"text-decoration: underline;\"><a href=\"https:\/\/www.theinvisiblecollection.com\/fr\/demande-de-devis\/?product_id=46556\">Contactez-nous pour toute demande de devis ou de renseignements<\/a><\/span><\/p>\n","protected":false},"featured_media":5840043,"template":"","meta":{"_acf_changed":false,"content-type":"","_themeisle_gutenberg_block_has_review":false},"product_brand":[],"product_cat":[8977,12503],"product_tag":[10366,10855,11097,11098,11225,11235,35206,9001,9432],"product_designer":[10154,10638],"comfabric":[29238],"manufacturer":[16874],"reporting_designer":[37612],"samplecomfabric":[29926],"designer_clubroom":[],"class_list":{"0":"post-46556","1":"product","2":"type-product","3":"status-publish","4":"has-post-thumbnail","6":"product_cat-tables-salle-a-manger","7":"product_cat-tables-fr","8":"product_tag-table-salle-a-manger","9":"product_tag-franck-fr-fr","10":"product_tag-ecart-fr","11":"product_tag-ecart-international-fr","12":"product_tag-reissue-issue-fr","13":"product_tag-reedition-fr-fr","14":"product_tag-exclusive-fr","15":"product_tag-chene","16":"product_tag-rond","17":"product_designer-jean-michel-frank-fr","18":"product_designer-ecart-international-fr","19":"comfabric-ecart-international-atelier-fr","20":"manufacturer-ecart-international-argentat","21":"reporting_designer-ecart-international","22":"samplecomfabric-ecart-international-atelier-fr","24":"first","25":"instock","26":"taxable","27":"shipping-taxable","28":"purchasable","29":"product-type-variable"},"acf":[],"_links":{"self":[{"href":"https:\/\/theinvisiblecollection.com\/fr\/wp-json\/wp\/v2\/product\/46556","targetHints":{"allow":["GET"]}}],"collection":[{"href":"https:\/\/theinvisiblecollection.com\/fr\/wp-json\/wp\/v2\/product"}],"about":[{"href":"https:\/\/theinvisiblecollection.com\/fr\/wp-json\/wp\/v2\/types\/product"}],"wp:featuredmedia":[{"embeddable":true,"href":"https:\/\/theinvisiblecollection.com\/fr\/wp-json\/wp\/v2\/media\/5840043"}],"wp:attachment":[{"href":"https:\/\/theinvisiblecollection.com\/fr\/wp-json\/wp\/v2\/media?parent=46556"}],"wp:term":[{"taxonomy":"product_brand","embeddable":true,"href":"https:\/\/theinvisiblecollection.com\/fr\/wp-json\/wp\/v2\/product_brand?post=46556"},{"taxonomy":"product_cat","embeddable":true,"href":"https:\/\/theinvisiblecollection.com\/fr\/wp-json\/wp\/v2\/product_cat?post=46556"},{"taxonomy":"product_tag","embeddable":true,"href":"https:\/\/theinvisiblecollection.com\/fr\/wp-json\/wp\/v2\/product_tag?post=46556"},{"taxonomy":"product_designer","embeddable":true,"href":"https:\/\/theinvisiblecollection.com\/fr\/wp-json\/wp\/v2\/product_designer?post=46556"},{"taxonomy":"comfabric","embeddable":true,"href":"https:\/\/theinvisiblecollection.com\/fr\/wp-json\/wp\/v2\/comfabric?post=46556"},{"taxonomy":"manufacturer","embeddable":true,"href":"https:\/\/theinvisiblecollection.com\/fr\/wp-json\/wp\/v2\/manufacturer?post=46556"},{"taxonomy":"reporting_designer","embeddable":true,"href":"https:\/\/theinvisiblecollection.com\/fr\/wp-json\/wp\/v2\/reporting_designer?post=46556"},{"taxonomy":"samplecomfabric","embeddable":true,"href":"https:\/\/theinvisiblecollection.com\/fr\/wp-json\/wp\/v2\/samplecomfabric?post=46556"},{"taxonomy":"clubroom_product_designer","embeddable":true,"href":"https:\/\/theinvisiblecollection.com\/fr\/wp-json\/wp\/v2\/designer_clubroom?post=46556"}],"curies":[{"name":"wp","href":"https:\/\/api.w.org\/{rel}","templated":true}]}}