{"id":4683825,"date":"2024-01-25T14:40:26","date_gmt":"2024-01-25T14:40:26","guid":{"rendered":"https:\/\/theinvisiblecollection.com\/?post_type=product&#038;p=4683825"},"modified":"2026-05-01T07:37:46","modified_gmt":"2026-05-01T07:37:46","slug":"victoria-magniant-bureau-ki-chene","status":"publish","type":"product","link":"https:\/\/theinvisiblecollection.com\/fr\/produit\/victoria-magniant-bureau-ki-chene\/","title":{"rendered":"Bureau Ki Ch\u00eane"},"content":{"rendered":"<p style=\"text-align: justify;\">La rigueur et la finesse des lignes du bureau KI met en valeur la beaut\u00e9 naturelle du bois centenaire, sourc\u00e9 dans les for\u00eats fran\u00e7aises. Nous utilisons du ch\u00eane, du noyer ou du fr\u00eane massif, fa\u00e7onn\u00e9s dans nos ateliers o\u00f9 savoir-faire traditionnel et techniques modernes se rejoignent. Chaque meuble, unique, est travaill\u00e9 \u00e0 la main avec des textures et des assemblages pr\u00e9cis, en respectant les normes les plus strictes de durabilit\u00e9. Nous minimisons l\u2019utilisation de colle, et utilisons uniquement des produits hydrofuges. &#8220;J\u2019appr\u00e9cie les mat\u00e9riaux mall\u00e9ables mais impr\u00e9visibles. Le bois massif \u00e9volue avec le temps, pr\u00e9servant une part de libert\u00e9 qui le rend toujours surprenant. Cette unicit\u00e9 refl\u00e8te la nature elle-m\u00eame, indomptable.&#8221; Victoria Magniant<\/p>\n","protected":false},"excerpt":{"rendered":"<p>\u00c9dition limit\u00e9e de 8 pi\u00e8ces et 4 \u00e9preuves d&#8217;artiste<br \/>\nBureau en fr\u00eane br\u00fbl\u00e9 avec le proc\u00e9d\u00e9 ancestral du Yakisugi<br \/>\nBois et dimensions sur-mesure sur demande<\/p>\n<p>L 115 x l 53 x H 75 cm<\/p>\n<p>Fabriqu\u00e9 \u00e0 la main en France<br \/>\nD\u00e9lais de fabrication : 12 &#8211; 14 semaines<\/p>\n<p><span style=\"text-decoration: underline;\"><span class=\"s1\"><a href=\"https:\/\/www.theinvisiblecollection.com\/fr\/contact-produit\/?product_id=772282\">Contactez-nous pour toute demande de devis ou de renseignement<\/a><\/span><\/span><\/p>\n","protected":false},"featured_media":5715071,"template":"","meta":{"_acf_changed":false,"content-type":"","_themeisle_gutenberg_block_has_review":false},"product_brand":[],"product_cat":[7704,12503],"product_tag":[7435,33319],"product_designer":[11131],"comfabric":[],"manufacturer":[19094],"reporting_designer":[37391],"samplecomfabric":[],"designer_clubroom":[],"class_list":{"0":"post-4683825","1":"product","2":"type-product","3":"status-publish","4":"has-post-thumbnail","6":"product_cat-bureaux-fr","7":"product_cat-tables-fr","8":"product_tag-new-in-fr","9":"product_tag-edition-limitee","10":"pa_size-grand-fr","11":"pa_size-petit","12":"product_designer-victoria-magniant-fr","13":"manufacturer-victoria-magniant-sas-atl-ebeniste-fr","14":"reporting_designer-victoria-magniant","16":"first","17":"instock","18":"taxable","19":"shipping-taxable","20":"purchasable","21":"product-type-variable"},"acf":[],"_links":{"self":[{"href":"https:\/\/theinvisiblecollection.com\/fr\/wp-json\/wp\/v2\/product\/4683825","targetHints":{"allow":["GET"]}}],"collection":[{"href":"https:\/\/theinvisiblecollection.com\/fr\/wp-json\/wp\/v2\/product"}],"about":[{"href":"https:\/\/theinvisiblecollection.com\/fr\/wp-json\/wp\/v2\/types\/product"}],"wp:featuredmedia":[{"embeddable":true,"href":"https:\/\/theinvisiblecollection.com\/fr\/wp-json\/wp\/v2\/media\/5715071"}],"wp:attachment":[{"href":"https:\/\/theinvisiblecollection.com\/fr\/wp-json\/wp\/v2\/media?parent=4683825"}],"wp:term":[{"taxonomy":"product_brand","embeddable":true,"href":"https:\/\/theinvisiblecollection.com\/fr\/wp-json\/wp\/v2\/product_brand?post=4683825"},{"taxonomy":"product_cat","embeddable":true,"href":"https:\/\/theinvisiblecollection.com\/fr\/wp-json\/wp\/v2\/product_cat?post=4683825"},{"taxonomy":"product_tag","embeddable":true,"href":"https:\/\/theinvisiblecollection.com\/fr\/wp-json\/wp\/v2\/product_tag?post=4683825"},{"taxonomy":"product_designer","embeddable":true,"href":"https:\/\/theinvisiblecollection.com\/fr\/wp-json\/wp\/v2\/product_designer?post=4683825"},{"taxonomy":"comfabric","embeddable":true,"href":"https:\/\/theinvisiblecollection.com\/fr\/wp-json\/wp\/v2\/comfabric?post=4683825"},{"taxonomy":"manufacturer","embeddable":true,"href":"https:\/\/theinvisiblecollection.com\/fr\/wp-json\/wp\/v2\/manufacturer?post=4683825"},{"taxonomy":"reporting_designer","embeddable":true,"href":"https:\/\/theinvisiblecollection.com\/fr\/wp-json\/wp\/v2\/reporting_designer?post=4683825"},{"taxonomy":"samplecomfabric","embeddable":true,"href":"https:\/\/theinvisiblecollection.com\/fr\/wp-json\/wp\/v2\/samplecomfabric?post=4683825"},{"taxonomy":"clubroom_product_designer","embeddable":true,"href":"https:\/\/theinvisiblecollection.com\/fr\/wp-json\/wp\/v2\/designer_clubroom?post=4683825"}],"curies":[{"name":"wp","href":"https:\/\/api.w.org\/{rel}","templated":true}]}}