{"id":4684101,"date":"2024-02-20T10:52:56","date_gmt":"2024-02-20T10:52:56","guid":{"rendered":"https:\/\/theinvisiblecollection.com\/?post_type=product&#038;p=4684101"},"modified":"2026-05-01T07:37:46","modified_gmt":"2026-05-01T07:37:46","slug":"pierre-augustin-rose-fauteuil-cadillac-laiton","status":"publish","type":"product","link":"https:\/\/theinvisiblecollection.com\/fr\/produit\/pierre-augustin-rose-fauteuil-cadillac-laiton\/","title":{"rendered":"Fauteuil Cadillac Laiton"},"content":{"rendered":"<p style=\"text-align: justify;\"><span data-contrast=\"auto\">Le fauteuil Cadillac,\u00a0cr\u00e9\u00e9\u00a0par la Maison\u00a0Erton\u00a0dans les\u00a0ann\u00e9es\u00a01950,\u00a0est\u00a0la\u00a0toute\u00a0premi\u00e8re<\/span><span data-ccp-props=\"{&quot;201341983&quot;:0,&quot;335559740&quot;:259}\">\u00a0<\/span><span data-contrast=\"auto\">r\u00e9\u00e9dition de Pierre Augustin Rose. Une alliance d\u2019esth\u00e9tique, de fantaisie et de rigueur.<\/span><\/p>\n","protected":false},"excerpt":{"rendered":"<p>Fauteuil r\u00e9\u00e9dit\u00e9 par Pierre Augustin Rose<br \/>\nCr\u00e9\u00e9 \u00e0 l&#8217;origine par la Maison Erton dans les ann\u00e9es 50<br \/>\nPeut \u00eatre assembl\u00e9 avec l&#8217;<span style=\"text-decoration: underline;\"><a href=\"https:\/\/theinvisiblecollection.com\/fr\/produit\/pierre-augustin-rose-ottoman-cadillac\/\" target=\"_blank\" rel=\"noopener\">Ottoman Cadillac<\/a><\/span><br \/>\nPhotographi\u00e9 ici en tissu Teddy Mohair de Pierre Frey, couleur : Sable 026<br \/>\n<a href=\"https:\/\/theinvisiblecollection.com\/wp-content\/uploads\/2022\/02\/TheInvisibleCollection_PierreAugustinRose_PierreFrey_FabricSelection_compressed-compresse.pdf\" target=\"_blank\" rel=\"noopener\"><span style=\"text-decoration: underline;\">D\u00e9couvrez la s\u00e9lection de tissus ici<\/span><\/a><br \/>\nPi\u00e8tement en ch\u00eane peints en noir<\/p>\n<p>L 104 x l 68 x H 93 cm<br \/>\nTissu requis : 5 m<br \/>\nHauteur d&#8217;assise : 22 cm<\/p>\n<p>Fabriqu\u00e9 \u00e0 la main en Europe<br \/>\nD\u00e9lais de production : 12 &#8211; 14 semaines<\/p>\n<p><span style=\"text-decoration: underline;\"><a href=\"https:\/\/www.theinvisiblecollection.com\/fr\/demande-de-devis\/?product_id=104979\" target=\"_blank\" rel=\"noopener\">Contactez-nous pour toute demande de devis ou de renseignement<\/a><\/span><\/p>\n","protected":false},"featured_media":4684114,"template":"","meta":{"_acf_changed":false,"content-type":"","_themeisle_gutenberg_block_has_review":false},"product_brand":[],"product_cat":[12499,13076,8945],"product_tag":[14926,35206,14925],"product_designer":[8908],"comfabric":[29018],"manufacturer":[16828],"reporting_designer":[37607],"samplecomfabric":[30018],"designer_clubroom":[],"class_list":{"0":"post-4684101","1":"product","2":"type-product","3":"status-publish","4":"has-post-thumbnail","6":"product_cat-assises","7":"product_cat-bureau-a-la-maison","8":"product_cat-fauteuils","9":"product_tag-hplstfav-fr","10":"product_tag-exclusive-fr","11":"product_tag-hpfav-fr","12":"pa_fabric-en-blanc-sans-tissu-fr","13":"pa_fabric-pierre-frey-angkor-fr","14":"pa_fabric-pierre-frey-arsene-fr","15":"pa_fabric-pierre-frey-tissu-louison","16":"pa_fabric-pierre-frey-opio-fr","17":"pa_fabric-pierre-frey-teddy-mohair-fr","18":"product_designer-pierre-augustin-rose-fr","19":"comfabric-pierre-augustin-rose-fr","20":"manufacturer-charvin-logistics-saint-ouen-la-ex-egetra-fr","21":"reporting_designer-pierre-augustin-rose","22":"samplecomfabric-pierre-augustin-rose-fr","24":"first","25":"instock","26":"taxable","27":"shipping-taxable","28":"purchasable","29":"product-type-variable"},"acf":[],"_links":{"self":[{"href":"https:\/\/theinvisiblecollection.com\/fr\/wp-json\/wp\/v2\/product\/4684101","targetHints":{"allow":["GET"]}}],"collection":[{"href":"https:\/\/theinvisiblecollection.com\/fr\/wp-json\/wp\/v2\/product"}],"about":[{"href":"https:\/\/theinvisiblecollection.com\/fr\/wp-json\/wp\/v2\/types\/product"}],"wp:featuredmedia":[{"embeddable":true,"href":"https:\/\/theinvisiblecollection.com\/fr\/wp-json\/wp\/v2\/media\/4684114"}],"wp:attachment":[{"href":"https:\/\/theinvisiblecollection.com\/fr\/wp-json\/wp\/v2\/media?parent=4684101"}],"wp:term":[{"taxonomy":"product_brand","embeddable":true,"href":"https:\/\/theinvisiblecollection.com\/fr\/wp-json\/wp\/v2\/product_brand?post=4684101"},{"taxonomy":"product_cat","embeddable":true,"href":"https:\/\/theinvisiblecollection.com\/fr\/wp-json\/wp\/v2\/product_cat?post=4684101"},{"taxonomy":"product_tag","embeddable":true,"href":"https:\/\/theinvisiblecollection.com\/fr\/wp-json\/wp\/v2\/product_tag?post=4684101"},{"taxonomy":"product_designer","embeddable":true,"href":"https:\/\/theinvisiblecollection.com\/fr\/wp-json\/wp\/v2\/product_designer?post=4684101"},{"taxonomy":"comfabric","embeddable":true,"href":"https:\/\/theinvisiblecollection.com\/fr\/wp-json\/wp\/v2\/comfabric?post=4684101"},{"taxonomy":"manufacturer","embeddable":true,"href":"https:\/\/theinvisiblecollection.com\/fr\/wp-json\/wp\/v2\/manufacturer?post=4684101"},{"taxonomy":"reporting_designer","embeddable":true,"href":"https:\/\/theinvisiblecollection.com\/fr\/wp-json\/wp\/v2\/reporting_designer?post=4684101"},{"taxonomy":"samplecomfabric","embeddable":true,"href":"https:\/\/theinvisiblecollection.com\/fr\/wp-json\/wp\/v2\/samplecomfabric?post=4684101"},{"taxonomy":"clubroom_product_designer","embeddable":true,"href":"https:\/\/theinvisiblecollection.com\/fr\/wp-json\/wp\/v2\/designer_clubroom?post=4684101"}],"curies":[{"name":"wp","href":"https:\/\/api.w.org\/{rel}","templated":true}]}}