{"id":4740711,"date":"2024-02-06T10:01:51","date_gmt":"2024-02-06T10:01:51","guid":{"rendered":"https:\/\/theinvisiblecollection.com\/?post_type=product&#038;p=4740711"},"modified":"2026-05-08T04:38:58","modified_gmt":"2026-05-08T04:38:58","slug":"atelier-constant-table-basse-la-grive","status":"publish","type":"product","link":"https:\/\/theinvisiblecollection.com\/fr\/produit\/atelier-constant-table-basse-la-grive\/","title":{"rendered":"Table Basse La Grive"},"content":{"rendered":"<p style=\"text-align: justify;\">La table basse Grive d&#8217;Atelier Constant pr\u00e9sente des lignes \u00e9pur\u00e9es et des pieds \u00e9vid\u00e9s soigneusement positionn\u00e9s, cr\u00e9ant un volume de pierre \u00e9quilibr\u00e9 pour des int\u00e9rieurs puissants et simples.<\/p>\n","protected":false},"excerpt":{"rendered":"<p>La table basse Grive d&#8217;Atelier Constant pr\u00e9sente des lignes \u00e9pur\u00e9es et des pieds \u00e9vid\u00e9s soigneusement positionn\u00e9s, cr\u00e9ant un volume de pierre \u00e9quilibr\u00e9 pour des int\u00e9rieurs puissants et simples.<\/p>\n","protected":false},"featured_media":5871495,"template":"","meta":{"_acf_changed":false,"content-type":"","_themeisle_gutenberg_block_has_review":false},"product_brand":[],"product_cat":[7509,12503],"product_tag":[],"product_designer":[26908],"comfabric":[],"manufacturer":[26902],"reporting_designer":[37553],"samplecomfabric":[],"designer_clubroom":[],"class_list":{"0":"post-4740711","1":"product","2":"type-product","3":"status-publish","4":"has-post-thumbnail","6":"product_cat-tables-basses-dappoint","7":"product_cat-tables-fr","8":"pa_finish-poli-fr","9":"pa_finish-adouci","10":"product_designer-atelier-constant-fr","11":"manufacturer-serafini-srl-fr","12":"reporting_designer-atelier-constant","14":"first","15":"instock","16":"taxable","17":"shipping-taxable","18":"purchasable","19":"product-type-variable"},"acf":[],"_links":{"self":[{"href":"https:\/\/theinvisiblecollection.com\/fr\/wp-json\/wp\/v2\/product\/4740711","targetHints":{"allow":["GET"]}}],"collection":[{"href":"https:\/\/theinvisiblecollection.com\/fr\/wp-json\/wp\/v2\/product"}],"about":[{"href":"https:\/\/theinvisiblecollection.com\/fr\/wp-json\/wp\/v2\/types\/product"}],"wp:featuredmedia":[{"embeddable":true,"href":"https:\/\/theinvisiblecollection.com\/fr\/wp-json\/wp\/v2\/media\/5871495"}],"wp:attachment":[{"href":"https:\/\/theinvisiblecollection.com\/fr\/wp-json\/wp\/v2\/media?parent=4740711"}],"wp:term":[{"taxonomy":"product_brand","embeddable":true,"href":"https:\/\/theinvisiblecollection.com\/fr\/wp-json\/wp\/v2\/product_brand?post=4740711"},{"taxonomy":"product_cat","embeddable":true,"href":"https:\/\/theinvisiblecollection.com\/fr\/wp-json\/wp\/v2\/product_cat?post=4740711"},{"taxonomy":"product_tag","embeddable":true,"href":"https:\/\/theinvisiblecollection.com\/fr\/wp-json\/wp\/v2\/product_tag?post=4740711"},{"taxonomy":"product_designer","embeddable":true,"href":"https:\/\/theinvisiblecollection.com\/fr\/wp-json\/wp\/v2\/product_designer?post=4740711"},{"taxonomy":"comfabric","embeddable":true,"href":"https:\/\/theinvisiblecollection.com\/fr\/wp-json\/wp\/v2\/comfabric?post=4740711"},{"taxonomy":"manufacturer","embeddable":true,"href":"https:\/\/theinvisiblecollection.com\/fr\/wp-json\/wp\/v2\/manufacturer?post=4740711"},{"taxonomy":"reporting_designer","embeddable":true,"href":"https:\/\/theinvisiblecollection.com\/fr\/wp-json\/wp\/v2\/reporting_designer?post=4740711"},{"taxonomy":"samplecomfabric","embeddable":true,"href":"https:\/\/theinvisiblecollection.com\/fr\/wp-json\/wp\/v2\/samplecomfabric?post=4740711"},{"taxonomy":"clubroom_product_designer","embeddable":true,"href":"https:\/\/theinvisiblecollection.com\/fr\/wp-json\/wp\/v2\/designer_clubroom?post=4740711"}],"curies":[{"name":"wp","href":"https:\/\/api.w.org\/{rel}","templated":true}]}}