{"id":4740741,"date":"2024-02-06T10:11:49","date_gmt":"2024-02-06T10:11:49","guid":{"rendered":"https:\/\/theinvisiblecollection.com\/?post_type=product&#038;p=4740741"},"modified":"2026-05-01T07:37:44","modified_gmt":"2026-05-01T07:37:44","slug":"atelier-constant-tabouret-orlan","status":"publish","type":"product","link":"https:\/\/theinvisiblecollection.com\/fr\/produit\/atelier-constant-tabouret-orlan\/","title":{"rendered":"Tabouret Orlan"},"content":{"rendered":"<p style=\"text-align: justify;\">Le tabouret Orlan d&#8217;Atelier Constant est fabriqu\u00e9 \u00e0 la main \u00e0 partir d&#8217;un seul bloc de pierre, reproduisant la progression brute d&#8217;une alc\u00f4ve naturelle.<\/p>\n","protected":false},"excerpt":{"rendered":"<p>Le tabouret Orlan d&#8217;Atelier Constant est fabriqu\u00e9 \u00e0 la main \u00e0 partir d&#8217;un seul bloc de pierre, reproduisant la progression brute d&#8217;une alc\u00f4ve naturelle.<\/p>\n","protected":false},"featured_media":5871386,"template":"","meta":{"_acf_changed":false,"content-type":"","_themeisle_gutenberg_block_has_review":false},"product_brand":[],"product_cat":[8969,12499],"product_tag":[],"product_designer":[26908],"comfabric":[],"manufacturer":[26902],"reporting_designer":[37553],"samplecomfabric":[],"designer_clubroom":[],"class_list":{"0":"post-4740741","1":"product","2":"type-product","3":"status-publish","4":"has-post-thumbnail","6":"product_cat-ottomans-tabourets","7":"product_cat-assises","8":"pa_finish-poli-fr","9":"pa_finish-adouci","10":"product_designer-atelier-constant-fr","11":"manufacturer-serafini-srl-fr","12":"reporting_designer-atelier-constant","14":"first","15":"instock","16":"taxable","17":"shipping-taxable","18":"purchasable","19":"product-type-variable"},"acf":[],"_links":{"self":[{"href":"https:\/\/theinvisiblecollection.com\/fr\/wp-json\/wp\/v2\/product\/4740741","targetHints":{"allow":["GET"]}}],"collection":[{"href":"https:\/\/theinvisiblecollection.com\/fr\/wp-json\/wp\/v2\/product"}],"about":[{"href":"https:\/\/theinvisiblecollection.com\/fr\/wp-json\/wp\/v2\/types\/product"}],"wp:featuredmedia":[{"embeddable":true,"href":"https:\/\/theinvisiblecollection.com\/fr\/wp-json\/wp\/v2\/media\/5871386"}],"wp:attachment":[{"href":"https:\/\/theinvisiblecollection.com\/fr\/wp-json\/wp\/v2\/media?parent=4740741"}],"wp:term":[{"taxonomy":"product_brand","embeddable":true,"href":"https:\/\/theinvisiblecollection.com\/fr\/wp-json\/wp\/v2\/product_brand?post=4740741"},{"taxonomy":"product_cat","embeddable":true,"href":"https:\/\/theinvisiblecollection.com\/fr\/wp-json\/wp\/v2\/product_cat?post=4740741"},{"taxonomy":"product_tag","embeddable":true,"href":"https:\/\/theinvisiblecollection.com\/fr\/wp-json\/wp\/v2\/product_tag?post=4740741"},{"taxonomy":"product_designer","embeddable":true,"href":"https:\/\/theinvisiblecollection.com\/fr\/wp-json\/wp\/v2\/product_designer?post=4740741"},{"taxonomy":"comfabric","embeddable":true,"href":"https:\/\/theinvisiblecollection.com\/fr\/wp-json\/wp\/v2\/comfabric?post=4740741"},{"taxonomy":"manufacturer","embeddable":true,"href":"https:\/\/theinvisiblecollection.com\/fr\/wp-json\/wp\/v2\/manufacturer?post=4740741"},{"taxonomy":"reporting_designer","embeddable":true,"href":"https:\/\/theinvisiblecollection.com\/fr\/wp-json\/wp\/v2\/reporting_designer?post=4740741"},{"taxonomy":"samplecomfabric","embeddable":true,"href":"https:\/\/theinvisiblecollection.com\/fr\/wp-json\/wp\/v2\/samplecomfabric?post=4740741"},{"taxonomy":"clubroom_product_designer","embeddable":true,"href":"https:\/\/theinvisiblecollection.com\/fr\/wp-json\/wp\/v2\/designer_clubroom?post=4740741"}],"curies":[{"name":"wp","href":"https:\/\/api.w.org\/{rel}","templated":true}]}}