{"id":4740761,"date":"2024-02-06T10:20:27","date_gmt":"2024-02-06T10:20:27","guid":{"rendered":"https:\/\/theinvisiblecollection.com\/?post_type=product&#038;p=4740761"},"modified":"2026-05-01T07:37:44","modified_gmt":"2026-05-01T07:37:44","slug":"atelier-constant-lampe-de-traverse","status":"publish","type":"product","link":"https:\/\/theinvisiblecollection.com\/fr\/produit\/atelier-constant-lampe-de-traverse\/","title":{"rendered":"Lampe De Traverse"},"content":{"rendered":"<p style=\"text-align: justify;\">Fabriqu\u00e9e \u00e0 l&#8217;aide d&#8217;une technique de moulage \u00e0 la cire, la lampe De Traverse d&#8217;Atelier Constant est sp\u00e9cialement con\u00e7ue pour projeter des motifs d&#8217;ombres \u00e0 travers les perforations de la pi\u00e8ce.<\/p>\n","protected":false},"excerpt":{"rendered":"<p>Fabriqu\u00e9e \u00e0 l&#8217;aide d&#8217;une technique de moulage \u00e0 la cire, la lampe De Traverse d&#8217;Atelier Constant est sp\u00e9cialement con\u00e7ue pour projeter des motifs d&#8217;ombres \u00e0 travers les perforations de la pi\u00e8ce.<\/p>\n","protected":false},"featured_media":4742531,"template":"","meta":{"_acf_changed":false,"content-type":"","_themeisle_gutenberg_block_has_review":false},"product_brand":[],"product_cat":[8974,12507],"product_tag":[],"product_designer":[26908],"comfabric":[],"manufacturer":[34967],"reporting_designer":[37553],"samplecomfabric":[],"designer_clubroom":[],"class_list":{"0":"post-4740761","1":"product","2":"type-product","3":"status-publish","4":"has-post-thumbnail","6":"product_cat-lampes-de-table","7":"product_cat-luminaires","8":"product_designer-atelier-constant-fr","9":"manufacturer-pick-up-atelier-constant-fr","10":"reporting_designer-atelier-constant","12":"first","13":"outofstock","14":"taxable","15":"shipping-taxable","16":"purchasable","17":"product-type-simple"},"acf":[],"_links":{"self":[{"href":"https:\/\/theinvisiblecollection.com\/fr\/wp-json\/wp\/v2\/product\/4740761","targetHints":{"allow":["GET"]}}],"collection":[{"href":"https:\/\/theinvisiblecollection.com\/fr\/wp-json\/wp\/v2\/product"}],"about":[{"href":"https:\/\/theinvisiblecollection.com\/fr\/wp-json\/wp\/v2\/types\/product"}],"wp:featuredmedia":[{"embeddable":true,"href":"https:\/\/theinvisiblecollection.com\/fr\/wp-json\/wp\/v2\/media\/4742531"}],"wp:attachment":[{"href":"https:\/\/theinvisiblecollection.com\/fr\/wp-json\/wp\/v2\/media?parent=4740761"}],"wp:term":[{"taxonomy":"product_brand","embeddable":true,"href":"https:\/\/theinvisiblecollection.com\/fr\/wp-json\/wp\/v2\/product_brand?post=4740761"},{"taxonomy":"product_cat","embeddable":true,"href":"https:\/\/theinvisiblecollection.com\/fr\/wp-json\/wp\/v2\/product_cat?post=4740761"},{"taxonomy":"product_tag","embeddable":true,"href":"https:\/\/theinvisiblecollection.com\/fr\/wp-json\/wp\/v2\/product_tag?post=4740761"},{"taxonomy":"product_designer","embeddable":true,"href":"https:\/\/theinvisiblecollection.com\/fr\/wp-json\/wp\/v2\/product_designer?post=4740761"},{"taxonomy":"comfabric","embeddable":true,"href":"https:\/\/theinvisiblecollection.com\/fr\/wp-json\/wp\/v2\/comfabric?post=4740761"},{"taxonomy":"manufacturer","embeddable":true,"href":"https:\/\/theinvisiblecollection.com\/fr\/wp-json\/wp\/v2\/manufacturer?post=4740761"},{"taxonomy":"reporting_designer","embeddable":true,"href":"https:\/\/theinvisiblecollection.com\/fr\/wp-json\/wp\/v2\/reporting_designer?post=4740761"},{"taxonomy":"samplecomfabric","embeddable":true,"href":"https:\/\/theinvisiblecollection.com\/fr\/wp-json\/wp\/v2\/samplecomfabric?post=4740761"},{"taxonomy":"clubroom_product_designer","embeddable":true,"href":"https:\/\/theinvisiblecollection.com\/fr\/wp-json\/wp\/v2\/designer_clubroom?post=4740761"}],"curies":[{"name":"wp","href":"https:\/\/api.w.org\/{rel}","templated":true}]}}