{"id":4740835,"date":"2024-02-06T10:42:17","date_gmt":"2024-02-06T10:42:17","guid":{"rendered":"https:\/\/theinvisiblecollection.com\/?post_type=product&#038;p=4740835"},"modified":"2026-05-01T07:37:44","modified_gmt":"2026-05-01T07:37:44","slug":"atelier-constant-lampe-secretary","status":"publish","type":"product","link":"https:\/\/theinvisiblecollection.com\/fr\/produit\/atelier-constant-lampe-secretary\/","title":{"rendered":"Lampe Secretary"},"content":{"rendered":"<p style=\"text-align: justify;\">La lampe Secr\u00e9taire d&#8217;Atelier Constant de deux m\u00e8tres de hauteur est fa\u00e7onn\u00e9e en assemblant deux blocs de pierre. Elle rend hommage \u00e0 l&#8217;administration fran\u00e7aise et \u00e0 ces figures autoritaires que nous rencontrons jeune. La lumi\u00e8re se refl\u00e8te \u00e0 l&#8217;int\u00e9rieur de la perforation, mettant en avant la texture de la pierre.<\/p>\n","protected":false},"excerpt":{"rendered":"<p>La lampe Secr\u00e9taire d&#8217;Atelier Constant de deux m\u00e8tres de hauteur est fa\u00e7onn\u00e9e en assemblant deux blocs de pierre. Elle rend hommage \u00e0 l&#8217;administration fran\u00e7aise et \u00e0 ces figures autoritaires que nous rencontrons jeune. La lumi\u00e8re se refl\u00e8te \u00e0 l&#8217;int\u00e9rieur de la perforation, mettant en avant la texture de la pierre.<\/p>\n","protected":false},"featured_media":5871521,"template":"","meta":{"_acf_changed":false,"content-type":"","_themeisle_gutenberg_block_has_review":false},"product_brand":[],"product_cat":[8966,12507],"product_tag":[],"product_designer":[26908],"comfabric":[],"manufacturer":[26902],"reporting_designer":[37553],"samplecomfabric":[],"designer_clubroom":[],"class_list":{"0":"post-4740835","1":"product","2":"type-product","3":"status-publish","4":"has-post-thumbnail","6":"product_cat-lampes-sur-pied","7":"product_cat-luminaires","8":"pa_finish-poli-fr","9":"pa_finish-adouci","10":"product_designer-atelier-constant-fr","11":"manufacturer-serafini-srl-fr","12":"reporting_designer-atelier-constant","14":"first","15":"instock","16":"taxable","17":"shipping-taxable","18":"purchasable","19":"product-type-variable"},"acf":[],"_links":{"self":[{"href":"https:\/\/theinvisiblecollection.com\/fr\/wp-json\/wp\/v2\/product\/4740835","targetHints":{"allow":["GET"]}}],"collection":[{"href":"https:\/\/theinvisiblecollection.com\/fr\/wp-json\/wp\/v2\/product"}],"about":[{"href":"https:\/\/theinvisiblecollection.com\/fr\/wp-json\/wp\/v2\/types\/product"}],"wp:featuredmedia":[{"embeddable":true,"href":"https:\/\/theinvisiblecollection.com\/fr\/wp-json\/wp\/v2\/media\/5871521"}],"wp:attachment":[{"href":"https:\/\/theinvisiblecollection.com\/fr\/wp-json\/wp\/v2\/media?parent=4740835"}],"wp:term":[{"taxonomy":"product_brand","embeddable":true,"href":"https:\/\/theinvisiblecollection.com\/fr\/wp-json\/wp\/v2\/product_brand?post=4740835"},{"taxonomy":"product_cat","embeddable":true,"href":"https:\/\/theinvisiblecollection.com\/fr\/wp-json\/wp\/v2\/product_cat?post=4740835"},{"taxonomy":"product_tag","embeddable":true,"href":"https:\/\/theinvisiblecollection.com\/fr\/wp-json\/wp\/v2\/product_tag?post=4740835"},{"taxonomy":"product_designer","embeddable":true,"href":"https:\/\/theinvisiblecollection.com\/fr\/wp-json\/wp\/v2\/product_designer?post=4740835"},{"taxonomy":"comfabric","embeddable":true,"href":"https:\/\/theinvisiblecollection.com\/fr\/wp-json\/wp\/v2\/comfabric?post=4740835"},{"taxonomy":"manufacturer","embeddable":true,"href":"https:\/\/theinvisiblecollection.com\/fr\/wp-json\/wp\/v2\/manufacturer?post=4740835"},{"taxonomy":"reporting_designer","embeddable":true,"href":"https:\/\/theinvisiblecollection.com\/fr\/wp-json\/wp\/v2\/reporting_designer?post=4740835"},{"taxonomy":"samplecomfabric","embeddable":true,"href":"https:\/\/theinvisiblecollection.com\/fr\/wp-json\/wp\/v2\/samplecomfabric?post=4740835"},{"taxonomy":"clubroom_product_designer","embeddable":true,"href":"https:\/\/theinvisiblecollection.com\/fr\/wp-json\/wp\/v2\/designer_clubroom?post=4740835"}],"curies":[{"name":"wp","href":"https:\/\/api.w.org\/{rel}","templated":true}]}}