{"id":4741599,"date":"2024-02-06T13:22:06","date_gmt":"2024-02-06T13:22:06","guid":{"rendered":"https:\/\/theinvisiblecollection.com\/?post_type=product&#038;p=4741599"},"modified":"2026-05-01T07:37:44","modified_gmt":"2026-05-01T07:37:44","slug":"atelier-pendhapa-bureau-mangala","status":"publish","type":"product","link":"https:\/\/theinvisiblecollection.com\/fr\/produit\/atelier-pendhapa-bureau-mangala\/","title":{"rendered":"Bureau Mangala"},"content":{"rendered":"<p style=\"text-align: justify;\">Les oppos\u00e9s s\u2019attirent. La collection Para raconte une histoire par ses formes: les pi\u00e8ces se caract\u00e9risent comme \u00e9tant le r\u00e9sultat de la s\u00e9paration d\u2019un ensemble. Les pieds en bois massif dialogues d\u2019une moiti\u00e9 \u00e0 l\u2019autre. Pi\u00e8ce par pi\u00e8ce, nous commen\u00e7ons \u00e0 reconstituer le tout dans nos esprit: les pi\u00e8ces sont cin\u00e9tiques, tout en restant fixe dans l\u2019espace.<\/p>\n","protected":false},"excerpt":{"rendered":"<p>Console en teck Javanais noir<br \/>\nPateau en laque noir<br \/>\n\u00c9galement disponible en ch\u00eane avec plateau en laque blanche ou teck javanais massif laqu\u00e9 noir<br \/>\nDimensions et mat\u00e9riaux sur-mesure sur demande<\/p>\n<p>L 200 x l 50 x H 70 cm<\/p>\n<p>Fabriqu\u00e9e \u00e0 la main en Indonesie<br \/>\nD\u00e9lais de production : 6 &#8211; 8 semaines<\/p>\n<p><span style=\"text-decoration: underline;\"><span class=\"s1\"><a href=\"https:\/\/www.theinvisiblecollection.com\/fr\/demande-de-devis\/?product_id=87278\">Contactez-nous pour toute demande de devis ou de renseignements<\/a><\/span><\/span><\/p>\n","protected":false},"featured_media":4741678,"template":"","meta":{"_acf_changed":false,"content-type":"","_themeisle_gutenberg_block_has_review":false},"product_brand":[],"product_cat":[7704,12503],"product_tag":[],"product_designer":[13525],"comfabric":[],"manufacturer":[16827],"reporting_designer":[37189],"samplecomfabric":[],"designer_clubroom":[],"class_list":{"0":"post-4741599","1":"product","2":"type-product","3":"status-publish","4":"has-post-thumbnail","6":"product_cat-bureaux-fr","7":"product_cat-tables-fr","8":"pa_finish-finition-finement-texturee","9":"pa_finish-sans-finition","10":"product_designer-atelier-pendhapa-fr","11":"manufacturer-atelier-pendhapa-fr","12":"reporting_designer-atelier-pendhapa","14":"first","15":"instock","16":"taxable","17":"shipping-taxable","18":"purchasable","19":"product-type-variable"},"acf":[],"_links":{"self":[{"href":"https:\/\/theinvisiblecollection.com\/fr\/wp-json\/wp\/v2\/product\/4741599","targetHints":{"allow":["GET"]}}],"collection":[{"href":"https:\/\/theinvisiblecollection.com\/fr\/wp-json\/wp\/v2\/product"}],"about":[{"href":"https:\/\/theinvisiblecollection.com\/fr\/wp-json\/wp\/v2\/types\/product"}],"wp:featuredmedia":[{"embeddable":true,"href":"https:\/\/theinvisiblecollection.com\/fr\/wp-json\/wp\/v2\/media\/4741678"}],"wp:attachment":[{"href":"https:\/\/theinvisiblecollection.com\/fr\/wp-json\/wp\/v2\/media?parent=4741599"}],"wp:term":[{"taxonomy":"product_brand","embeddable":true,"href":"https:\/\/theinvisiblecollection.com\/fr\/wp-json\/wp\/v2\/product_brand?post=4741599"},{"taxonomy":"product_cat","embeddable":true,"href":"https:\/\/theinvisiblecollection.com\/fr\/wp-json\/wp\/v2\/product_cat?post=4741599"},{"taxonomy":"product_tag","embeddable":true,"href":"https:\/\/theinvisiblecollection.com\/fr\/wp-json\/wp\/v2\/product_tag?post=4741599"},{"taxonomy":"product_designer","embeddable":true,"href":"https:\/\/theinvisiblecollection.com\/fr\/wp-json\/wp\/v2\/product_designer?post=4741599"},{"taxonomy":"comfabric","embeddable":true,"href":"https:\/\/theinvisiblecollection.com\/fr\/wp-json\/wp\/v2\/comfabric?post=4741599"},{"taxonomy":"manufacturer","embeddable":true,"href":"https:\/\/theinvisiblecollection.com\/fr\/wp-json\/wp\/v2\/manufacturer?post=4741599"},{"taxonomy":"reporting_designer","embeddable":true,"href":"https:\/\/theinvisiblecollection.com\/fr\/wp-json\/wp\/v2\/reporting_designer?post=4741599"},{"taxonomy":"samplecomfabric","embeddable":true,"href":"https:\/\/theinvisiblecollection.com\/fr\/wp-json\/wp\/v2\/samplecomfabric?post=4741599"},{"taxonomy":"clubroom_product_designer","embeddable":true,"href":"https:\/\/theinvisiblecollection.com\/fr\/wp-json\/wp\/v2\/designer_clubroom?post=4741599"}],"curies":[{"name":"wp","href":"https:\/\/api.w.org\/{rel}","templated":true}]}}