{"id":4742203,"date":"2024-02-06T14:10:55","date_gmt":"2024-02-06T14:10:55","guid":{"rendered":"https:\/\/theinvisiblecollection.com\/?post_type=product&#038;p=4742203"},"modified":"2026-05-01T07:37:44","modified_gmt":"2026-05-01T07:37:44","slug":"hamrei-buffet-anjos","status":"publish","type":"product","link":"https:\/\/theinvisiblecollection.com\/fr\/produit\/hamrei-buffet-anjos\/","title":{"rendered":"Buffet Anjos"},"content":{"rendered":"<p style=\"text-align: justify;\">Le buffet Anjos, con\u00e7u en ch\u00eane massif, est le fruit d&#8217;un travail manuel acharn\u00e9 qui a permis d\u2019obtenir une mati\u00e8re incroyable. Sa forme simple, \u00e0 laquelle s\u2019associent des pieds en laiton noirci moul\u00e9 textur\u00e9, caract\u00e9ristiques de Hamrei, est soulign\u00e9e par l&#8217;ajout d\u00e9licat d&#8217;une poign\u00e9e, d&#8217;une serrure et d&#8217;une cl\u00e9 con\u00e7us comme de v\u00e9ritables bijoux. Ce buffet met en lumi\u00e8re la dext\u00e9rit\u00e9 du travail manuel \u00e0 travers un large \u00e9ventail de comp\u00e9tences &#8211; des bijoutiers travaillant avec minutie des pierres et du m\u00e9tal, aux fondeurs utilisant le m\u00e9tal tr\u00e8s diff\u00e9remment \u00e0 une autre \u00e9chelle, en passant par les menuisiers qui fabriquent la forme principale avec une extr\u00eame pr\u00e9cision.<\/p>\n","protected":false},"excerpt":{"rendered":"<p>Tabouret photographi\u00e9 ici en tissu Brecon de Tibor, couleur \u00e9cru<br \/>\n<span style=\"text-decoration: underline;\"><a href=\"https:\/\/theinvisiblecollection.com\/wp-content\/uploads\/2022\/02\/TheInvisibleCollection_Fabric_Selection_Tibor_compressed.pdf\" target=\"_blank\" rel=\"noopener\">D\u00e9couvrez la s\u00e9lection de tissus ici<\/a><\/span><br \/>\n\u00c9galement disponible dans le tissu de votre choix sur demande<br \/>\nStructure en acier noirci textur\u00e9<\/p>\n<p>\u00d8 38 x H 44 cm<br \/>\nTissu requis : 1 m<\/p>\n<p class=\"p1\">Fabriqu\u00e9 \u00e0 la main au Portugal \/ Royaume-Uni<br \/>\nD\u00e9lais de fabrication : 12 semaines<\/p>\n<p class=\"p2\"><span class=\"s1\"><a href=\"https:\/\/www.theinvisiblecollection.com\/fr\/demande-de-devis\/?product_id=603506\" target=\"_blank\" rel=\"noopener\">Contactez-nous pour toute demande de devis ou de renseignements<\/a><\/span><\/p>\n","protected":false},"featured_media":5360129,"template":"","meta":{"_acf_changed":false,"content-type":"","_themeisle_gutenberg_block_has_review":false},"product_brand":[],"product_cat":[8957,12505],"product_tag":[35206],"product_designer":[15640],"comfabric":[],"manufacturer":[26775],"reporting_designer":[37793],"samplecomfabric":[],"designer_clubroom":[],"class_list":{"0":"post-4742203","1":"product","2":"type-product","3":"status-publish","4":"has-post-thumbnail","6":"product_cat-commodes","7":"product_cat-rangements","8":"product_tag-exclusive-fr","9":"product_designer-hamrei-fr","10":"manufacturer-hamrei-atelier-lisbon-matinha-fr","11":"reporting_designer-hamrei","13":"first","14":"instock","15":"taxable","16":"shipping-taxable","17":"purchasable","18":"product-type-variable"},"acf":[],"_links":{"self":[{"href":"https:\/\/theinvisiblecollection.com\/fr\/wp-json\/wp\/v2\/product\/4742203","targetHints":{"allow":["GET"]}}],"collection":[{"href":"https:\/\/theinvisiblecollection.com\/fr\/wp-json\/wp\/v2\/product"}],"about":[{"href":"https:\/\/theinvisiblecollection.com\/fr\/wp-json\/wp\/v2\/types\/product"}],"wp:featuredmedia":[{"embeddable":true,"href":"https:\/\/theinvisiblecollection.com\/fr\/wp-json\/wp\/v2\/media\/5360129"}],"wp:attachment":[{"href":"https:\/\/theinvisiblecollection.com\/fr\/wp-json\/wp\/v2\/media?parent=4742203"}],"wp:term":[{"taxonomy":"product_brand","embeddable":true,"href":"https:\/\/theinvisiblecollection.com\/fr\/wp-json\/wp\/v2\/product_brand?post=4742203"},{"taxonomy":"product_cat","embeddable":true,"href":"https:\/\/theinvisiblecollection.com\/fr\/wp-json\/wp\/v2\/product_cat?post=4742203"},{"taxonomy":"product_tag","embeddable":true,"href":"https:\/\/theinvisiblecollection.com\/fr\/wp-json\/wp\/v2\/product_tag?post=4742203"},{"taxonomy":"product_designer","embeddable":true,"href":"https:\/\/theinvisiblecollection.com\/fr\/wp-json\/wp\/v2\/product_designer?post=4742203"},{"taxonomy":"comfabric","embeddable":true,"href":"https:\/\/theinvisiblecollection.com\/fr\/wp-json\/wp\/v2\/comfabric?post=4742203"},{"taxonomy":"manufacturer","embeddable":true,"href":"https:\/\/theinvisiblecollection.com\/fr\/wp-json\/wp\/v2\/manufacturer?post=4742203"},{"taxonomy":"reporting_designer","embeddable":true,"href":"https:\/\/theinvisiblecollection.com\/fr\/wp-json\/wp\/v2\/reporting_designer?post=4742203"},{"taxonomy":"samplecomfabric","embeddable":true,"href":"https:\/\/theinvisiblecollection.com\/fr\/wp-json\/wp\/v2\/samplecomfabric?post=4742203"},{"taxonomy":"clubroom_product_designer","embeddable":true,"href":"https:\/\/theinvisiblecollection.com\/fr\/wp-json\/wp\/v2\/designer_clubroom?post=4742203"}],"curies":[{"name":"wp","href":"https:\/\/api.w.org\/{rel}","templated":true}]}}