{"id":4751128,"date":"2024-02-08T06:41:16","date_gmt":"2024-02-08T06:41:16","guid":{"rendered":"https:\/\/theinvisiblecollection.com\/?post_type=product&#038;p=4751128"},"modified":"2026-05-01T07:37:44","modified_gmt":"2026-05-01T07:37:44","slug":"les-metamorfoses-lampe-alba-medium-voile","status":"publish","type":"product","link":"https:\/\/theinvisiblecollection.com\/fr\/produit\/les-metamorfoses-lampe-alba-medium-voile\/","title":{"rendered":"Lampe Alba Medium Voile"},"content":{"rendered":"<p style=\"text-align: justify;\"><span class=\"TextRun SCXW28226793 BCX0\" lang=\"FR-FR\" xml:lang=\"FR-FR\" data-contrast=\"none\"><span class=\"NormalTextRun SCXW28226793 BCX0\">Constance <\/span><span class=\"NormalTextRun SpellingErrorV2Themed SCXW28226793 BCX0\">Guisset<\/span><span class=\"NormalTextRun SCXW28226793 BCX0\"> a con\u00e7u la sculpture lumineuse Alba \u00e0 partir de chutes d&#8217;alb\u00e2tre et de tubes en laiton de la Fonderie d&#8217;art <\/span><span class=\"NormalTextRun SpellingErrorV2Themed SCXW28226793 BCX0\">Macheret<\/span><span class=\"NormalTextRun SCXW28226793 BCX0\">. Travaillant main dans la main avec la Fonderie d&#8217;art <\/span><span class=\"NormalTextRun SpellingErrorV2Themed SCXW28226793 BCX0\">Macheret<\/span><span class=\"NormalTextRun SCXW28226793 BCX0\">, Constance a cr\u00e9\u00e9 Alba, un totem lumineux en \u00e9quilibre qui \u00e9voque diff\u00e9rents univers, laissant au spectateur le plaisir de trouver ses propres r\u00e9f\u00e9rences parmi les voiles, les pales ou m\u00eame les orgues.<\/span><\/span><\/p>\n","protected":false},"excerpt":{"rendered":"<p>Constance Guisset a con\u00e7u la sculpture lumineuse Alba \u00e0 partir de chutes d&#8217;alb\u00e2tre et de tubes en laiton de la Fonderie d&#8217;art Macheret. Travaillant main dans la main avec la Fonderie d&#8217;art Macheret, Constance a cr\u00e9\u00e9 Alba, un totem lumineux en \u00e9quilibre qui \u00e9voque diff\u00e9rents univers, laissant au spectateur le plaisir de trouver ses propres [&hellip;]<\/p>\n","protected":false},"featured_media":4871811,"template":"","meta":{"_acf_changed":false,"content-type":"","_themeisle_gutenberg_block_has_review":false},"product_brand":[],"product_cat":[8966,8974,12507],"product_tag":[33319],"product_designer":[25961],"comfabric":[],"manufacturer":[24573],"reporting_designer":[37305],"samplecomfabric":[],"designer_clubroom":[],"class_list":{"0":"post-4751128","1":"product","2":"type-product","3":"status-publish","4":"has-post-thumbnail","6":"product_cat-lampes-sur-pied","7":"product_cat-lampes-de-table","8":"product_cat-luminaires","9":"product_tag-edition-limitee","10":"product_designer-constance-guisset-fr","11":"manufacturer-fonderie-dart-macheret-fr","12":"reporting_designer-constance-guisset","14":"first","15":"instock","16":"taxable","17":"shipping-taxable","18":"purchasable","19":"product-type-variable"},"acf":[],"_links":{"self":[{"href":"https:\/\/theinvisiblecollection.com\/fr\/wp-json\/wp\/v2\/product\/4751128","targetHints":{"allow":["GET"]}}],"collection":[{"href":"https:\/\/theinvisiblecollection.com\/fr\/wp-json\/wp\/v2\/product"}],"about":[{"href":"https:\/\/theinvisiblecollection.com\/fr\/wp-json\/wp\/v2\/types\/product"}],"wp:featuredmedia":[{"embeddable":true,"href":"https:\/\/theinvisiblecollection.com\/fr\/wp-json\/wp\/v2\/media\/4871811"}],"wp:attachment":[{"href":"https:\/\/theinvisiblecollection.com\/fr\/wp-json\/wp\/v2\/media?parent=4751128"}],"wp:term":[{"taxonomy":"product_brand","embeddable":true,"href":"https:\/\/theinvisiblecollection.com\/fr\/wp-json\/wp\/v2\/product_brand?post=4751128"},{"taxonomy":"product_cat","embeddable":true,"href":"https:\/\/theinvisiblecollection.com\/fr\/wp-json\/wp\/v2\/product_cat?post=4751128"},{"taxonomy":"product_tag","embeddable":true,"href":"https:\/\/theinvisiblecollection.com\/fr\/wp-json\/wp\/v2\/product_tag?post=4751128"},{"taxonomy":"product_designer","embeddable":true,"href":"https:\/\/theinvisiblecollection.com\/fr\/wp-json\/wp\/v2\/product_designer?post=4751128"},{"taxonomy":"comfabric","embeddable":true,"href":"https:\/\/theinvisiblecollection.com\/fr\/wp-json\/wp\/v2\/comfabric?post=4751128"},{"taxonomy":"manufacturer","embeddable":true,"href":"https:\/\/theinvisiblecollection.com\/fr\/wp-json\/wp\/v2\/manufacturer?post=4751128"},{"taxonomy":"reporting_designer","embeddable":true,"href":"https:\/\/theinvisiblecollection.com\/fr\/wp-json\/wp\/v2\/reporting_designer?post=4751128"},{"taxonomy":"samplecomfabric","embeddable":true,"href":"https:\/\/theinvisiblecollection.com\/fr\/wp-json\/wp\/v2\/samplecomfabric?post=4751128"},{"taxonomy":"clubroom_product_designer","embeddable":true,"href":"https:\/\/theinvisiblecollection.com\/fr\/wp-json\/wp\/v2\/designer_clubroom?post=4751128"}],"curies":[{"name":"wp","href":"https:\/\/api.w.org\/{rel}","templated":true}]}}