{"id":4782447,"date":"2024-02-12T10:28:47","date_gmt":"2024-02-12T10:28:47","guid":{"rendered":"https:\/\/theinvisiblecollection.com\/?post_type=product&#038;p=4782447"},"modified":"2026-05-01T07:37:44","modified_gmt":"2026-05-01T07:37:44","slug":"mmairo-tabouret-tivoli","status":"publish","type":"product","link":"https:\/\/theinvisiblecollection.com\/fr\/produit\/mmairo-tabouret-tivoli\/","title":{"rendered":"Tabouret Tivoli"},"content":{"rendered":"","protected":false},"excerpt":{"rendered":"<p>Design par Michele Chiossi<br \/>\nMarbre Rosso Alicante, Blu Sodalite, Marbre Rosso Alicante<br \/>\nDimensions et mat\u00e9riaux sur-mesure sur demande<\/p>\n<p>L 9 x l 9 x H 27 cm<\/p>\n<p>R\u00e9alis\u00e9 \u00e0 la main en Italie<br \/>\nD\u00e9lais de production : 6 semaines<\/p>\n<p><span style=\"text-decoration: underline;\"><a href=\"https:\/\/www.theinvisiblecollection.com\/fr\/demande-de-devis\/?product_id=75461\" target=\"_blank\" rel=\"noopener\">Contactez-nous pour toute demande de devis ou de renseignements<\/a><\/span><\/p>\n","protected":false},"featured_media":4783973,"template":"","meta":{"_acf_changed":false,"content-type":"","_themeisle_gutenberg_block_has_review":false},"product_brand":[],"product_cat":[8969,12499],"product_tag":[8952,9030,9275],"product_designer":[8892,10662],"comfabric":[],"manufacturer":[16732],"reporting_designer":[37881],"samplecomfabric":[],"designer_clubroom":[],"class_list":{"0":"post-4782447","1":"product","2":"type-product","3":"status-publish","4":"has-post-thumbnail","6":"product_cat-ottomans-tabourets","7":"product_cat-assises","8":"product_tag-bois-fr","9":"product_tag-marbre-fr-2","10":"product_tag-tabouret-fr-2","11":"product_designer-mmairo-fr","12":"product_designer-ivan-colominas-fr","13":"manufacturer-mmairo-fr","14":"reporting_designer-ivan-colominas","16":"first","17":"instock","18":"taxable","19":"shipping-taxable","20":"purchasable","21":"product-type-variable"},"acf":[],"_links":{"self":[{"href":"https:\/\/theinvisiblecollection.com\/fr\/wp-json\/wp\/v2\/product\/4782447","targetHints":{"allow":["GET"]}}],"collection":[{"href":"https:\/\/theinvisiblecollection.com\/fr\/wp-json\/wp\/v2\/product"}],"about":[{"href":"https:\/\/theinvisiblecollection.com\/fr\/wp-json\/wp\/v2\/types\/product"}],"wp:featuredmedia":[{"embeddable":true,"href":"https:\/\/theinvisiblecollection.com\/fr\/wp-json\/wp\/v2\/media\/4783973"}],"wp:attachment":[{"href":"https:\/\/theinvisiblecollection.com\/fr\/wp-json\/wp\/v2\/media?parent=4782447"}],"wp:term":[{"taxonomy":"product_brand","embeddable":true,"href":"https:\/\/theinvisiblecollection.com\/fr\/wp-json\/wp\/v2\/product_brand?post=4782447"},{"taxonomy":"product_cat","embeddable":true,"href":"https:\/\/theinvisiblecollection.com\/fr\/wp-json\/wp\/v2\/product_cat?post=4782447"},{"taxonomy":"product_tag","embeddable":true,"href":"https:\/\/theinvisiblecollection.com\/fr\/wp-json\/wp\/v2\/product_tag?post=4782447"},{"taxonomy":"product_designer","embeddable":true,"href":"https:\/\/theinvisiblecollection.com\/fr\/wp-json\/wp\/v2\/product_designer?post=4782447"},{"taxonomy":"comfabric","embeddable":true,"href":"https:\/\/theinvisiblecollection.com\/fr\/wp-json\/wp\/v2\/comfabric?post=4782447"},{"taxonomy":"manufacturer","embeddable":true,"href":"https:\/\/theinvisiblecollection.com\/fr\/wp-json\/wp\/v2\/manufacturer?post=4782447"},{"taxonomy":"reporting_designer","embeddable":true,"href":"https:\/\/theinvisiblecollection.com\/fr\/wp-json\/wp\/v2\/reporting_designer?post=4782447"},{"taxonomy":"samplecomfabric","embeddable":true,"href":"https:\/\/theinvisiblecollection.com\/fr\/wp-json\/wp\/v2\/samplecomfabric?post=4782447"},{"taxonomy":"clubroom_product_designer","embeddable":true,"href":"https:\/\/theinvisiblecollection.com\/fr\/wp-json\/wp\/v2\/designer_clubroom?post=4782447"}],"curies":[{"name":"wp","href":"https:\/\/api.w.org\/{rel}","templated":true}]}}