{"id":480076,"date":"2022-09-13T15:35:21","date_gmt":"2022-09-13T14:35:21","guid":{"rendered":"https:\/\/theinvisiblecollection.com\/?post_type=product&#038;p=480076"},"modified":"2026-05-01T07:38:39","modified_gmt":"2026-05-01T07:38:39","slug":"garce-dimofski-pouf-gustave","status":"publish","type":"product","link":"https:\/\/theinvisiblecollection.com\/fr\/produit\/garce-dimofski-pouf-gustave\/","title":{"rendered":"Pouf Gustave"},"content":{"rendered":"<p style=\"text-align: justify;\">La forme g\u00e9om\u00e9trique du pouf cr\u00e9e un contraste visuel avec la partie rembourr\u00e9e, qui offre une texture douce et accueillante. La pr\u00e9sence de la c\u00e9ramique ajoute une dimension suppl\u00e9mentaire, sublimant la base du pouf par des reflets jouant entre mat et satin\u00e9, apportant une touche de sophistication et d\u2019\u00e9l\u00e9gance gr\u00e2ce \u00e0 son savoir-faire artisanal.<\/p>\n","protected":false},"excerpt":{"rendered":"<p>Pouf hexagonal tapiss\u00e9 ici en tissus Natecru Helene de Pierre Frey, Natecru, couleur ecru<br \/>\nBase en c\u00e9ramique beige d\u00e9grad\u00e9 \u00e9maill\u00e9e, structure en bois<br \/>\nDimensions, tissus et c\u00e9ramiques sur-mesure sur demande<\/p>\n<p>L 100 x P 100 x H 45 cm<br \/>\n\u00c9paisseur du coussin : 14 cm<\/p>\n<p>Fabriqu\u00e9 \u00e0 la main au Portugal<br \/>\nD\u00e9lais de production : 10 &#8211; 12 semaines<\/p>\n<p><span style=\"text-decoration: underline;\"><a href=\"https:\/\/www.theinvisiblecollection.com\/fr\/demande-de-devis\/?product_id=480076\" target=\"_blank\" rel=\"noopener\">Contactez nous pour toute demande de devis ou de renseignements<\/a><\/span><\/p>\n<p>&nbsp;<\/p>\n","protected":false},"featured_media":5349823,"template":"","meta":{"_acf_changed":false,"content-type":"","_themeisle_gutenberg_block_has_review":false},"product_brand":[],"product_cat":[8969,12499],"product_tag":[7435,9644,35206],"product_designer":[15857],"comfabric":[35931],"manufacturer":[22038],"reporting_designer":[37464],"samplecomfabric":[35933],"designer_clubroom":[],"class_list":{"0":"post-480076","1":"product","2":"type-product","3":"status-publish","4":"has-post-thumbnail","6":"product_cat-ottomans-tabourets","7":"product_cat-assises","8":"product_tag-new-in-fr","9":"product_tag-necessaires","10":"product_tag-exclusive-fr","11":"pa_color-beige-fr","12":"pa_color-couleurs-personalisees","13":"product_designer-garce-dimofski-fr","14":"comfabric-garc-dimofski-samples-approval-fr","15":"manufacturer-garc-dimofski-atelier-so-pedro-da-cova-fr","16":"reporting_designer-garce-dimofski-fr","17":"samplecomfabric-garc-dimofski-samples-approval-fr","19":"first","20":"instock","21":"taxable","22":"shipping-taxable","23":"purchasable","24":"product-type-variable"},"acf":[],"_links":{"self":[{"href":"https:\/\/theinvisiblecollection.com\/fr\/wp-json\/wp\/v2\/product\/480076","targetHints":{"allow":["GET"]}}],"collection":[{"href":"https:\/\/theinvisiblecollection.com\/fr\/wp-json\/wp\/v2\/product"}],"about":[{"href":"https:\/\/theinvisiblecollection.com\/fr\/wp-json\/wp\/v2\/types\/product"}],"wp:featuredmedia":[{"embeddable":true,"href":"https:\/\/theinvisiblecollection.com\/fr\/wp-json\/wp\/v2\/media\/5349823"}],"wp:attachment":[{"href":"https:\/\/theinvisiblecollection.com\/fr\/wp-json\/wp\/v2\/media?parent=480076"}],"wp:term":[{"taxonomy":"product_brand","embeddable":true,"href":"https:\/\/theinvisiblecollection.com\/fr\/wp-json\/wp\/v2\/product_brand?post=480076"},{"taxonomy":"product_cat","embeddable":true,"href":"https:\/\/theinvisiblecollection.com\/fr\/wp-json\/wp\/v2\/product_cat?post=480076"},{"taxonomy":"product_tag","embeddable":true,"href":"https:\/\/theinvisiblecollection.com\/fr\/wp-json\/wp\/v2\/product_tag?post=480076"},{"taxonomy":"product_designer","embeddable":true,"href":"https:\/\/theinvisiblecollection.com\/fr\/wp-json\/wp\/v2\/product_designer?post=480076"},{"taxonomy":"comfabric","embeddable":true,"href":"https:\/\/theinvisiblecollection.com\/fr\/wp-json\/wp\/v2\/comfabric?post=480076"},{"taxonomy":"manufacturer","embeddable":true,"href":"https:\/\/theinvisiblecollection.com\/fr\/wp-json\/wp\/v2\/manufacturer?post=480076"},{"taxonomy":"reporting_designer","embeddable":true,"href":"https:\/\/theinvisiblecollection.com\/fr\/wp-json\/wp\/v2\/reporting_designer?post=480076"},{"taxonomy":"samplecomfabric","embeddable":true,"href":"https:\/\/theinvisiblecollection.com\/fr\/wp-json\/wp\/v2\/samplecomfabric?post=480076"},{"taxonomy":"clubroom_product_designer","embeddable":true,"href":"https:\/\/theinvisiblecollection.com\/fr\/wp-json\/wp\/v2\/designer_clubroom?post=480076"}],"curies":[{"name":"wp","href":"https:\/\/api.w.org\/{rel}","templated":true}]}}