{"id":4804892,"date":"2024-02-14T11:19:35","date_gmt":"2024-02-14T11:19:35","guid":{"rendered":"https:\/\/theinvisiblecollection.com\/?post_type=product&#038;p=4804892"},"modified":"2026-05-01T07:37:44","modified_gmt":"2026-05-01T07:37:44","slug":"mmairo-table-dappoint-tivoli","status":"publish","type":"product","link":"https:\/\/theinvisiblecollection.com\/fr\/produit\/mmairo-table-dappoint-tivoli\/","title":{"rendered":"Table D&#8217;appoint Tivoli"},"content":{"rendered":"","protected":false},"excerpt":{"rendered":"<p>Design par Michele Chiossi<br \/>\nMarbre Rosso Alicante, Blu Sodalite, Marbre Rosso Alicante<br \/>\nDimensions et mat\u00e9riaux sur-mesure sur demande<\/p>\n<p>L 9 x l 9 x H 27 cm<\/p>\n<p>R\u00e9alis\u00e9 \u00e0 la main en Italie<br \/>\nD\u00e9lais de production : 6 semaines<\/p>\n<p><span style=\"text-decoration: underline;\"><a href=\"https:\/\/www.theinvisiblecollection.com\/fr\/demande-de-devis\/?product_id=75461\" target=\"_blank\" rel=\"noopener\">Contactez-nous pour toute demande de devis ou de renseignements<\/a><\/span><\/p>\n","protected":false},"featured_media":4804926,"template":"","meta":{"_acf_changed":false,"content-type":"","_themeisle_gutenberg_block_has_review":false},"product_brand":[],"product_cat":[12332,12503],"product_tag":[8857,8952,9030,9059,9066],"product_designer":[8892,10662],"comfabric":[],"manufacturer":[16732],"reporting_designer":[37881],"samplecomfabric":[],"designer_clubroom":[],"class_list":{"0":"post-4804892","1":"product","2":"type-product","3":"status-publish","4":"has-post-thumbnail","6":"product_cat-tables-dappoint","7":"product_cat-tables-fr","8":"product_tag-table-de-chevet","9":"product_tag-bois-fr","10":"product_tag-marbre-fr-2","11":"product_tag-gueridon-fr-2","12":"product_tag-table-basse","13":"pa_size-large-fr-2","14":"pa_size-petit-fr","15":"product_designer-mmairo-fr","16":"product_designer-ivan-colominas-fr","17":"manufacturer-mmairo-fr","18":"reporting_designer-ivan-colominas","20":"first","21":"instock","22":"taxable","23":"shipping-taxable","24":"purchasable","25":"product-type-variable"},"acf":[],"_links":{"self":[{"href":"https:\/\/theinvisiblecollection.com\/fr\/wp-json\/wp\/v2\/product\/4804892","targetHints":{"allow":["GET"]}}],"collection":[{"href":"https:\/\/theinvisiblecollection.com\/fr\/wp-json\/wp\/v2\/product"}],"about":[{"href":"https:\/\/theinvisiblecollection.com\/fr\/wp-json\/wp\/v2\/types\/product"}],"wp:featuredmedia":[{"embeddable":true,"href":"https:\/\/theinvisiblecollection.com\/fr\/wp-json\/wp\/v2\/media\/4804926"}],"wp:attachment":[{"href":"https:\/\/theinvisiblecollection.com\/fr\/wp-json\/wp\/v2\/media?parent=4804892"}],"wp:term":[{"taxonomy":"product_brand","embeddable":true,"href":"https:\/\/theinvisiblecollection.com\/fr\/wp-json\/wp\/v2\/product_brand?post=4804892"},{"taxonomy":"product_cat","embeddable":true,"href":"https:\/\/theinvisiblecollection.com\/fr\/wp-json\/wp\/v2\/product_cat?post=4804892"},{"taxonomy":"product_tag","embeddable":true,"href":"https:\/\/theinvisiblecollection.com\/fr\/wp-json\/wp\/v2\/product_tag?post=4804892"},{"taxonomy":"product_designer","embeddable":true,"href":"https:\/\/theinvisiblecollection.com\/fr\/wp-json\/wp\/v2\/product_designer?post=4804892"},{"taxonomy":"comfabric","embeddable":true,"href":"https:\/\/theinvisiblecollection.com\/fr\/wp-json\/wp\/v2\/comfabric?post=4804892"},{"taxonomy":"manufacturer","embeddable":true,"href":"https:\/\/theinvisiblecollection.com\/fr\/wp-json\/wp\/v2\/manufacturer?post=4804892"},{"taxonomy":"reporting_designer","embeddable":true,"href":"https:\/\/theinvisiblecollection.com\/fr\/wp-json\/wp\/v2\/reporting_designer?post=4804892"},{"taxonomy":"samplecomfabric","embeddable":true,"href":"https:\/\/theinvisiblecollection.com\/fr\/wp-json\/wp\/v2\/samplecomfabric?post=4804892"},{"taxonomy":"clubroom_product_designer","embeddable":true,"href":"https:\/\/theinvisiblecollection.com\/fr\/wp-json\/wp\/v2\/designer_clubroom?post=4804892"}],"curies":[{"name":"wp","href":"https:\/\/api.w.org\/{rel}","templated":true}]}}