{"id":480981,"date":"2022-09-13T16:01:08","date_gmt":"2022-09-13T15:01:08","guid":{"rendered":"https:\/\/theinvisiblecollection.com\/?post_type=product&#038;p=480981"},"modified":"2026-05-08T04:39:52","modified_gmt":"2026-05-08T04:39:52","slug":"garce-dimofski-paravent-andrin","status":"publish","type":"product","link":"https:\/\/theinvisiblecollection.com\/fr\/produit\/garce-dimofski-paravent-andrin\/","title":{"rendered":"Paravent Andrin"},"content":{"rendered":"","protected":false},"excerpt":{"rendered":"<p>Pi\u00e8ce unique<br \/>\nCadre en ch\u00eane avec panneaux laqu\u00e9s craquel\u00e9s<br \/>\nChaque pi\u00e8ce est unique en raison de sa nature artisanale, les formes et les teintes varient l\u00e9g\u00e8rement<\/p>\n<p>L 260 x H 220 cm<br \/>\nPanneau unique : L 82 x H 220 cm<\/p>\n<p>Fabriqu\u00e9 \u00e0 la main en Europe<\/p>\n<p><span style=\"text-decoration: underline;\"><a href=\"https:\/\/www.theinvisiblecollection.com\/fr\/demande-de-devis\/?product_id=480981\" target=\"_blank\" rel=\"noopener\">Contactez nous pour toute demande de devis ou de renseignements<\/a><\/span><\/p>\n","protected":false},"featured_media":2971956,"template":"","meta":{"_acf_changed":false,"content-type":"","_themeisle_gutenberg_block_has_review":false},"product_brand":[],"product_cat":[7517,8978],"product_tag":[31474,31476,35206,7435,22790],"product_designer":[15857],"comfabric":[],"manufacturer":[22038],"reporting_designer":[37463],"samplecomfabric":[],"designer_clubroom":[],"class_list":{"0":"post-480981","1":"product","2":"type-product","3":"status-publish","4":"has-post-thumbnail","6":"product_cat-deco-fr","7":"product_cat-paravents","8":"product_tag-co-white-fr","9":"product_tag-st-collectible-fr","10":"product_tag-exclusive-fr","11":"product_tag-new-in-fr","12":"product_tag-disponible-immediatement","13":"product_designer-garce-dimofski-fr","14":"manufacturer-garc-dimofski-atelier-so-pedro-da-cova-fr","15":"reporting_designer-garce-dimofski","16":"exhibitions-new-york-fr","18":"first","19":"instock","20":"taxable","21":"shipping-taxable","22":"purchasable","23":"product-type-simple"},"acf":[],"_links":{"self":[{"href":"https:\/\/theinvisiblecollection.com\/fr\/wp-json\/wp\/v2\/product\/480981","targetHints":{"allow":["GET"]}}],"collection":[{"href":"https:\/\/theinvisiblecollection.com\/fr\/wp-json\/wp\/v2\/product"}],"about":[{"href":"https:\/\/theinvisiblecollection.com\/fr\/wp-json\/wp\/v2\/types\/product"}],"wp:featuredmedia":[{"embeddable":true,"href":"https:\/\/theinvisiblecollection.com\/fr\/wp-json\/wp\/v2\/media\/2971956"}],"wp:attachment":[{"href":"https:\/\/theinvisiblecollection.com\/fr\/wp-json\/wp\/v2\/media?parent=480981"}],"wp:term":[{"taxonomy":"product_brand","embeddable":true,"href":"https:\/\/theinvisiblecollection.com\/fr\/wp-json\/wp\/v2\/product_brand?post=480981"},{"taxonomy":"product_cat","embeddable":true,"href":"https:\/\/theinvisiblecollection.com\/fr\/wp-json\/wp\/v2\/product_cat?post=480981"},{"taxonomy":"product_tag","embeddable":true,"href":"https:\/\/theinvisiblecollection.com\/fr\/wp-json\/wp\/v2\/product_tag?post=480981"},{"taxonomy":"product_designer","embeddable":true,"href":"https:\/\/theinvisiblecollection.com\/fr\/wp-json\/wp\/v2\/product_designer?post=480981"},{"taxonomy":"comfabric","embeddable":true,"href":"https:\/\/theinvisiblecollection.com\/fr\/wp-json\/wp\/v2\/comfabric?post=480981"},{"taxonomy":"manufacturer","embeddable":true,"href":"https:\/\/theinvisiblecollection.com\/fr\/wp-json\/wp\/v2\/manufacturer?post=480981"},{"taxonomy":"reporting_designer","embeddable":true,"href":"https:\/\/theinvisiblecollection.com\/fr\/wp-json\/wp\/v2\/reporting_designer?post=480981"},{"taxonomy":"samplecomfabric","embeddable":true,"href":"https:\/\/theinvisiblecollection.com\/fr\/wp-json\/wp\/v2\/samplecomfabric?post=480981"},{"taxonomy":"clubroom_product_designer","embeddable":true,"href":"https:\/\/theinvisiblecollection.com\/fr\/wp-json\/wp\/v2\/designer_clubroom?post=480981"}],"curies":[{"name":"wp","href":"https:\/\/api.w.org\/{rel}","templated":true}]}}