{"id":481256,"date":"2024-03-11T10:53:17","date_gmt":"2024-03-11T10:53:17","guid":{"rendered":"https:\/\/theinvisiblecollection.com\/?post_type=product&#038;p=481256"},"modified":"2026-05-01T07:38:39","modified_gmt":"2026-05-01T07:38:39","slug":"garce-dimofski-applique-eclipse","status":"publish","type":"product","link":"https:\/\/theinvisiblecollection.com\/fr\/produit\/garce-dimofski-applique-eclipse\/","title":{"rendered":"Applique Eclipse"},"content":{"rendered":"<p>Cette applique murale en c\u00e9ramique allie une pr\u00e9sence sculpturale \u00e0 une luminosit\u00e9 discr\u00e8te. Fa\u00e7onn\u00e9e \u00e0 la main et recouverte d&#8217;un vernis doux et stratifi\u00e9, elle r\u00e9v\u00e8le de subtiles variations de tons qui font \u00e9cho aux gestes de sa fabrication. Sa silhouette incurv\u00e9e diffuse doucement la lumi\u00e8re, projetant une lueur chaleureuse et atmosph\u00e9rique qui rehausse la profondeur et la texture de la pi\u00e8ce. \u00c0 la fois objet et source de lumi\u00e8re, elle apporte une sensibilit\u00e9 raffin\u00e9e et artisanale \u00e0 n&#8217;importe quel mur.<\/p>\n","protected":false},"excerpt":{"rendered":"<p>Applique en c\u00e9ramique \u00e9maill\u00e9e<br \/>\nSyst\u00e8me d&#8217;\u00e9lectrification europ\u00e9en<br \/>\nDimensions et couleurs sur mesure sur demande<\/p>\n<p>L 25.4 x l 11.5 x H 40 cm<\/p>\n<p>Fabriqu\u00e9e \u00e0 la main au Portugal<br \/>\nD\u00e9lais de production : 6 &#8211; 8 semaines<\/p>\n<p><span style=\"text-decoration: underline;\"><a href=\"https:\/\/www.theinvisiblecollection.com\/fr\/demande-de-devis\/?product_id=481256\" target=\"_blank\" rel=\"noopener\">Contactez nous pour toute demande de devis ou de renseignements<\/a><\/span><\/p>\n","protected":false},"featured_media":5891993,"template":"","meta":{"_acf_changed":false,"content-type":"","_themeisle_gutenberg_block_has_review":false},"product_brand":[],"product_cat":[8975,12507],"product_tag":[31474,31475,31477,35206,7435,9644,14925],"product_designer":[15857],"comfabric":[],"manufacturer":[22038],"reporting_designer":[37463],"samplecomfabric":[],"designer_clubroom":[],"class_list":{"0":"post-481256","1":"product","2":"type-product","3":"status-publish","4":"has-post-thumbnail","6":"product_cat-appliques-murales","7":"product_cat-luminaires","8":"product_tag-co-white-fr","9":"product_tag-st-ceramic-fr","10":"product_tag-st-curvy-fr","11":"product_tag-exclusive-fr","12":"product_tag-new-in-fr","13":"product_tag-necessaires","14":"product_tag-hpfav-fr","15":"product_designer-garce-dimofski-fr","16":"manufacturer-garc-dimofski-atelier-so-pedro-da-cova-fr","17":"reporting_designer-garce-dimofski","19":"first","20":"instock","21":"taxable","22":"shipping-taxable","23":"purchasable","24":"product-type-variable"},"acf":[],"_links":{"self":[{"href":"https:\/\/theinvisiblecollection.com\/fr\/wp-json\/wp\/v2\/product\/481256","targetHints":{"allow":["GET"]}}],"collection":[{"href":"https:\/\/theinvisiblecollection.com\/fr\/wp-json\/wp\/v2\/product"}],"about":[{"href":"https:\/\/theinvisiblecollection.com\/fr\/wp-json\/wp\/v2\/types\/product"}],"wp:featuredmedia":[{"embeddable":true,"href":"https:\/\/theinvisiblecollection.com\/fr\/wp-json\/wp\/v2\/media\/5891993"}],"wp:attachment":[{"href":"https:\/\/theinvisiblecollection.com\/fr\/wp-json\/wp\/v2\/media?parent=481256"}],"wp:term":[{"taxonomy":"product_brand","embeddable":true,"href":"https:\/\/theinvisiblecollection.com\/fr\/wp-json\/wp\/v2\/product_brand?post=481256"},{"taxonomy":"product_cat","embeddable":true,"href":"https:\/\/theinvisiblecollection.com\/fr\/wp-json\/wp\/v2\/product_cat?post=481256"},{"taxonomy":"product_tag","embeddable":true,"href":"https:\/\/theinvisiblecollection.com\/fr\/wp-json\/wp\/v2\/product_tag?post=481256"},{"taxonomy":"product_designer","embeddable":true,"href":"https:\/\/theinvisiblecollection.com\/fr\/wp-json\/wp\/v2\/product_designer?post=481256"},{"taxonomy":"comfabric","embeddable":true,"href":"https:\/\/theinvisiblecollection.com\/fr\/wp-json\/wp\/v2\/comfabric?post=481256"},{"taxonomy":"manufacturer","embeddable":true,"href":"https:\/\/theinvisiblecollection.com\/fr\/wp-json\/wp\/v2\/manufacturer?post=481256"},{"taxonomy":"reporting_designer","embeddable":true,"href":"https:\/\/theinvisiblecollection.com\/fr\/wp-json\/wp\/v2\/reporting_designer?post=481256"},{"taxonomy":"samplecomfabric","embeddable":true,"href":"https:\/\/theinvisiblecollection.com\/fr\/wp-json\/wp\/v2\/samplecomfabric?post=481256"},{"taxonomy":"clubroom_product_designer","embeddable":true,"href":"https:\/\/theinvisiblecollection.com\/fr\/wp-json\/wp\/v2\/designer_clubroom?post=481256"}],"curies":[{"name":"wp","href":"https:\/\/api.w.org\/{rel}","templated":true}]}}