{"id":4838558,"date":"2024-02-20T13:24:23","date_gmt":"2024-02-20T13:24:23","guid":{"rendered":"https:\/\/theinvisiblecollection.com\/?post_type=product&#038;p=4838558"},"modified":"2026-05-01T07:37:44","modified_gmt":"2026-05-01T07:37:44","slug":"veronese-suspension-anemone","status":"publish","type":"product","link":"https:\/\/theinvisiblecollection.com\/fr\/produit\/veronese-suspension-anemone\/","title":{"rendered":"Suspension An\u00e9mone"},"content":{"rendered":"<p data-start=\"0\" data-end=\"287\">Pour la collection An\u00e9mone, <span class=\"hover:entity-accent entity-underline inline cursor-pointer align-baseline\"><span class=\"whitespace-normal\">Maurizio Galante<\/span><\/span> et <span class=\"hover:entity-accent entity-underline inline cursor-pointer align-baseline\"><span class=\"whitespace-normal\">Tal Lancman<\/span><\/span> se sont inspir\u00e9s du monde aquatique. Fascin\u00e9s par le mouvement gracieux des an\u00e9mones de mer, ils ont imagin\u00e9 un lustre capable de capturer la po\u00e9sie fluide de la vie sous-marine.<\/p>\n<p data-start=\"289\" data-end=\"705\" data-is-last-node=\"\" data-is-only-node=\"\">Le concept consistait \u00e0 assembler une multitude d\u2019\u00e9l\u00e9ments en verre de Murano, chacun enti\u00e8rement fa\u00e7onn\u00e9 \u00e0 la main. Ces d\u00e9licats \u00ab drapeaux \u00bb de verre \u00e9voquent les tentacules souples et ondoyants des cr\u00e9atures marines, cr\u00e9ant une sensation de mouvement et de l\u00e9g\u00e8ret\u00e9. Sensibles \u00e0 l\u2019air et au toucher, ils semblent r\u00e9pondre aux caresses, insufflant un dynamisme vibrant, \u00e0 mille lieues des luminaires traditionnels.<\/p>\n","protected":false},"excerpt":{"rendered":"<p>Pour la collection An\u00e9mone, Maurizio Galante et Tal Lancman se sont inspir\u00e9s du monde aquatique. Fascin\u00e9s par le mouvement gracieux des an\u00e9mones de mer, ils ont imagin\u00e9 un lustre capable de capturer la po\u00e9sie fluide de la vie sous-marine. Le concept consistait \u00e0 assembler une multitude d\u2019\u00e9l\u00e9ments en verre de Murano, chacun enti\u00e8rement fa\u00e7onn\u00e9 \u00e0 [&hellip;]<\/p>\n","protected":false},"featured_media":4838586,"template":"","meta":{"_acf_changed":false,"content-type":"","_themeisle_gutenberg_block_has_review":false},"product_brand":[],"product_cat":[8961,12507],"product_tag":[9200,9728],"product_designer":[26916],"comfabric":[],"manufacturer":[36871],"reporting_designer":[37436],"samplecomfabric":[],"designer_clubroom":[],"class_list":{"0":"post-4838558","1":"product","2":"type-product","3":"status-publish","4":"has-post-thumbnail","6":"product_cat-suspensions","7":"product_cat-luminaires","8":"product_tag-luminaire-fr-2","9":"product_tag-chandelier-fr","10":"product_designer-veronese-fr","11":"manufacturer-veronese-pick-up-fr","12":"reporting_designer-veronese-fr","14":"first","15":"instock","16":"taxable","17":"shipping-taxable","18":"purchasable","19":"product-type-variable"},"acf":[],"_links":{"self":[{"href":"https:\/\/theinvisiblecollection.com\/fr\/wp-json\/wp\/v2\/product\/4838558","targetHints":{"allow":["GET"]}}],"collection":[{"href":"https:\/\/theinvisiblecollection.com\/fr\/wp-json\/wp\/v2\/product"}],"about":[{"href":"https:\/\/theinvisiblecollection.com\/fr\/wp-json\/wp\/v2\/types\/product"}],"wp:featuredmedia":[{"embeddable":true,"href":"https:\/\/theinvisiblecollection.com\/fr\/wp-json\/wp\/v2\/media\/4838586"}],"wp:attachment":[{"href":"https:\/\/theinvisiblecollection.com\/fr\/wp-json\/wp\/v2\/media?parent=4838558"}],"wp:term":[{"taxonomy":"product_brand","embeddable":true,"href":"https:\/\/theinvisiblecollection.com\/fr\/wp-json\/wp\/v2\/product_brand?post=4838558"},{"taxonomy":"product_cat","embeddable":true,"href":"https:\/\/theinvisiblecollection.com\/fr\/wp-json\/wp\/v2\/product_cat?post=4838558"},{"taxonomy":"product_tag","embeddable":true,"href":"https:\/\/theinvisiblecollection.com\/fr\/wp-json\/wp\/v2\/product_tag?post=4838558"},{"taxonomy":"product_designer","embeddable":true,"href":"https:\/\/theinvisiblecollection.com\/fr\/wp-json\/wp\/v2\/product_designer?post=4838558"},{"taxonomy":"comfabric","embeddable":true,"href":"https:\/\/theinvisiblecollection.com\/fr\/wp-json\/wp\/v2\/comfabric?post=4838558"},{"taxonomy":"manufacturer","embeddable":true,"href":"https:\/\/theinvisiblecollection.com\/fr\/wp-json\/wp\/v2\/manufacturer?post=4838558"},{"taxonomy":"reporting_designer","embeddable":true,"href":"https:\/\/theinvisiblecollection.com\/fr\/wp-json\/wp\/v2\/reporting_designer?post=4838558"},{"taxonomy":"samplecomfabric","embeddable":true,"href":"https:\/\/theinvisiblecollection.com\/fr\/wp-json\/wp\/v2\/samplecomfabric?post=4838558"},{"taxonomy":"clubroom_product_designer","embeddable":true,"href":"https:\/\/theinvisiblecollection.com\/fr\/wp-json\/wp\/v2\/designer_clubroom?post=4838558"}],"curies":[{"name":"wp","href":"https:\/\/api.w.org\/{rel}","templated":true}]}}