{"id":4877441,"date":"2024-04-11T16:10:50","date_gmt":"2024-04-11T16:10:50","guid":{"rendered":"https:\/\/theinvisiblecollection.com\/?post_type=product&#038;p=4877441"},"modified":"2026-05-08T04:38:58","modified_gmt":"2026-05-08T04:38:58","slug":"table-basse-underline","status":"publish","type":"product","link":"https:\/\/theinvisiblecollection.com\/fr\/produit\/table-basse-underline\/","title":{"rendered":"Table Basse Underline"},"content":{"rendered":"<p style=\"text-align: justify;\">Inspir\u00e9e de l&#8217;art classique de la cannelure que l&#8217;on retrouve dans les chefs-d&#8217;\u0153uvre architecturaux et les arts d\u00e9coratifs, la table basse Underline de Hegi Design Studio t\u00e9moigne de l&#8217;\u00e9l\u00e9gance intemporelle de cette technique de conception. La cannelure, caract\u00e9ris\u00e9e par des rainures peu profondes le long d&#8217;une surface, am\u00e9liore non seulement le jeu de lumi\u00e8re sur une colonne, mais conf\u00e8re \u00e9galement une impression de rondeur parfaite qui rehausse l&#8217;esth\u00e9tique g\u00e9n\u00e9rale. Dans la tradition des architectes grecs qui consid\u00e9raient le rythme comme un \u00e9l\u00e9ment fondamental de la conception, la cannelure \u00e9tait un choix privil\u00e9gi\u00e9 pour orner les b\u00e2timents et les temples. Cette technique a \u00e9t\u00e9 ing\u00e9nieusement employ\u00e9e dans les colonnes pour renforcer l\u2019illusion de finesse, de l\u00e9g\u00e8ret\u00e9 et d&#8217;\u00e9l\u00e9gance.<\/p>\n","protected":false},"excerpt":{"rendered":"<p>Inspir\u00e9e de l&#8217;art classique de la cannelure que l&#8217;on retrouve dans les chefs-d&#8217;\u0153uvre architecturaux et les arts d\u00e9coratifs, la table basse Underline de Hegi Design Studio t\u00e9moigne de l&#8217;\u00e9l\u00e9gance intemporelle de cette technique de conception. La cannelure, caract\u00e9ris\u00e9e par des rainures peu profondes le long d&#8217;une surface, am\u00e9liore non seulement le jeu de lumi\u00e8re sur [&hellip;]<\/p>\n","protected":false},"featured_media":4877435,"template":"","meta":{"_acf_changed":false,"content-type":"","_themeisle_gutenberg_block_has_review":false},"product_brand":[],"product_cat":[7509,12503],"product_tag":[33319],"product_designer":[27302],"comfabric":[],"manufacturer":[27300],"reporting_designer":[37593],"samplecomfabric":[],"designer_clubroom":[],"class_list":{"0":"post-4877441","1":"product","2":"type-product","3":"status-publish","4":"has-post-thumbnail","6":"product_cat-tables-basses-dappoint","7":"product_cat-tables-fr","8":"product_tag-edition-limitee","9":"pa_finish-mate","10":"pa_finish-satinee","11":"pa_size-grand-fr","12":"pa_size-petit","13":"product_designer-hegi-design-studio-fr","14":"manufacturer-hegi-design-studio-fr","15":"reporting_designer-hegi-design-studio","17":"first","18":"instock","19":"taxable","20":"shipping-taxable","21":"purchasable","22":"product-type-variable"},"acf":[],"_links":{"self":[{"href":"https:\/\/theinvisiblecollection.com\/fr\/wp-json\/wp\/v2\/product\/4877441","targetHints":{"allow":["GET"]}}],"collection":[{"href":"https:\/\/theinvisiblecollection.com\/fr\/wp-json\/wp\/v2\/product"}],"about":[{"href":"https:\/\/theinvisiblecollection.com\/fr\/wp-json\/wp\/v2\/types\/product"}],"wp:featuredmedia":[{"embeddable":true,"href":"https:\/\/theinvisiblecollection.com\/fr\/wp-json\/wp\/v2\/media\/4877435"}],"wp:attachment":[{"href":"https:\/\/theinvisiblecollection.com\/fr\/wp-json\/wp\/v2\/media?parent=4877441"}],"wp:term":[{"taxonomy":"product_brand","embeddable":true,"href":"https:\/\/theinvisiblecollection.com\/fr\/wp-json\/wp\/v2\/product_brand?post=4877441"},{"taxonomy":"product_cat","embeddable":true,"href":"https:\/\/theinvisiblecollection.com\/fr\/wp-json\/wp\/v2\/product_cat?post=4877441"},{"taxonomy":"product_tag","embeddable":true,"href":"https:\/\/theinvisiblecollection.com\/fr\/wp-json\/wp\/v2\/product_tag?post=4877441"},{"taxonomy":"product_designer","embeddable":true,"href":"https:\/\/theinvisiblecollection.com\/fr\/wp-json\/wp\/v2\/product_designer?post=4877441"},{"taxonomy":"comfabric","embeddable":true,"href":"https:\/\/theinvisiblecollection.com\/fr\/wp-json\/wp\/v2\/comfabric?post=4877441"},{"taxonomy":"manufacturer","embeddable":true,"href":"https:\/\/theinvisiblecollection.com\/fr\/wp-json\/wp\/v2\/manufacturer?post=4877441"},{"taxonomy":"reporting_designer","embeddable":true,"href":"https:\/\/theinvisiblecollection.com\/fr\/wp-json\/wp\/v2\/reporting_designer?post=4877441"},{"taxonomy":"samplecomfabric","embeddable":true,"href":"https:\/\/theinvisiblecollection.com\/fr\/wp-json\/wp\/v2\/samplecomfabric?post=4877441"},{"taxonomy":"clubroom_product_designer","embeddable":true,"href":"https:\/\/theinvisiblecollection.com\/fr\/wp-json\/wp\/v2\/designer_clubroom?post=4877441"}],"curies":[{"name":"wp","href":"https:\/\/api.w.org\/{rel}","templated":true}]}}