{"id":4877453,"date":"2024-02-27T16:08:43","date_gmt":"2024-02-27T16:08:43","guid":{"rendered":"https:\/\/theinvisiblecollection.com\/?post_type=product&#038;p=4877453"},"modified":"2026-05-01T07:37:44","modified_gmt":"2026-05-01T07:37:44","slug":"hegi-design-table-appoint-pom-pom","status":"publish","type":"product","link":"https:\/\/theinvisiblecollection.com\/fr\/produit\/hegi-design-table-appoint-pom-pom\/","title":{"rendered":"Table D&#8217;Appoint Pom Pom"},"content":{"rendered":"<p style=\"text-align: justify;\">La table d&#8217;appoint Pom Pom de Hegi Design Studio<span data-contrast=\"auto\"> s&#8217;inspire de l&#8217;architecture sph\u00e9rique (biblioth\u00e8que Tianjin Binhai, Tianjin, Chine) et du Nagoya City Science Museum (Nagoya, Japon).<\/span><span data-ccp-props=\"{&quot;134233117&quot;:false,&quot;134233118&quot;:false,&quot;335551550&quot;:0,&quot;335551620&quot;:0,&quot;335559738&quot;:0,&quot;335559739&quot;:0}\">\u00a0<\/span><span data-contrast=\"auto\">Ces structures \u00e9tonnantes attestent que les formes intemporelles n&#8217;ont jamais perdu leur attrait aupr\u00e8s des architectes et du public en g\u00e9n\u00e9ral.<\/span><span data-ccp-props=\"{&quot;134233117&quot;:false,&quot;134233118&quot;:false,&quot;335551550&quot;:0,&quot;335551620&quot;:0,&quot;335559738&quot;:0,&quot;335559739&quot;:0}\">\u00a0<\/span><\/p>\n","protected":false},"excerpt":{"rendered":"<p>La table d&#8217;appoint Pom Pom de Hegi Design Studio s&#8217;inspire de l&#8217;architecture sph\u00e9rique (biblioth\u00e8que Tianjin Binhai, Tianjin, Chine) et du Nagoya City Science Museum (Nagoya, Japon).\u00a0Ces structures \u00e9tonnantes attestent que les formes intemporelles n&#8217;ont jamais perdu leur attrait aupr\u00e8s des architectes et du public en g\u00e9n\u00e9ral.\u00a0<\/p>\n","protected":false},"featured_media":4877466,"template":"","meta":{"_acf_changed":false,"content-type":"","_themeisle_gutenberg_block_has_review":false},"product_brand":[],"product_cat":[12332,12503],"product_tag":[33319],"product_designer":[27302],"comfabric":[],"manufacturer":[27300],"reporting_designer":[37593],"samplecomfabric":[],"designer_clubroom":[],"class_list":{"0":"post-4877453","1":"product","2":"type-product","3":"status-publish","4":"has-post-thumbnail","6":"product_cat-tables-dappoint","7":"product_cat-tables-fr","8":"product_tag-edition-limitee","9":"pa_finish-mate","10":"pa_finish-satinee","11":"product_designer-hegi-design-studio-fr","12":"manufacturer-hegi-design-studio-fr","13":"reporting_designer-hegi-design-studio","15":"first","16":"instock","17":"taxable","18":"shipping-taxable","19":"purchasable","20":"product-type-variable"},"acf":[],"_links":{"self":[{"href":"https:\/\/theinvisiblecollection.com\/fr\/wp-json\/wp\/v2\/product\/4877453","targetHints":{"allow":["GET"]}}],"collection":[{"href":"https:\/\/theinvisiblecollection.com\/fr\/wp-json\/wp\/v2\/product"}],"about":[{"href":"https:\/\/theinvisiblecollection.com\/fr\/wp-json\/wp\/v2\/types\/product"}],"wp:featuredmedia":[{"embeddable":true,"href":"https:\/\/theinvisiblecollection.com\/fr\/wp-json\/wp\/v2\/media\/4877466"}],"wp:attachment":[{"href":"https:\/\/theinvisiblecollection.com\/fr\/wp-json\/wp\/v2\/media?parent=4877453"}],"wp:term":[{"taxonomy":"product_brand","embeddable":true,"href":"https:\/\/theinvisiblecollection.com\/fr\/wp-json\/wp\/v2\/product_brand?post=4877453"},{"taxonomy":"product_cat","embeddable":true,"href":"https:\/\/theinvisiblecollection.com\/fr\/wp-json\/wp\/v2\/product_cat?post=4877453"},{"taxonomy":"product_tag","embeddable":true,"href":"https:\/\/theinvisiblecollection.com\/fr\/wp-json\/wp\/v2\/product_tag?post=4877453"},{"taxonomy":"product_designer","embeddable":true,"href":"https:\/\/theinvisiblecollection.com\/fr\/wp-json\/wp\/v2\/product_designer?post=4877453"},{"taxonomy":"comfabric","embeddable":true,"href":"https:\/\/theinvisiblecollection.com\/fr\/wp-json\/wp\/v2\/comfabric?post=4877453"},{"taxonomy":"manufacturer","embeddable":true,"href":"https:\/\/theinvisiblecollection.com\/fr\/wp-json\/wp\/v2\/manufacturer?post=4877453"},{"taxonomy":"reporting_designer","embeddable":true,"href":"https:\/\/theinvisiblecollection.com\/fr\/wp-json\/wp\/v2\/reporting_designer?post=4877453"},{"taxonomy":"samplecomfabric","embeddable":true,"href":"https:\/\/theinvisiblecollection.com\/fr\/wp-json\/wp\/v2\/samplecomfabric?post=4877453"},{"taxonomy":"clubroom_product_designer","embeddable":true,"href":"https:\/\/theinvisiblecollection.com\/fr\/wp-json\/wp\/v2\/designer_clubroom?post=4877453"}],"curies":[{"name":"wp","href":"https:\/\/api.w.org\/{rel}","templated":true}]}}