{"id":4877478,"date":"2024-02-27T16:14:51","date_gmt":"2024-02-27T16:14:51","guid":{"rendered":"https:\/\/theinvisiblecollection.com\/?post_type=product&#038;p=4877478"},"modified":"2026-05-01T07:37:44","modified_gmt":"2026-05-01T07:37:44","slug":"hegi-design-table-bold","status":"publish","type":"product","link":"https:\/\/theinvisiblecollection.com\/fr\/produit\/hegi-design-table-bold\/","title":{"rendered":"Table Bold"},"content":{"rendered":"<p style=\"text-align: justify;\">L&#8217;esth\u00e9tique de la table Bold d&#8217;Hegi Design Studio <span data-contrast=\"auto\">s&#8217;inspire des maisons du milieu du si\u00e8cle, de leurs formes et de leur force inn\u00e9e ; c&#8217;est un m\u00e9lange de minimalisme et de maximalisme. La table Bold est destin\u00e9e \u00e0 \u00eatre utilis\u00e9e tous les jours, cr\u00e9\u00e9e pour durer et pour des moments avec les personnes qui nous sont ch\u00e8res. La table Bold se compose de six pieds de table assembl\u00e9s avec pr\u00e9cision. Elle est disponible dans une vari\u00e9t\u00e9 de diff\u00e9rents mat\u00e9riaux, dont le bois, le marbre et le laiton. <\/span><span data-contrast=\"auto\">Cette pi\u00e8ce tr\u00e8s contemporaine et tout aussi pratique, s&#8217;adapte \u00e0 tous les int\u00e9rieurs et \u00e0 tous les styles.<\/span><span data-ccp-props=\"{&quot;134233117&quot;:false,&quot;134233118&quot;:false,&quot;335551550&quot;:0,&quot;335551620&quot;:0,&quot;335559738&quot;:0,&quot;335559739&quot;:0}\">\u00a0<\/span><\/p>\n","protected":false},"excerpt":{"rendered":"<p>L&#8217;esth\u00e9tique de la table Bold d&#8217;Hegi Design Studio s&#8217;inspire des maisons du milieu du si\u00e8cle, de leurs formes et de leur force inn\u00e9e ; c&#8217;est un m\u00e9lange de minimalisme et de maximalisme. La table Bold est destin\u00e9e \u00e0 \u00eatre utilis\u00e9e tous les jours, cr\u00e9\u00e9e pour durer et pour des moments avec les personnes qui nous [&hellip;]<\/p>\n","protected":false},"featured_media":4877486,"template":"","meta":{"_acf_changed":false,"content-type":"","_themeisle_gutenberg_block_has_review":false},"product_brand":[],"product_cat":[8977,12503],"product_tag":[33319],"product_designer":[27302],"comfabric":[],"manufacturer":[27300],"reporting_designer":[37593],"samplecomfabric":[],"designer_clubroom":[],"class_list":{"0":"post-4877478","1":"product","2":"type-product","3":"status-publish","4":"has-post-thumbnail","6":"product_cat-tables-salle-a-manger","7":"product_cat-tables-fr","8":"product_tag-edition-limitee","9":"pa_finish-mate","10":"pa_finish-satinee","11":"pa_size-large-fr-2","12":"pa_size-moyen","13":"pa_size-petit","14":"product_designer-hegi-design-studio-fr","15":"manufacturer-hegi-design-studio-fr","16":"reporting_designer-hegi-design-studio","18":"first","19":"instock","20":"taxable","21":"shipping-taxable","22":"purchasable","23":"product-type-variable"},"acf":[],"_links":{"self":[{"href":"https:\/\/theinvisiblecollection.com\/fr\/wp-json\/wp\/v2\/product\/4877478","targetHints":{"allow":["GET"]}}],"collection":[{"href":"https:\/\/theinvisiblecollection.com\/fr\/wp-json\/wp\/v2\/product"}],"about":[{"href":"https:\/\/theinvisiblecollection.com\/fr\/wp-json\/wp\/v2\/types\/product"}],"wp:featuredmedia":[{"embeddable":true,"href":"https:\/\/theinvisiblecollection.com\/fr\/wp-json\/wp\/v2\/media\/4877486"}],"wp:attachment":[{"href":"https:\/\/theinvisiblecollection.com\/fr\/wp-json\/wp\/v2\/media?parent=4877478"}],"wp:term":[{"taxonomy":"product_brand","embeddable":true,"href":"https:\/\/theinvisiblecollection.com\/fr\/wp-json\/wp\/v2\/product_brand?post=4877478"},{"taxonomy":"product_cat","embeddable":true,"href":"https:\/\/theinvisiblecollection.com\/fr\/wp-json\/wp\/v2\/product_cat?post=4877478"},{"taxonomy":"product_tag","embeddable":true,"href":"https:\/\/theinvisiblecollection.com\/fr\/wp-json\/wp\/v2\/product_tag?post=4877478"},{"taxonomy":"product_designer","embeddable":true,"href":"https:\/\/theinvisiblecollection.com\/fr\/wp-json\/wp\/v2\/product_designer?post=4877478"},{"taxonomy":"comfabric","embeddable":true,"href":"https:\/\/theinvisiblecollection.com\/fr\/wp-json\/wp\/v2\/comfabric?post=4877478"},{"taxonomy":"manufacturer","embeddable":true,"href":"https:\/\/theinvisiblecollection.com\/fr\/wp-json\/wp\/v2\/manufacturer?post=4877478"},{"taxonomy":"reporting_designer","embeddable":true,"href":"https:\/\/theinvisiblecollection.com\/fr\/wp-json\/wp\/v2\/reporting_designer?post=4877478"},{"taxonomy":"samplecomfabric","embeddable":true,"href":"https:\/\/theinvisiblecollection.com\/fr\/wp-json\/wp\/v2\/samplecomfabric?post=4877478"},{"taxonomy":"clubroom_product_designer","embeddable":true,"href":"https:\/\/theinvisiblecollection.com\/fr\/wp-json\/wp\/v2\/designer_clubroom?post=4877478"}],"curies":[{"name":"wp","href":"https:\/\/api.w.org\/{rel}","templated":true}]}}