{"id":4877518,"date":"2024-02-27T16:25:44","date_gmt":"2024-02-27T16:25:44","guid":{"rendered":"https:\/\/theinvisiblecollection.com\/?post_type=product&#038;p=4877518"},"modified":"2026-05-01T07:37:44","modified_gmt":"2026-05-01T07:37:44","slug":"hegi-design-table-appoint-underline","status":"publish","type":"product","link":"https:\/\/theinvisiblecollection.com\/fr\/produit\/hegi-design-table-appoint-underline\/","title":{"rendered":"Table D&#8217;Appoint Underline"},"content":{"rendered":"<p style=\"text-align: justify;\"><span class=\"TextRun MacChromeBold SCXW3275471 BCX0\" lang=\"FR-FR\" xml:lang=\"FR-FR\" data-contrast=\"auto\"><span class=\"NormalTextRun SCXW3275471 BCX0\">Dans la cr\u00e9ation de la table de chevet <\/span><span class=\"NormalTextRun SpellingErrorV2Themed SCXW3275471 BCX0\">Underline<\/span><\/span><span class=\"TextRun SCXW3275471 BCX0\" lang=\"FR-FR\" xml:lang=\"FR-FR\" data-contrast=\"auto\"><span class=\"NormalTextRun SCXW3275471 BCX0\">, les designers associent leur savoir-faire artisanal en mati\u00e8re de bois \u00e0 une touche contemporaine. Le tiroir dissimul\u00e9 offre non seulement un espace de rangement pratique pour vos accessoires de nuit, mais il vous permet \u00e9galement de conserver un espace de chevet personnalisable.<\/span><\/span><span class=\"EOP SCXW3275471 BCX0\" data-ccp-props=\"{&quot;134233117&quot;:false,&quot;134233118&quot;:false,&quot;335551550&quot;:0,&quot;335551620&quot;:0,&quot;335559738&quot;:0,&quot;335559739&quot;:0}\">\u00a0<\/span><\/p>\n","protected":false},"excerpt":{"rendered":"<p>Dans la cr\u00e9ation de la table de chevet Underline, les designers associent leur savoir-faire artisanal en mati\u00e8re de bois \u00e0 une touche contemporaine. Le tiroir dissimul\u00e9 offre non seulement un espace de rangement pratique pour vos accessoires de nuit, mais il vous permet \u00e9galement de conserver un espace de chevet personnalisable.\u00a0<\/p>\n","protected":false},"featured_media":4877530,"template":"","meta":{"_acf_changed":false,"content-type":"","_themeisle_gutenberg_block_has_review":false},"product_brand":[],"product_cat":[12501,12514],"product_tag":[33319],"product_designer":[27302],"comfabric":[],"manufacturer":[27300],"reporting_designer":[37593],"samplecomfabric":[],"designer_clubroom":[],"class_list":{"0":"post-4877518","1":"product","2":"type-product","3":"status-publish","4":"has-post-thumbnail","6":"product_cat-chambre-a-coucher","7":"product_cat-tables-de-chevet","8":"product_tag-edition-limitee","9":"pa_finish-mate","10":"pa_finish-satinee","11":"product_designer-hegi-design-studio-fr","12":"manufacturer-hegi-design-studio-fr","13":"reporting_designer-hegi-design-studio","15":"first","16":"instock","17":"taxable","18":"shipping-taxable","19":"purchasable","20":"product-type-variable"},"acf":[],"_links":{"self":[{"href":"https:\/\/theinvisiblecollection.com\/fr\/wp-json\/wp\/v2\/product\/4877518","targetHints":{"allow":["GET"]}}],"collection":[{"href":"https:\/\/theinvisiblecollection.com\/fr\/wp-json\/wp\/v2\/product"}],"about":[{"href":"https:\/\/theinvisiblecollection.com\/fr\/wp-json\/wp\/v2\/types\/product"}],"wp:featuredmedia":[{"embeddable":true,"href":"https:\/\/theinvisiblecollection.com\/fr\/wp-json\/wp\/v2\/media\/4877530"}],"wp:attachment":[{"href":"https:\/\/theinvisiblecollection.com\/fr\/wp-json\/wp\/v2\/media?parent=4877518"}],"wp:term":[{"taxonomy":"product_brand","embeddable":true,"href":"https:\/\/theinvisiblecollection.com\/fr\/wp-json\/wp\/v2\/product_brand?post=4877518"},{"taxonomy":"product_cat","embeddable":true,"href":"https:\/\/theinvisiblecollection.com\/fr\/wp-json\/wp\/v2\/product_cat?post=4877518"},{"taxonomy":"product_tag","embeddable":true,"href":"https:\/\/theinvisiblecollection.com\/fr\/wp-json\/wp\/v2\/product_tag?post=4877518"},{"taxonomy":"product_designer","embeddable":true,"href":"https:\/\/theinvisiblecollection.com\/fr\/wp-json\/wp\/v2\/product_designer?post=4877518"},{"taxonomy":"comfabric","embeddable":true,"href":"https:\/\/theinvisiblecollection.com\/fr\/wp-json\/wp\/v2\/comfabric?post=4877518"},{"taxonomy":"manufacturer","embeddable":true,"href":"https:\/\/theinvisiblecollection.com\/fr\/wp-json\/wp\/v2\/manufacturer?post=4877518"},{"taxonomy":"reporting_designer","embeddable":true,"href":"https:\/\/theinvisiblecollection.com\/fr\/wp-json\/wp\/v2\/reporting_designer?post=4877518"},{"taxonomy":"samplecomfabric","embeddable":true,"href":"https:\/\/theinvisiblecollection.com\/fr\/wp-json\/wp\/v2\/samplecomfabric?post=4877518"},{"taxonomy":"clubroom_product_designer","embeddable":true,"href":"https:\/\/theinvisiblecollection.com\/fr\/wp-json\/wp\/v2\/designer_clubroom?post=4877518"}],"curies":[{"name":"wp","href":"https:\/\/api.w.org\/{rel}","templated":true}]}}