{"id":4917072,"date":"2024-03-05T13:52:21","date_gmt":"2024-03-05T13:52:21","guid":{"rendered":"https:\/\/theinvisiblecollection.com\/?post_type=product&#038;p=4917072"},"modified":"2026-05-01T07:37:44","modified_gmt":"2026-05-01T07:37:44","slug":"uchronia-table-basse-peanut-glossy","status":"publish","type":"product","link":"https:\/\/theinvisiblecollection.com\/fr\/produit\/uchronia-table-basse-peanut-glossy\/","title":{"rendered":"Table Basse Peanut Glossy"},"content":{"rendered":"<div>\n<div>\n<p style=\"text-align: justify;\">La table basse \u00ab Peanut \u00bb, con\u00e7ue avec un plateau en r\u00e9sine brillante et un pi\u00e9tement en placage bois, appartient \u00e0 la collection Univers Uchronia. Avec ses courbes \u00e9l\u00e9gantes et ses teintes \u00e9clatantes, elle \u00e9voque la gourmandise des cacahu\u00e8tes.<\/p>\n<\/div>\n<div style=\"text-align: justify;\">\n<p>D\u00e9clin\u00e9e en diverses finitions \u2013 laque brillante ou mates, pierre de lave \u00e9maill\u00e9e, r\u00e9sine brillante ou mate, ainsi que des nuances d\u00e9grad\u00e9es \u2013 elle s\u2019adapte \u00e0 toutes les envies. Symbole du savoir-faire et de l\u2019artisanat fran\u00e7ais, chaque pi\u00e8ce est fabriqu\u00e9e avec soin en r\u00e9gion parisienne.<\/p>\n<\/div>\n<div>\n<p style=\"text-align: justify;\">Chaque pi\u00e8ce est unique en raison de sa nature artisanale, les teintes varient l\u00e9g\u00e8rement.<\/p>\n<\/div>\n<\/div>\n","protected":false},"excerpt":{"rendered":"<p>Table basse avec plateau en r\u00e9sine, \u00e9galement disponible laqu\u00e9e dans la couleur de votre choix (r\u00e9f\u00e9rence RAL)<br \/>\n<a href=\"https:\/\/theinvisiblecollection.com\/wp-content\/uploads\/2022\/01\/TheInvisibleCollection_Uchronia_Resin-Selection.pdf\" target=\"_blank\" rel=\"noopener\"><span style=\"text-decoration: underline;\">D\u00e9couvrez la s\u00e9lection de r\u00e9sines ici<\/span><\/a><br \/>\nPi\u00e8tement photographi\u00e9 ici en noyer<br \/>\n<a href=\"https:\/\/theinvisiblecollection.com\/wp-content\/uploads\/2022\/01\/TheInvisibleCollection-Uchronia-_-WoodSelection_PeanutTable.pdf\" target=\"_blank\" rel=\"noopener\"><span style=\"text-decoration: underline;\">D\u00e9couvrez la s\u00e9lection de bois ici<\/span><\/a><br \/>\nFinition mate ou brillante<br \/>\nCouleurs, dimensions et mat\u00e9riaux sur-mesure sur demande<\/p>\n<p>L 120 x l 84 x H 37 cm<\/p>\n<p>Fabriqu\u00e9e \u00e0 la main en France<br \/>\nD\u00e9lais de fabrication : 14 semaines<\/p>\n<p class=\"p1\"><span style=\"text-decoration: underline;\"><span class=\"s1\"><a href=\"https:\/\/www.theinvisiblecollection.com\/fr\/demande-de-devis\/?product_id=114051\" target=\"_blank\" rel=\"noopener\">Contactez-nous pour toute demande de devis ou de renseignements<\/a><\/span><\/span><\/p>\n","protected":false},"featured_media":4917150,"template":"","meta":{"_acf_changed":false,"content-type":"","_themeisle_gutenberg_block_has_review":false},"product_brand":[],"product_cat":[7509,12503],"product_tag":[],"product_designer":[15211],"comfabric":[],"manufacturer":[21202],"reporting_designer":[37287],"samplecomfabric":[],"designer_clubroom":[],"class_list":{"0":"post-4917072","1":"product","2":"type-product","3":"status-publish","4":"has-post-thumbnail","6":"product_cat-tables-basses-dappoint","7":"product_cat-tables-fr","8":"product_designer-uchronia-fr","9":"manufacturer-atelier-uchronia-paris-fr","10":"reporting_designer-uchronia","12":"first","13":"instock","14":"taxable","15":"shipping-taxable","16":"purchasable","17":"product-type-variable"},"acf":[],"_links":{"self":[{"href":"https:\/\/theinvisiblecollection.com\/fr\/wp-json\/wp\/v2\/product\/4917072","targetHints":{"allow":["GET"]}}],"collection":[{"href":"https:\/\/theinvisiblecollection.com\/fr\/wp-json\/wp\/v2\/product"}],"about":[{"href":"https:\/\/theinvisiblecollection.com\/fr\/wp-json\/wp\/v2\/types\/product"}],"wp:featuredmedia":[{"embeddable":true,"href":"https:\/\/theinvisiblecollection.com\/fr\/wp-json\/wp\/v2\/media\/4917150"}],"wp:attachment":[{"href":"https:\/\/theinvisiblecollection.com\/fr\/wp-json\/wp\/v2\/media?parent=4917072"}],"wp:term":[{"taxonomy":"product_brand","embeddable":true,"href":"https:\/\/theinvisiblecollection.com\/fr\/wp-json\/wp\/v2\/product_brand?post=4917072"},{"taxonomy":"product_cat","embeddable":true,"href":"https:\/\/theinvisiblecollection.com\/fr\/wp-json\/wp\/v2\/product_cat?post=4917072"},{"taxonomy":"product_tag","embeddable":true,"href":"https:\/\/theinvisiblecollection.com\/fr\/wp-json\/wp\/v2\/product_tag?post=4917072"},{"taxonomy":"product_designer","embeddable":true,"href":"https:\/\/theinvisiblecollection.com\/fr\/wp-json\/wp\/v2\/product_designer?post=4917072"},{"taxonomy":"comfabric","embeddable":true,"href":"https:\/\/theinvisiblecollection.com\/fr\/wp-json\/wp\/v2\/comfabric?post=4917072"},{"taxonomy":"manufacturer","embeddable":true,"href":"https:\/\/theinvisiblecollection.com\/fr\/wp-json\/wp\/v2\/manufacturer?post=4917072"},{"taxonomy":"reporting_designer","embeddable":true,"href":"https:\/\/theinvisiblecollection.com\/fr\/wp-json\/wp\/v2\/reporting_designer?post=4917072"},{"taxonomy":"samplecomfabric","embeddable":true,"href":"https:\/\/theinvisiblecollection.com\/fr\/wp-json\/wp\/v2\/samplecomfabric?post=4917072"},{"taxonomy":"clubroom_product_designer","embeddable":true,"href":"https:\/\/theinvisiblecollection.com\/fr\/wp-json\/wp\/v2\/designer_clubroom?post=4917072"}],"curies":[{"name":"wp","href":"https:\/\/api.w.org\/{rel}","templated":true}]}}