{"id":4928744,"date":"2024-03-07T16:30:43","date_gmt":"2024-03-07T16:30:43","guid":{"rendered":"https:\/\/theinvisiblecollection.com\/?post_type=product&#038;p=4928744"},"modified":"2026-05-01T07:37:44","modified_gmt":"2026-05-01T07:37:44","slug":"hamrei-table-dappoint-fun-guy-gun-metal","status":"publish","type":"product","link":"https:\/\/theinvisiblecollection.com\/fr\/produit\/hamrei-table-dappoint-fun-guy-gun-metal\/","title":{"rendered":"Table d&#8217;appoint Fun Guy Gun Metal"},"content":{"rendered":"<p style=\"text-align: justify;\"><span class=\"TextRun SCXW200093365 BCX8\" lang=\"FR\" xml:lang=\"FR\" data-contrast=\"auto\"><span class=\"NormalTextRun SCXW200093365 BCX8\">Les tables Fun Guy de Hamrei sont l&#8217;aboutissement d&#8217;heures de travail manuel. Le moule initial est sculpt\u00e9 dans le bois, coul\u00e9 dans l&#8217;aluminium, textur\u00e9 \u00e0 la main, puis coul\u00e9 dans le bronze massif. Finallement, la beaut\u00e9 du bronze r\u00e9side dans l&#8217;interaction avec la lumi\u00e8re, l&#8217;apparence changeant au cours de la journ\u00e9e. Parfois, il danse avec le doux reflet du soleil, projetant une lumi\u00e8re hypnotique, parfois il brille d&#8217;une chaleur plus sombre. Leur nature ludique est \u00e0 l&#8217;origine de leur nom, Fun Guy.<\/span><\/span><span class=\"EOP SCXW200093365 BCX8\" data-ccp-props=\"{&quot;134233117&quot;:false,&quot;134233118&quot;:false,&quot;335551550&quot;:6,&quot;335551620&quot;:6,&quot;335559738&quot;:0,&quot;335559739&quot;:0}\">\u00a0<\/span><\/p>\n","protected":false},"excerpt":{"rendered":"<p>Table d&#8217;appoint en verre de murano massif coul\u00e9, couleur \u00e9meraude<br \/>\n<a href=\"https:\/\/theinvisiblecollection.com\/wp-content\/uploads\/2022\/02\/TheInvisibleCollection_Hamrei_Fabric_Finish-selection.pdf\" target=\"_blank\" rel=\"noopener\"><span style=\"text-decoration: underline;\">D\u00e9couvrez la s\u00e9lection de couleurs ici<\/span><\/a><br \/>\nPieds en acier massif forg\u00e9 \u00e0 la main, noirci et textur\u00e9<br \/>\nCouleurs sur-mesure sur demande<\/p>\n<p>\u00d8 36 x H 48 cm<br \/>\nPlateau en verre : \u00d8 32 cm<\/p>\n<p class=\"p1\">Fabriqu\u00e9e \u00e0 la main en Italie \/ Royaume-Uni<br \/>\nD\u00e9lais de fabrication : 12 semaines<\/p>\n<p class=\"p2\"><span style=\"text-decoration: underline;\"><span class=\"s1\"><a href=\"https:\/\/www.theinvisiblecollection.com\/fr\/demande-de-devis\/?product_id=121552\" target=\"_blank\" rel=\"noopener\">Contactez-nous pour toute demande de devis ou de renseignements<\/a><\/span><\/span><\/p>\n","protected":false},"featured_media":4928765,"template":"","meta":{"_acf_changed":false,"content-type":"","_themeisle_gutenberg_block_has_review":false},"product_brand":[],"product_cat":[12514,12332,12503],"product_tag":[7435,35206],"product_designer":[15640],"comfabric":[],"manufacturer":[26773],"reporting_designer":[37793],"samplecomfabric":[],"designer_clubroom":[],"class_list":{"0":"post-4928744","1":"product","2":"type-product","3":"status-publish","4":"has-post-thumbnail","6":"product_cat-tables-de-chevet","7":"product_cat-tables-dappoint","8":"product_cat-tables-fr","9":"product_tag-new-in-fr","10":"product_tag-exclusive-fr","11":"pa_size-grand-fr","12":"pa_size-petit","13":"product_designer-hamrei-fr","14":"manufacturer-hamrei-atelier-lisbon-flix-correia-fr","15":"reporting_designer-hamrei","17":"first","18":"instock","19":"taxable","20":"shipping-taxable","21":"purchasable","22":"product-type-variable"},"acf":[],"_links":{"self":[{"href":"https:\/\/theinvisiblecollection.com\/fr\/wp-json\/wp\/v2\/product\/4928744","targetHints":{"allow":["GET"]}}],"collection":[{"href":"https:\/\/theinvisiblecollection.com\/fr\/wp-json\/wp\/v2\/product"}],"about":[{"href":"https:\/\/theinvisiblecollection.com\/fr\/wp-json\/wp\/v2\/types\/product"}],"wp:featuredmedia":[{"embeddable":true,"href":"https:\/\/theinvisiblecollection.com\/fr\/wp-json\/wp\/v2\/media\/4928765"}],"wp:attachment":[{"href":"https:\/\/theinvisiblecollection.com\/fr\/wp-json\/wp\/v2\/media?parent=4928744"}],"wp:term":[{"taxonomy":"product_brand","embeddable":true,"href":"https:\/\/theinvisiblecollection.com\/fr\/wp-json\/wp\/v2\/product_brand?post=4928744"},{"taxonomy":"product_cat","embeddable":true,"href":"https:\/\/theinvisiblecollection.com\/fr\/wp-json\/wp\/v2\/product_cat?post=4928744"},{"taxonomy":"product_tag","embeddable":true,"href":"https:\/\/theinvisiblecollection.com\/fr\/wp-json\/wp\/v2\/product_tag?post=4928744"},{"taxonomy":"product_designer","embeddable":true,"href":"https:\/\/theinvisiblecollection.com\/fr\/wp-json\/wp\/v2\/product_designer?post=4928744"},{"taxonomy":"comfabric","embeddable":true,"href":"https:\/\/theinvisiblecollection.com\/fr\/wp-json\/wp\/v2\/comfabric?post=4928744"},{"taxonomy":"manufacturer","embeddable":true,"href":"https:\/\/theinvisiblecollection.com\/fr\/wp-json\/wp\/v2\/manufacturer?post=4928744"},{"taxonomy":"reporting_designer","embeddable":true,"href":"https:\/\/theinvisiblecollection.com\/fr\/wp-json\/wp\/v2\/reporting_designer?post=4928744"},{"taxonomy":"samplecomfabric","embeddable":true,"href":"https:\/\/theinvisiblecollection.com\/fr\/wp-json\/wp\/v2\/samplecomfabric?post=4928744"},{"taxonomy":"clubroom_product_designer","embeddable":true,"href":"https:\/\/theinvisiblecollection.com\/fr\/wp-json\/wp\/v2\/designer_clubroom?post=4928744"}],"curies":[{"name":"wp","href":"https:\/\/api.w.org\/{rel}","templated":true}]}}