{"id":4947052,"date":"2024-03-11T13:01:57","date_gmt":"2024-03-11T13:01:57","guid":{"rendered":"https:\/\/theinvisiblecollection.com\/?post_type=product&#038;p=4947052"},"modified":"2026-05-01T07:37:41","modified_gmt":"2026-05-01T07:37:41","slug":"atelier-pendhapa-cabinet-shell-chene","status":"publish","type":"product","link":"https:\/\/theinvisiblecollection.com\/fr\/produit\/atelier-pendhapa-cabinet-shell-chene\/","title":{"rendered":"Cabinet Shell Ch\u00eane"},"content":{"rendered":"<p style=\"text-align: justify;\">Shell est une pi\u00e8ce \u00e0 la surface externe irr\u00e9guli\u00e8re mais qui cache un int\u00e9rieur vernis lui donnant son aspect pr\u00e9cieux. Tandis que sa peau ext\u00e9rieure est en bois solide textur\u00e9, son int\u00e9rieur est en bois laqu\u00e9 lisse et soyeux sur lequel la lumi\u00e8re se refl\u00e8te. L\u2019acte d\u2019ouverture de Shell a \u00e9t\u00e9 con\u00e7u comme un moment en soit, quand ces deux finitions se rencontrent.<\/p>\n","protected":false},"excerpt":{"rendered":"<p>Cabinet en acajou rouge<br \/>\n\u00c9galement disponible en ch\u00eane<br \/>\nDimensions et mat\u00e9riaux sur-mesure sur demande<\/p>\n<p>L 200 x l 50 x H 200 cm<\/p>\n<p>Fabriqu\u00e9e \u00e0 la main en Indonesie<br \/>\nD\u00e9lais de production : 6 &#8211; 8 semaines<\/p>\n<p><span style=\"text-decoration: underline;\"><span class=\"s1\"><a href=\"https:\/\/www.theinvisiblecollection.com\/fr\/demande-de-devis\/?product_id=85968\">Contactez-nous pour toute demande de devis ou de renseignements<\/a><\/span><\/span><\/p>\n","protected":false},"featured_media":4947074,"template":"","meta":{"_acf_changed":false,"content-type":"","_themeisle_gutenberg_block_has_review":false},"product_brand":[],"product_cat":[8957,13076],"product_tag":[31477],"product_designer":[13525],"comfabric":[],"manufacturer":[23071],"reporting_designer":[37189],"samplecomfabric":[],"designer_clubroom":[],"class_list":{"0":"post-4947052","1":"product","2":"type-product","3":"status-publish","4":"has-post-thumbnail","6":"product_cat-commodes","7":"product_cat-bureau-a-la-maison","8":"product_tag-st-curvy-fr","9":"pa_finish-finition-finement-texturee","10":"pa_finish-sans-finition","11":"pa_size-extra-large-fr","12":"pa_size-grand-fr","13":"pa_size-moyen","14":"pa_size-petit","15":"product_designer-atelier-pendhapa-fr","16":"manufacturer-atelier-pendhapa-pick-up-fr","17":"reporting_designer-atelier-pendhapa","19":"first","20":"instock","21":"taxable","22":"shipping-taxable","23":"purchasable","24":"product-type-variable"},"acf":[],"_links":{"self":[{"href":"https:\/\/theinvisiblecollection.com\/fr\/wp-json\/wp\/v2\/product\/4947052","targetHints":{"allow":["GET"]}}],"collection":[{"href":"https:\/\/theinvisiblecollection.com\/fr\/wp-json\/wp\/v2\/product"}],"about":[{"href":"https:\/\/theinvisiblecollection.com\/fr\/wp-json\/wp\/v2\/types\/product"}],"wp:featuredmedia":[{"embeddable":true,"href":"https:\/\/theinvisiblecollection.com\/fr\/wp-json\/wp\/v2\/media\/4947074"}],"wp:attachment":[{"href":"https:\/\/theinvisiblecollection.com\/fr\/wp-json\/wp\/v2\/media?parent=4947052"}],"wp:term":[{"taxonomy":"product_brand","embeddable":true,"href":"https:\/\/theinvisiblecollection.com\/fr\/wp-json\/wp\/v2\/product_brand?post=4947052"},{"taxonomy":"product_cat","embeddable":true,"href":"https:\/\/theinvisiblecollection.com\/fr\/wp-json\/wp\/v2\/product_cat?post=4947052"},{"taxonomy":"product_tag","embeddable":true,"href":"https:\/\/theinvisiblecollection.com\/fr\/wp-json\/wp\/v2\/product_tag?post=4947052"},{"taxonomy":"product_designer","embeddable":true,"href":"https:\/\/theinvisiblecollection.com\/fr\/wp-json\/wp\/v2\/product_designer?post=4947052"},{"taxonomy":"comfabric","embeddable":true,"href":"https:\/\/theinvisiblecollection.com\/fr\/wp-json\/wp\/v2\/comfabric?post=4947052"},{"taxonomy":"manufacturer","embeddable":true,"href":"https:\/\/theinvisiblecollection.com\/fr\/wp-json\/wp\/v2\/manufacturer?post=4947052"},{"taxonomy":"reporting_designer","embeddable":true,"href":"https:\/\/theinvisiblecollection.com\/fr\/wp-json\/wp\/v2\/reporting_designer?post=4947052"},{"taxonomy":"samplecomfabric","embeddable":true,"href":"https:\/\/theinvisiblecollection.com\/fr\/wp-json\/wp\/v2\/samplecomfabric?post=4947052"},{"taxonomy":"clubroom_product_designer","embeddable":true,"href":"https:\/\/theinvisiblecollection.com\/fr\/wp-json\/wp\/v2\/designer_clubroom?post=4947052"}],"curies":[{"name":"wp","href":"https:\/\/api.w.org\/{rel}","templated":true}]}}