{"id":4947357,"date":"2024-03-11T14:26:32","date_gmt":"2024-03-11T14:26:32","guid":{"rendered":"https:\/\/theinvisiblecollection.com\/?post_type=product&#038;p=4947357"},"modified":"2026-05-01T07:37:41","modified_gmt":"2026-05-01T07:37:41","slug":"atelier-pendhapa-table-udukkai-chene","status":"publish","type":"product","link":"https:\/\/theinvisiblecollection.com\/fr\/produit\/atelier-pendhapa-table-udukkai-chene\/","title":{"rendered":"Table Udukkai Ch\u00eane"},"content":{"rendered":"<p style=\"text-align: justify;\">Inspir\u00e9 d&#8217;un instrument de musique traditionnel indon\u00e9sien ressemblant \u00e0 un petit tambour, l&#8217;Udukkai est une table con\u00e7ue avec le poids en son centre. Elle a \u00e9t\u00e9 con\u00e7ue comme une table \u00e0 la fois longue, ou circulaire. Les deux pi\u00e8ces gardent l&#8217;essence de l&#8217;Udukkai tel l&#8217;\u00e9quilibre entre une base sombre et un plateau l\u00e9ger, se rejoignant. Dans le cadre de la collection Arna, Udukkai c\u00e9l\u00e8bre le bois comme mati\u00e8re fluide, en relation avec son homologue min\u00e9ral.<\/p>\n","protected":false},"excerpt":{"rendered":"<p>Table photographi\u00e9e ici avec une base en ch\u00eane et un plateau en marbre San Jos\u00e9<br \/>\nPi\u00e8tement \u00e9galement disponible en teck Javanais noir<br \/>\nPlateau en marbre disponible en Terazzo noir\/vert\/bleu, Terazzo beige, Palissandro Bluette, Calacatta, Blanc Tanya ou San Jos\u00e9<br \/>\n<span style=\"text-decoration: underline;\"><a href=\"https:\/\/theinvisiblecollection.com\/wp-content\/uploads\/2021\/07\/TheInvisibleCollection_Se\u0301lection_Marbre_Pendhapa_2.pdf\" target=\"_blank\" rel=\"noopener\">D\u00e9couvrez la s\u00e9lection de marbres ici<\/a><\/span><br \/>\nDimensions et mat\u00e9riaux sur-mesure sur demande<\/p>\n<p><strong>\u00a0<\/strong>L 210 x l 95 x H 74 cm<\/p>\n<p>Fabriqu\u00e9e \u00e0 la main en Indon\u00e9sie<br \/>\nD\u00e9lais de production : 6 &#8211; 8 semaines<\/p>\n<p><span style=\"text-decoration: underline;\"><span class=\"s1\"><a href=\"https:\/\/www.theinvisiblecollection.com\/fr\/demande-de-devis\/?product_id=87740\">Contactez-nous pour toute demande de devis ou de renseignements<\/a><\/span><\/span><\/p>\n","protected":false},"featured_media":5386272,"template":"","meta":{"_acf_changed":false,"content-type":"","_themeisle_gutenberg_block_has_review":false},"product_brand":[],"product_cat":[8977,12503],"product_tag":[],"product_designer":[13525],"comfabric":[],"manufacturer":[23071],"reporting_designer":[37189],"samplecomfabric":[],"designer_clubroom":[],"class_list":{"0":"post-4947357","1":"product","2":"type-product","3":"status-publish","4":"has-post-thumbnail","6":"product_cat-tables-salle-a-manger","7":"product_cat-tables-fr","8":"pa_size-extra-large-fr","9":"pa_size-large-fr-2","10":"pa_size-moyen","11":"pa_size-petit","12":"pa_tabletop-bois-fr","13":"pa_tabletop-laque","14":"product_designer-atelier-pendhapa-fr","15":"manufacturer-atelier-pendhapa-pick-up-fr","16":"reporting_designer-atelier-pendhapa","18":"first","19":"instock","20":"featured","21":"taxable","22":"shipping-taxable","23":"purchasable","24":"product-type-variable"},"acf":[],"_links":{"self":[{"href":"https:\/\/theinvisiblecollection.com\/fr\/wp-json\/wp\/v2\/product\/4947357","targetHints":{"allow":["GET"]}}],"collection":[{"href":"https:\/\/theinvisiblecollection.com\/fr\/wp-json\/wp\/v2\/product"}],"about":[{"href":"https:\/\/theinvisiblecollection.com\/fr\/wp-json\/wp\/v2\/types\/product"}],"wp:featuredmedia":[{"embeddable":true,"href":"https:\/\/theinvisiblecollection.com\/fr\/wp-json\/wp\/v2\/media\/5386272"}],"wp:attachment":[{"href":"https:\/\/theinvisiblecollection.com\/fr\/wp-json\/wp\/v2\/media?parent=4947357"}],"wp:term":[{"taxonomy":"product_brand","embeddable":true,"href":"https:\/\/theinvisiblecollection.com\/fr\/wp-json\/wp\/v2\/product_brand?post=4947357"},{"taxonomy":"product_cat","embeddable":true,"href":"https:\/\/theinvisiblecollection.com\/fr\/wp-json\/wp\/v2\/product_cat?post=4947357"},{"taxonomy":"product_tag","embeddable":true,"href":"https:\/\/theinvisiblecollection.com\/fr\/wp-json\/wp\/v2\/product_tag?post=4947357"},{"taxonomy":"product_designer","embeddable":true,"href":"https:\/\/theinvisiblecollection.com\/fr\/wp-json\/wp\/v2\/product_designer?post=4947357"},{"taxonomy":"comfabric","embeddable":true,"href":"https:\/\/theinvisiblecollection.com\/fr\/wp-json\/wp\/v2\/comfabric?post=4947357"},{"taxonomy":"manufacturer","embeddable":true,"href":"https:\/\/theinvisiblecollection.com\/fr\/wp-json\/wp\/v2\/manufacturer?post=4947357"},{"taxonomy":"reporting_designer","embeddable":true,"href":"https:\/\/theinvisiblecollection.com\/fr\/wp-json\/wp\/v2\/reporting_designer?post=4947357"},{"taxonomy":"samplecomfabric","embeddable":true,"href":"https:\/\/theinvisiblecollection.com\/fr\/wp-json\/wp\/v2\/samplecomfabric?post=4947357"},{"taxonomy":"clubroom_product_designer","embeddable":true,"href":"https:\/\/theinvisiblecollection.com\/fr\/wp-json\/wp\/v2\/designer_clubroom?post=4947357"}],"curies":[{"name":"wp","href":"https:\/\/api.w.org\/{rel}","templated":true}]}}