{"id":49478,"date":"2020-07-24T16:29:03","date_gmt":"2020-07-24T16:29:03","guid":{"rendered":"https:\/\/www.theinvisiblecollection.com\/?post_type=product&#038;p=49478"},"modified":"2026-05-08T04:40:49","modified_gmt":"2026-05-08T04:40:49","slug":"gueridon-draw-line","status":"publish","type":"product","link":"https:\/\/theinvisiblecollection.com\/fr\/produit\/gueridon-draw-line\/","title":{"rendered":"Gu\u00e9ridon Draw The Line"},"content":{"rendered":"","protected":false},"excerpt":{"rendered":"<p>Disponible en ch\u00eane fran\u00e7ais naturel marron clair et marqueterie de nacre ou en MDF finition matte<\/p>\n<p>L 50 x l 50 x H 50 cm<\/p>\n<p><p>Fabriqu\u00e9 \u00e0 la main au Liban<br \/>D\u00e9lais de production : 10 \u2014 12 semaines<\/p>\n<p class=\"p1\"><span class=\"s1\"><a href=\"https:\/\/www.theinvisiblecollection.com\/fr\/demande-de-devis\/?product_id=49478\" data-mce-href=\"https:\/\/www.theinvisiblecollection.com\/fr\/demande-de-devis\/?product_id=49478\">Contactez-nous pour toute demande de devis ou de renseignements<\/a><\/span><\/p><\/p>\n","protected":false},"featured_media":155451,"template":"","meta":{"_acf_changed":false,"content-type":"","_themeisle_gutenberg_block_has_review":false},"product_brand":[],"product_cat":[12332,12503,12514],"product_tag":[9059,9673],"product_designer":[8872],"comfabric":[],"manufacturer":[25164],"reporting_designer":[37874],"samplecomfabric":[],"designer_clubroom":[],"class_list":{"0":"post-49478","1":"product","2":"type-product","3":"status-publish","4":"has-post-thumbnail","6":"product_cat-tables-dappoint","7":"product_cat-tables-fr","8":"product_cat-tables-de-chevet","9":"product_tag-gueridon-fr-2","10":"product_tag-nada-debs-fr-fr","11":"product_designer-nada-debs-fr","12":"manufacturer-capit-logistics-lebanon-fr","13":"reporting_designer-nada-debs","15":"first","16":"instock","17":"taxable","18":"shipping-taxable","19":"purchasable","20":"product-type-variable"},"acf":[],"_links":{"self":[{"href":"https:\/\/theinvisiblecollection.com\/fr\/wp-json\/wp\/v2\/product\/49478","targetHints":{"allow":["GET"]}}],"collection":[{"href":"https:\/\/theinvisiblecollection.com\/fr\/wp-json\/wp\/v2\/product"}],"about":[{"href":"https:\/\/theinvisiblecollection.com\/fr\/wp-json\/wp\/v2\/types\/product"}],"wp:featuredmedia":[{"embeddable":true,"href":"https:\/\/theinvisiblecollection.com\/fr\/wp-json\/wp\/v2\/media\/155451"}],"wp:attachment":[{"href":"https:\/\/theinvisiblecollection.com\/fr\/wp-json\/wp\/v2\/media?parent=49478"}],"wp:term":[{"taxonomy":"product_brand","embeddable":true,"href":"https:\/\/theinvisiblecollection.com\/fr\/wp-json\/wp\/v2\/product_brand?post=49478"},{"taxonomy":"product_cat","embeddable":true,"href":"https:\/\/theinvisiblecollection.com\/fr\/wp-json\/wp\/v2\/product_cat?post=49478"},{"taxonomy":"product_tag","embeddable":true,"href":"https:\/\/theinvisiblecollection.com\/fr\/wp-json\/wp\/v2\/product_tag?post=49478"},{"taxonomy":"product_designer","embeddable":true,"href":"https:\/\/theinvisiblecollection.com\/fr\/wp-json\/wp\/v2\/product_designer?post=49478"},{"taxonomy":"comfabric","embeddable":true,"href":"https:\/\/theinvisiblecollection.com\/fr\/wp-json\/wp\/v2\/comfabric?post=49478"},{"taxonomy":"manufacturer","embeddable":true,"href":"https:\/\/theinvisiblecollection.com\/fr\/wp-json\/wp\/v2\/manufacturer?post=49478"},{"taxonomy":"reporting_designer","embeddable":true,"href":"https:\/\/theinvisiblecollection.com\/fr\/wp-json\/wp\/v2\/reporting_designer?post=49478"},{"taxonomy":"samplecomfabric","embeddable":true,"href":"https:\/\/theinvisiblecollection.com\/fr\/wp-json\/wp\/v2\/samplecomfabric?post=49478"},{"taxonomy":"clubroom_product_designer","embeddable":true,"href":"https:\/\/theinvisiblecollection.com\/fr\/wp-json\/wp\/v2\/designer_clubroom?post=49478"}],"curies":[{"name":"wp","href":"https:\/\/api.w.org\/{rel}","templated":true}]}}