{"id":499705,"date":"2022-09-21T10:08:00","date_gmt":"2022-09-21T09:08:00","guid":{"rendered":"https:\/\/theinvisiblecollection.com\/?post_type=product&#038;p=499705"},"modified":"2026-05-01T07:38:39","modified_gmt":"2026-05-01T07:38:39","slug":"aline-asmar-d-amman-tapis-iris-blush","status":"publish","type":"product","link":"https:\/\/theinvisiblecollection.com\/fr\/produit\/aline-asmar-d-amman-tapis-iris-blush\/","title":{"rendered":"Tapis Iris Blush"},"content":{"rendered":"<p style=\"font-weight: 400; text-align: justify;\">Le tapis \u2018Iris Blush\u2019 est une vague de sensations famili\u00e8res et f\u00e9lines emprisonnant l\u2019empreinte de paysages mouvants, celui de l\u2019air, de la mer, des sables errants. Teint\u00e9 de variations infinies de rose naissant, du gris\u00e9 au poudr\u00e9, du violet dilu\u00e9 \u00e0 l\u2019ivoire nacr\u00e9, c\u2019est une toile compos\u00e9e \u00e0 l\u2019horizontale pour s\u2019allonger dans le dessin et se fondre dans la trajectoire d\u2019un voyage immobile.<\/p>\n<p style=\"font-weight: 400; text-align: justify;\">Le tapis \u2018Iris Blush\u2019 en soie et laine est fabriqu\u00e9 par Ice carpets. Des tonalit\u00e9s de rose et de blancs particuliers ont \u00e9t\u00e9 d\u00e9velopp\u00e9s par Ice pour la r\u00e9alisation du tapis \u2018Iris Blush\u2019.<\/p>\n<p>Cr\u00e9dit photos : Stephan Julliard<\/p>\n","protected":false},"excerpt":{"rendered":"<p>Tapis tuft\u00e9 \u00e0 la main<br \/>\n50% laine et 50% soie<\/p>\n<p>L 400 x l 300 cm<\/p>\n<p>Tuft\u00e9 \u00e0 la main au Pays-Bas<br \/>\nD\u00e9lais de fabrication : 12 semaines<\/p>\n<p class=\"p1\"><span style=\"text-decoration: underline;\"><span class=\"s1\"><a href=\"https:\/\/www.theinvisiblecollection.com\/fr\/demande-de-devis\/?product_id=499705\" target=\"_blank\" rel=\"noopener\">Contactez-nous pour toute demande de devis ou de renseignements<\/a><\/span><\/span><\/p>\n","protected":false},"featured_media":1132954,"template":"","meta":{"_acf_changed":false,"content-type":"","_themeisle_gutenberg_block_has_review":false},"product_brand":[],"product_cat":[12540,12541],"product_tag":[7435,31477],"product_designer":[18388],"comfabric":[],"manufacturer":[18547],"reporting_designer":[37633],"samplecomfabric":[],"designer_clubroom":[],"class_list":{"0":"post-499705","1":"product","2":"type-product","3":"status-publish","4":"has-post-thumbnail","6":"product_cat-tapis-fr","7":"product_cat-tufte-a-la-main","8":"product_tag-new-in-fr","9":"product_tag-st-curvy-fr","10":"pa_size-dimensions-standards","11":"pa_size-dimensions-sur-mesure-fr","12":"product_designer-aline-asmar-damman-fr","13":"manufacturer-ice-international-fr","14":"reporting_designer-aline-asmar-damman","16":"first","17":"instock","18":"taxable","19":"shipping-taxable","20":"purchasable","21":"product-type-variable"},"acf":[],"_links":{"self":[{"href":"https:\/\/theinvisiblecollection.com\/fr\/wp-json\/wp\/v2\/product\/499705","targetHints":{"allow":["GET"]}}],"collection":[{"href":"https:\/\/theinvisiblecollection.com\/fr\/wp-json\/wp\/v2\/product"}],"about":[{"href":"https:\/\/theinvisiblecollection.com\/fr\/wp-json\/wp\/v2\/types\/product"}],"wp:featuredmedia":[{"embeddable":true,"href":"https:\/\/theinvisiblecollection.com\/fr\/wp-json\/wp\/v2\/media\/1132954"}],"wp:attachment":[{"href":"https:\/\/theinvisiblecollection.com\/fr\/wp-json\/wp\/v2\/media?parent=499705"}],"wp:term":[{"taxonomy":"product_brand","embeddable":true,"href":"https:\/\/theinvisiblecollection.com\/fr\/wp-json\/wp\/v2\/product_brand?post=499705"},{"taxonomy":"product_cat","embeddable":true,"href":"https:\/\/theinvisiblecollection.com\/fr\/wp-json\/wp\/v2\/product_cat?post=499705"},{"taxonomy":"product_tag","embeddable":true,"href":"https:\/\/theinvisiblecollection.com\/fr\/wp-json\/wp\/v2\/product_tag?post=499705"},{"taxonomy":"product_designer","embeddable":true,"href":"https:\/\/theinvisiblecollection.com\/fr\/wp-json\/wp\/v2\/product_designer?post=499705"},{"taxonomy":"comfabric","embeddable":true,"href":"https:\/\/theinvisiblecollection.com\/fr\/wp-json\/wp\/v2\/comfabric?post=499705"},{"taxonomy":"manufacturer","embeddable":true,"href":"https:\/\/theinvisiblecollection.com\/fr\/wp-json\/wp\/v2\/manufacturer?post=499705"},{"taxonomy":"reporting_designer","embeddable":true,"href":"https:\/\/theinvisiblecollection.com\/fr\/wp-json\/wp\/v2\/reporting_designer?post=499705"},{"taxonomy":"samplecomfabric","embeddable":true,"href":"https:\/\/theinvisiblecollection.com\/fr\/wp-json\/wp\/v2\/samplecomfabric?post=499705"},{"taxonomy":"clubroom_product_designer","embeddable":true,"href":"https:\/\/theinvisiblecollection.com\/fr\/wp-json\/wp\/v2\/designer_clubroom?post=499705"}],"curies":[{"name":"wp","href":"https:\/\/api.w.org\/{rel}","templated":true}]}}