{"id":50637,"date":"2020-08-17T09:44:18","date_gmt":"2020-08-17T08:44:18","guid":{"rendered":"https:\/\/www.theinvisiblecollection.com\/?post_type=product&#038;p=50637"},"modified":"2026-05-01T07:39:37","modified_gmt":"2026-05-01T07:39:37","slug":"damien-gernay-miroir-blanc-casse","status":"publish","type":"product","link":"https:\/\/theinvisiblecollection.com\/fr\/produit\/damien-gernay-miroir-blanc-casse\/","title":{"rendered":"Miroir Blanc Cass\u00e9"},"content":{"rendered":"<p style=\"text-align: justify;\">La s\u00e9rie \u00ab BLANC CASS\u00c9 \u00bb explore la notion de la couleur blanche, qu\u2019une alt\u00e9ration physique rendra fonctionnelle. La couleur blanche est la couleur originelle, une r\u00e9f\u00e9rence \u00e0 la toile du peintre ou \u00e0 la feuille blanche de l\u2019\u00e9crivain. Le miroir porte les traces de sa fabrication\/cr\u00e9ation, r\u00e9v\u00e9lant une douce transition entre les diff\u00e9rentes \u00e9tapes de la surface, du blanc mat initial, au noir de l\u2019appr\u00eat, jusqu\u2019au m\u00e9tal poli. Les parties rugueuses du m\u00e9tal poli refl\u00e8tent une image pointilliste, imparfaite comme si elle \u00e9tait peinte en temps r\u00e9el.<\/p>\n","protected":false},"excerpt":{"rendered":"<p>Peinture et acier inoxydable poli noir et blanc<br \/>\nDimensions et couleurs sur-mesure sur demande<\/p>\n<p>\u00d8 120 cm<\/p>\n<p>Fabriqu\u00e9 \u00e0 la main en Belgique<br \/>\nD\u00e9lais de production : 12 \u2014 14 semaines<\/p>\n<p><a href=\"https:\/\/www.theinvisiblecollection.com\/fr\/demande-de-devis\/?product_id=50637\" target=\"_blank\" rel=\"noopener\">Contactez-nous pour toute demande de devis ou de renseignements<\/a><\/p>\n","protected":false},"featured_media":3948823,"template":"","meta":{"_acf_changed":false,"content-type":"","_themeisle_gutenberg_block_has_review":false},"product_brand":[],"product_cat":[7517,8225],"product_tag":[9089,9131,31474,31477],"product_designer":[10937],"comfabric":[],"manufacturer":[16855],"reporting_designer":[37360],"samplecomfabric":[],"designer_clubroom":[],"class_list":{"0":"post-50637","1":"product","2":"type-product","3":"status-publish","4":"has-post-thumbnail","6":"product_cat-deco-fr","7":"product_cat-miroirs-fr","8":"product_tag-miroir-fr-3","9":"product_tag-blanc-fr","10":"product_tag-co-white-fr","11":"product_tag-st-curvy-fr","12":"product_designer-damien-gernay-fr","13":"manufacturer-studio-with-a-view-fr","14":"reporting_designer-damien-gernay","16":"first","17":"instock","18":"taxable","19":"shipping-taxable","20":"purchasable","21":"product-type-simple"},"acf":[],"_links":{"self":[{"href":"https:\/\/theinvisiblecollection.com\/fr\/wp-json\/wp\/v2\/product\/50637","targetHints":{"allow":["GET"]}}],"collection":[{"href":"https:\/\/theinvisiblecollection.com\/fr\/wp-json\/wp\/v2\/product"}],"about":[{"href":"https:\/\/theinvisiblecollection.com\/fr\/wp-json\/wp\/v2\/types\/product"}],"wp:featuredmedia":[{"embeddable":true,"href":"https:\/\/theinvisiblecollection.com\/fr\/wp-json\/wp\/v2\/media\/3948823"}],"wp:attachment":[{"href":"https:\/\/theinvisiblecollection.com\/fr\/wp-json\/wp\/v2\/media?parent=50637"}],"wp:term":[{"taxonomy":"product_brand","embeddable":true,"href":"https:\/\/theinvisiblecollection.com\/fr\/wp-json\/wp\/v2\/product_brand?post=50637"},{"taxonomy":"product_cat","embeddable":true,"href":"https:\/\/theinvisiblecollection.com\/fr\/wp-json\/wp\/v2\/product_cat?post=50637"},{"taxonomy":"product_tag","embeddable":true,"href":"https:\/\/theinvisiblecollection.com\/fr\/wp-json\/wp\/v2\/product_tag?post=50637"},{"taxonomy":"product_designer","embeddable":true,"href":"https:\/\/theinvisiblecollection.com\/fr\/wp-json\/wp\/v2\/product_designer?post=50637"},{"taxonomy":"comfabric","embeddable":true,"href":"https:\/\/theinvisiblecollection.com\/fr\/wp-json\/wp\/v2\/comfabric?post=50637"},{"taxonomy":"manufacturer","embeddable":true,"href":"https:\/\/theinvisiblecollection.com\/fr\/wp-json\/wp\/v2\/manufacturer?post=50637"},{"taxonomy":"reporting_designer","embeddable":true,"href":"https:\/\/theinvisiblecollection.com\/fr\/wp-json\/wp\/v2\/reporting_designer?post=50637"},{"taxonomy":"samplecomfabric","embeddable":true,"href":"https:\/\/theinvisiblecollection.com\/fr\/wp-json\/wp\/v2\/samplecomfabric?post=50637"},{"taxonomy":"clubroom_product_designer","embeddable":true,"href":"https:\/\/theinvisiblecollection.com\/fr\/wp-json\/wp\/v2\/designer_clubroom?post=50637"}],"curies":[{"name":"wp","href":"https:\/\/api.w.org\/{rel}","templated":true}]}}