{"id":508506,"date":"2022-09-14T15:36:08","date_gmt":"2022-09-14T14:36:08","guid":{"rendered":"https:\/\/theinvisiblecollection.com\/?post_type=product&#038;p=508506"},"modified":"2026-05-08T04:39:52","modified_gmt":"2026-05-08T04:39:52","slug":"goossens-paris-presse-papier-lion","status":"publish","type":"product","link":"https:\/\/theinvisiblecollection.com\/fr\/produit\/goossens-paris-presse-papier-lion\/","title":{"rendered":"Presse Papier Lion"},"content":{"rendered":"<p class=\"p1\" style=\"text-align: justify;\">Le Presse-papier Lion de Goossens est en laiton massif, tremp\u00e9 dans un bain d\u2019or jaune. R\u00e9alis\u00e9 \u00e0 partir d\u2019un dessin de l\u2019artiste Harumi Klossowska de Rola, le lion endormi vient agrandir la famille Lion initi\u00e9e par Robert Goossens avec la Boule Lion destin\u00e9e \u00e0 Gabrielle Chanel. Presse-papier ou simplement \u201cbijou de maison\u201d, cette repr\u00e9sentation de la force tranquille ne peut que s\u00e9duire.<\/p>\n","protected":false},"excerpt":{"rendered":"<p>Dessin\u00e9 par\u00a0Harumi Klossowska de Rola<br \/>\nPresse papier en laiton plaqu\u00e9 or 24 carats<\/p>\n<p>L 12.7 x l 8.2 x H 4.5 cm<\/p>\n<p>Fabriqu\u00e9 \u00e0 la main \u00e0 Paris, France<br \/>\nD\u00e9lais de production : 12 &#8211; 14 semaines<\/p>\n<p><span style=\"text-decoration: underline;\"><a href=\"https:\/\/www.theinvisiblecollection.com\/fr\/contact-produit\/?product_id=508506\" target=\"_blank\" rel=\"noopener\">Contactez-nous pour toute demande de devis ou de renseignements<\/a><\/span><\/p>\n","protected":false},"featured_media":509217,"template":"","meta":{"_acf_changed":false,"content-type":"","_themeisle_gutenberg_block_has_review":false},"product_brand":[],"product_cat":[12531,12532,7517],"product_tag":[8994,31476,31477,35206,7435],"product_designer":[10621,8928],"comfabric":[],"manufacturer":[16919],"reporting_designer":[37526,37524],"samplecomfabric":[],"designer_clubroom":[],"class_list":{"0":"post-508506","1":"product","2":"type-product","3":"status-publish","4":"has-post-thumbnail","6":"product_cat-objets-de-decoration","7":"product_cat-accessoires-de-bureau","8":"product_cat-deco-fr","9":"product_tag-dore","10":"product_tag-st-collectible-fr","11":"product_tag-st-curvy-fr","12":"product_tag-exclusive-fr","13":"product_tag-new-in-fr","14":"product_shipping_class-goossens-1kg-fr","15":"product_designer-harumi-klossowska-de-rola-fr","16":"product_designer-goossens-fr","17":"manufacturer-goossens-paris-fr","18":"reporting_designer-harumi-klossowska-de-rola","19":"reporting_designer-goossens","21":"first","22":"instock","23":"taxable","24":"shipping-taxable","25":"purchasable","26":"product-type-simple"},"acf":[],"_links":{"self":[{"href":"https:\/\/theinvisiblecollection.com\/fr\/wp-json\/wp\/v2\/product\/508506","targetHints":{"allow":["GET"]}}],"collection":[{"href":"https:\/\/theinvisiblecollection.com\/fr\/wp-json\/wp\/v2\/product"}],"about":[{"href":"https:\/\/theinvisiblecollection.com\/fr\/wp-json\/wp\/v2\/types\/product"}],"wp:featuredmedia":[{"embeddable":true,"href":"https:\/\/theinvisiblecollection.com\/fr\/wp-json\/wp\/v2\/media\/509217"}],"wp:attachment":[{"href":"https:\/\/theinvisiblecollection.com\/fr\/wp-json\/wp\/v2\/media?parent=508506"}],"wp:term":[{"taxonomy":"product_brand","embeddable":true,"href":"https:\/\/theinvisiblecollection.com\/fr\/wp-json\/wp\/v2\/product_brand?post=508506"},{"taxonomy":"product_cat","embeddable":true,"href":"https:\/\/theinvisiblecollection.com\/fr\/wp-json\/wp\/v2\/product_cat?post=508506"},{"taxonomy":"product_tag","embeddable":true,"href":"https:\/\/theinvisiblecollection.com\/fr\/wp-json\/wp\/v2\/product_tag?post=508506"},{"taxonomy":"product_designer","embeddable":true,"href":"https:\/\/theinvisiblecollection.com\/fr\/wp-json\/wp\/v2\/product_designer?post=508506"},{"taxonomy":"comfabric","embeddable":true,"href":"https:\/\/theinvisiblecollection.com\/fr\/wp-json\/wp\/v2\/comfabric?post=508506"},{"taxonomy":"manufacturer","embeddable":true,"href":"https:\/\/theinvisiblecollection.com\/fr\/wp-json\/wp\/v2\/manufacturer?post=508506"},{"taxonomy":"reporting_designer","embeddable":true,"href":"https:\/\/theinvisiblecollection.com\/fr\/wp-json\/wp\/v2\/reporting_designer?post=508506"},{"taxonomy":"samplecomfabric","embeddable":true,"href":"https:\/\/theinvisiblecollection.com\/fr\/wp-json\/wp\/v2\/samplecomfabric?post=508506"},{"taxonomy":"clubroom_product_designer","embeddable":true,"href":"https:\/\/theinvisiblecollection.com\/fr\/wp-json\/wp\/v2\/designer_clubroom?post=508506"}],"curies":[{"name":"wp","href":"https:\/\/api.w.org\/{rel}","templated":true}]}}