{"id":5099917,"date":"2024-03-21T11:42:54","date_gmt":"2024-03-21T11:42:54","guid":{"rendered":"https:\/\/theinvisiblecollection.com\/?post_type=product&#038;p=5099917"},"modified":"2026-05-01T07:37:41","modified_gmt":"2026-05-01T07:37:41","slug":"daniel-hayden-tabouret-angel","status":"publish","type":"product","link":"https:\/\/theinvisiblecollection.com\/fr\/produit\/daniel-hayden-tabouret-angel\/","title":{"rendered":"Tabouret Angel"},"content":{"rendered":"<p style=\"text-align: justify;\">Le tabouret Angel de Daniel Hayden est une pi\u00e8ce ludique et polyvalente qui rappelle la forme d&#8217;un ange abstrait. L&#8217;assise et les bords festonn\u00e9s sont sculpt\u00e9s \u00e0 la main et donnent l&#8217;impression d&#8217;une miniature en p\u00e2te \u00e0 modeler interpr\u00e9t\u00e9e grandeur nature.<br \/>\nCe tabouret est fabriqu\u00e9 en bois massif, une mati\u00e8re naturelle qui r\u00e9agit aux changements de temp\u00e9rature et d\u2019humidit\u00e9 en se dilatant et en se contractant. Les variations de veinage, de couleur et de texture sont inh\u00e9rentes et pr\u00e9visibles.<\/p>\n","protected":false},"excerpt":{"rendered":"<p>Le tabouret Angel de Daniel Hayden est une pi\u00e8ce ludique et polyvalente qui rappelle la forme d&#8217;un ange abstrait. L&#8217;assise et les bords festonn\u00e9s sont sculpt\u00e9s \u00e0 la main et donnent l&#8217;impression d&#8217;une miniature en p\u00e2te \u00e0 modeler interpr\u00e9t\u00e9e grandeur nature. Ce tabouret est fabriqu\u00e9 en bois massif, une mati\u00e8re naturelle qui r\u00e9agit aux changements [&hellip;]<\/p>\n","protected":false},"featured_media":5119689,"template":"","meta":{"_acf_changed":false,"content-type":"","_themeisle_gutenberg_block_has_review":false},"product_brand":[],"product_cat":[8969,12499],"product_tag":[31477,35206,35326],"product_designer":[27481],"comfabric":[],"manufacturer":[27483],"reporting_designer":[37671],"samplecomfabric":[],"designer_clubroom":[],"class_list":{"0":"post-5099917","1":"product","2":"type-product","3":"status-publish","4":"has-post-thumbnail","6":"product_cat-ottomans-tabourets","7":"product_cat-assises","8":"product_tag-st-curvy-fr","9":"product_tag-exclusive-fr","10":"product_tag-st-scandinavian-fr","11":"product_designer-daniel-hayden-fr","12":"manufacturer-daniel-hayden-atelier-fr","13":"reporting_designer-daniel-hayden","15":"first","16":"instock","17":"taxable","18":"shipping-taxable","19":"purchasable","20":"product-type-variable"},"acf":[],"_links":{"self":[{"href":"https:\/\/theinvisiblecollection.com\/fr\/wp-json\/wp\/v2\/product\/5099917","targetHints":{"allow":["GET"]}}],"collection":[{"href":"https:\/\/theinvisiblecollection.com\/fr\/wp-json\/wp\/v2\/product"}],"about":[{"href":"https:\/\/theinvisiblecollection.com\/fr\/wp-json\/wp\/v2\/types\/product"}],"wp:featuredmedia":[{"embeddable":true,"href":"https:\/\/theinvisiblecollection.com\/fr\/wp-json\/wp\/v2\/media\/5119689"}],"wp:attachment":[{"href":"https:\/\/theinvisiblecollection.com\/fr\/wp-json\/wp\/v2\/media?parent=5099917"}],"wp:term":[{"taxonomy":"product_brand","embeddable":true,"href":"https:\/\/theinvisiblecollection.com\/fr\/wp-json\/wp\/v2\/product_brand?post=5099917"},{"taxonomy":"product_cat","embeddable":true,"href":"https:\/\/theinvisiblecollection.com\/fr\/wp-json\/wp\/v2\/product_cat?post=5099917"},{"taxonomy":"product_tag","embeddable":true,"href":"https:\/\/theinvisiblecollection.com\/fr\/wp-json\/wp\/v2\/product_tag?post=5099917"},{"taxonomy":"product_designer","embeddable":true,"href":"https:\/\/theinvisiblecollection.com\/fr\/wp-json\/wp\/v2\/product_designer?post=5099917"},{"taxonomy":"comfabric","embeddable":true,"href":"https:\/\/theinvisiblecollection.com\/fr\/wp-json\/wp\/v2\/comfabric?post=5099917"},{"taxonomy":"manufacturer","embeddable":true,"href":"https:\/\/theinvisiblecollection.com\/fr\/wp-json\/wp\/v2\/manufacturer?post=5099917"},{"taxonomy":"reporting_designer","embeddable":true,"href":"https:\/\/theinvisiblecollection.com\/fr\/wp-json\/wp\/v2\/reporting_designer?post=5099917"},{"taxonomy":"samplecomfabric","embeddable":true,"href":"https:\/\/theinvisiblecollection.com\/fr\/wp-json\/wp\/v2\/samplecomfabric?post=5099917"},{"taxonomy":"clubroom_product_designer","embeddable":true,"href":"https:\/\/theinvisiblecollection.com\/fr\/wp-json\/wp\/v2\/designer_clubroom?post=5099917"}],"curies":[{"name":"wp","href":"https:\/\/api.w.org\/{rel}","templated":true}]}}