{"id":5100065,"date":"2024-03-21T11:51:09","date_gmt":"2024-03-21T11:51:09","guid":{"rendered":"https:\/\/theinvisiblecollection.com\/?post_type=product&#038;p=5100065"},"modified":"2026-05-01T07:37:41","modified_gmt":"2026-05-01T07:37:41","slug":"daniel-hayden-console-waiting-patiently","status":"publish","type":"product","link":"https:\/\/theinvisiblecollection.com\/fr\/produit\/daniel-hayden-console-waiting-patiently\/","title":{"rendered":"Console Waiting Patiently"},"content":{"rendered":"<p style=\"text-align: justify;\">La forme sculpt\u00e9e \u00e0 la main de la console Waiting Patiently de Daniel Hayden allie la chaleur et la tactilit\u00e9 du bois massif \u00e0 une forme organique d\u00e9contract\u00e9e et \u00e0 des surfaces ondulantes inspir\u00e9es des c\u00e9ramiques fabriqu\u00e9es sur dalle.<br \/>\nCette console est fabriqu\u00e9e en bois massif, une mati\u00e8re naturelle qui r\u00e9agit aux changements de temp\u00e9rature et d\u2019humidit\u00e9 en se dilatant et en se contractant. Les variations de veinage, de couleur et de texture sont inh\u00e9rentes et pr\u00e9visibles.<\/p>\n","protected":false},"excerpt":{"rendered":"<p>La forme sculpt\u00e9e \u00e0 la main de la console Waiting Patiently de Daniel Hayden allie la chaleur et la tactilit\u00e9 du bois massif \u00e0 une forme organique d\u00e9contract\u00e9e et \u00e0 des surfaces ondulantes inspir\u00e9es des c\u00e9ramiques fabriqu\u00e9es sur dalle. Cette console est fabriqu\u00e9e en bois massif, une mati\u00e8re naturelle qui r\u00e9agit aux changements de temp\u00e9rature [&hellip;]<\/p>\n","protected":false},"featured_media":5837420,"template":"","meta":{"_acf_changed":false,"content-type":"","_themeisle_gutenberg_block_has_review":false},"product_brand":[],"product_cat":[7675,12503],"product_tag":[35206],"product_designer":[27481],"comfabric":[],"manufacturer":[27483],"reporting_designer":[37671],"samplecomfabric":[],"designer_clubroom":[],"class_list":{"0":"post-5100065","1":"product","2":"type-product","3":"status-publish","4":"has-post-thumbnail","6":"product_cat-consoles-fr","7":"product_cat-tables-fr","8":"product_tag-exclusive-fr","9":"product_designer-daniel-hayden-fr","10":"manufacturer-daniel-hayden-atelier-fr","11":"reporting_designer-daniel-hayden","13":"first","14":"instock","15":"taxable","16":"shipping-taxable","17":"purchasable","18":"product-type-variable"},"acf":[],"_links":{"self":[{"href":"https:\/\/theinvisiblecollection.com\/fr\/wp-json\/wp\/v2\/product\/5100065","targetHints":{"allow":["GET"]}}],"collection":[{"href":"https:\/\/theinvisiblecollection.com\/fr\/wp-json\/wp\/v2\/product"}],"about":[{"href":"https:\/\/theinvisiblecollection.com\/fr\/wp-json\/wp\/v2\/types\/product"}],"wp:featuredmedia":[{"embeddable":true,"href":"https:\/\/theinvisiblecollection.com\/fr\/wp-json\/wp\/v2\/media\/5837420"}],"wp:attachment":[{"href":"https:\/\/theinvisiblecollection.com\/fr\/wp-json\/wp\/v2\/media?parent=5100065"}],"wp:term":[{"taxonomy":"product_brand","embeddable":true,"href":"https:\/\/theinvisiblecollection.com\/fr\/wp-json\/wp\/v2\/product_brand?post=5100065"},{"taxonomy":"product_cat","embeddable":true,"href":"https:\/\/theinvisiblecollection.com\/fr\/wp-json\/wp\/v2\/product_cat?post=5100065"},{"taxonomy":"product_tag","embeddable":true,"href":"https:\/\/theinvisiblecollection.com\/fr\/wp-json\/wp\/v2\/product_tag?post=5100065"},{"taxonomy":"product_designer","embeddable":true,"href":"https:\/\/theinvisiblecollection.com\/fr\/wp-json\/wp\/v2\/product_designer?post=5100065"},{"taxonomy":"comfabric","embeddable":true,"href":"https:\/\/theinvisiblecollection.com\/fr\/wp-json\/wp\/v2\/comfabric?post=5100065"},{"taxonomy":"manufacturer","embeddable":true,"href":"https:\/\/theinvisiblecollection.com\/fr\/wp-json\/wp\/v2\/manufacturer?post=5100065"},{"taxonomy":"reporting_designer","embeddable":true,"href":"https:\/\/theinvisiblecollection.com\/fr\/wp-json\/wp\/v2\/reporting_designer?post=5100065"},{"taxonomy":"samplecomfabric","embeddable":true,"href":"https:\/\/theinvisiblecollection.com\/fr\/wp-json\/wp\/v2\/samplecomfabric?post=5100065"},{"taxonomy":"clubroom_product_designer","embeddable":true,"href":"https:\/\/theinvisiblecollection.com\/fr\/wp-json\/wp\/v2\/designer_clubroom?post=5100065"}],"curies":[{"name":"wp","href":"https:\/\/api.w.org\/{rel}","templated":true}]}}