{"id":510383,"date":"2022-09-14T16:54:29","date_gmt":"2022-09-14T15:54:29","guid":{"rendered":"https:\/\/theinvisiblecollection.com\/?post_type=product&#038;p=510383"},"modified":"2026-05-01T07:38:39","modified_gmt":"2026-05-01T07:38:39","slug":"goossens-paris-lampadaire-gui","status":"publish","type":"product","link":"https:\/\/theinvisiblecollection.com\/fr\/produit\/goossens-paris-lampadaire-gui\/","title":{"rendered":"Lampadaire Gui"},"content":{"rendered":"<p class=\"p1\" style=\"text-align: justify;\">Le Lampadaire Gui de Goossens est un luminaire orn\u00e9 de rameaux de gui en m\u00e9tal tremp\u00e9 dans un bain d\u2019or jaune, agr\u00e9ment\u00e9 de perles en cristal de roche. R\u00e9alis\u00e9 d\u2019apr\u00e8s un dessin de l\u2019artiste Harumi Klossowska de Rola, ce lampadaire \u00e0 l\u2019allure d\u2019un arbuste \u00e9pur\u00e9e fait vibrer sur les murs les ombres mouvantes et po\u00e9tiques du bouquet de gui qui le coiffe.<\/p>\n","protected":false},"excerpt":{"rendered":"<p>Dessin\u00e9 par\u00a0Harumi Klossowska de Rola<br \/>\nLampadaire en laiton plaqu\u00e9 or 24 carats<\/p>\n<p>\u00d8 \u00a050 x H 160 cm<\/p>\n<p>Fabriqu\u00e9 \u00e0 la main \u00e0 Paris, France<br \/>\nD\u00e9lais de production : 10 &#8211; 12 semaines<\/p>\n<p><span style=\"text-decoration: underline;\"><a href=\"https:\/\/www.theinvisiblecollection.com\/fr\/contact-produit\/?product_id=510383\" target=\"_blank\" rel=\"noopener\">Contactez-nous pour toute demande de devis ou de renseignements<\/a><\/span><\/p>\n","protected":false},"featured_media":510686,"template":"","meta":{"_acf_changed":false,"content-type":"","_themeisle_gutenberg_block_has_review":false},"product_brand":[],"product_cat":[8966,12507],"product_tag":[31476,31477,35206,7435,8994],"product_designer":[8928,10621],"comfabric":[],"manufacturer":[16919],"reporting_designer":[37524,37526],"samplecomfabric":[],"designer_clubroom":[],"class_list":{"0":"post-510383","1":"product","2":"type-product","3":"status-publish","4":"has-post-thumbnail","6":"product_cat-lampes-sur-pied","7":"product_cat-luminaires","8":"product_tag-st-collectible-fr","9":"product_tag-st-curvy-fr","10":"product_tag-exclusive-fr","11":"product_tag-new-in-fr","12":"product_tag-dore","13":"product_shipping_class-goossens-1kg-fr","14":"product_designer-goossens-fr","15":"product_designer-harumi-klossowska-de-rola-fr","16":"manufacturer-goossens-paris-fr","17":"reporting_designer-goossens","18":"reporting_designer-harumi-klossowska-de-rola","20":"first","21":"instock","22":"taxable","23":"shipping-taxable","24":"purchasable","25":"product-type-simple"},"acf":[],"_links":{"self":[{"href":"https:\/\/theinvisiblecollection.com\/fr\/wp-json\/wp\/v2\/product\/510383","targetHints":{"allow":["GET"]}}],"collection":[{"href":"https:\/\/theinvisiblecollection.com\/fr\/wp-json\/wp\/v2\/product"}],"about":[{"href":"https:\/\/theinvisiblecollection.com\/fr\/wp-json\/wp\/v2\/types\/product"}],"wp:featuredmedia":[{"embeddable":true,"href":"https:\/\/theinvisiblecollection.com\/fr\/wp-json\/wp\/v2\/media\/510686"}],"wp:attachment":[{"href":"https:\/\/theinvisiblecollection.com\/fr\/wp-json\/wp\/v2\/media?parent=510383"}],"wp:term":[{"taxonomy":"product_brand","embeddable":true,"href":"https:\/\/theinvisiblecollection.com\/fr\/wp-json\/wp\/v2\/product_brand?post=510383"},{"taxonomy":"product_cat","embeddable":true,"href":"https:\/\/theinvisiblecollection.com\/fr\/wp-json\/wp\/v2\/product_cat?post=510383"},{"taxonomy":"product_tag","embeddable":true,"href":"https:\/\/theinvisiblecollection.com\/fr\/wp-json\/wp\/v2\/product_tag?post=510383"},{"taxonomy":"product_designer","embeddable":true,"href":"https:\/\/theinvisiblecollection.com\/fr\/wp-json\/wp\/v2\/product_designer?post=510383"},{"taxonomy":"comfabric","embeddable":true,"href":"https:\/\/theinvisiblecollection.com\/fr\/wp-json\/wp\/v2\/comfabric?post=510383"},{"taxonomy":"manufacturer","embeddable":true,"href":"https:\/\/theinvisiblecollection.com\/fr\/wp-json\/wp\/v2\/manufacturer?post=510383"},{"taxonomy":"reporting_designer","embeddable":true,"href":"https:\/\/theinvisiblecollection.com\/fr\/wp-json\/wp\/v2\/reporting_designer?post=510383"},{"taxonomy":"samplecomfabric","embeddable":true,"href":"https:\/\/theinvisiblecollection.com\/fr\/wp-json\/wp\/v2\/samplecomfabric?post=510383"},{"taxonomy":"clubroom_product_designer","embeddable":true,"href":"https:\/\/theinvisiblecollection.com\/fr\/wp-json\/wp\/v2\/designer_clubroom?post=510383"}],"curies":[{"name":"wp","href":"https:\/\/api.w.org\/{rel}","templated":true}]}}