{"id":510750,"date":"2022-09-14T17:05:36","date_gmt":"2022-09-14T16:05:36","guid":{"rendered":"https:\/\/theinvisiblecollection.com\/?post_type=product&#038;p=510750"},"modified":"2026-05-01T07:38:39","modified_gmt":"2026-05-01T07:38:39","slug":"goossens-paris-lustre-gui","status":"publish","type":"product","link":"https:\/\/theinvisiblecollection.com\/fr\/produit\/goossens-paris-lustre-gui\/","title":{"rendered":"Lustre Gui"},"content":{"rendered":"<p class=\"p1\" style=\"text-align: justify;\">Le Lustre de Goossens est un bouquet de branches de gui en m\u00e9tal tremp\u00e9 dans un bain d\u2019or 24 carats, or jaune, orn\u00e9 de perles en cristal de roche. Dessin\u00e9e par Harumi Klossowska de Rola, cette suspension a\u00e9rienne, telle une \u00e9norme brass\u00e9e de rameaux de gui, multiplie ses d\u00e9licates feuilles oblongues et ses fruits blancs comme des perles en fascinantes ombres chinoises sur les murs. Une magnifique \u00e9vocation de cette plante symbolisant l\u2019immortalit\u00e9\u2026<\/p>\n","protected":false},"excerpt":{"rendered":"<p>Dessin\u00e9 par\u00a0Harumi Klossowska de Rola<br \/>\nLustre en laiton plaqu\u00e9 or 24 carats<\/p>\n<p>\u00d8 160 x H 110 cm<\/p>\n<p>Fabriqu\u00e9 \u00e0 la main \u00e0 Paris, France<br \/>\nD\u00e9lais de production : 10 &#8211; 12 semaines<\/p>\n<p><span style=\"text-decoration: underline;\"><a href=\"https:\/\/www.theinvisiblecollection.com\/fr\/contact-produit\/?product_id=510750\" target=\"_blank\" rel=\"noopener\">Contactez-nous pour toute demande de devis ou de renseignements<\/a><\/span><\/p>\n","protected":false},"featured_media":510928,"template":"","meta":{"_acf_changed":false,"content-type":"","_themeisle_gutenberg_block_has_review":false},"product_brand":[],"product_cat":[8961,12507],"product_tag":[7435,8994,31476,31477,35206],"product_designer":[8928,10621],"comfabric":[],"manufacturer":[16919],"reporting_designer":[37524,37526],"samplecomfabric":[],"designer_clubroom":[],"class_list":{"0":"post-510750","1":"product","2":"type-product","3":"status-publish","4":"has-post-thumbnail","6":"product_cat-suspensions","7":"product_cat-luminaires","8":"product_tag-new-in-fr","9":"product_tag-dore","10":"product_tag-st-collectible-fr","11":"product_tag-st-curvy-fr","12":"product_tag-exclusive-fr","13":"product_shipping_class-goossens-1kg-fr","14":"pa_size-l-280-x-l-100-x-h-80-fr","15":"pa_size-petit-fr","16":"product_designer-goossens-fr","17":"product_designer-harumi-klossowska-de-rola-fr","18":"manufacturer-goossens-paris-fr","19":"reporting_designer-goossens","20":"reporting_designer-harumi-klossowska-de-rola","22":"first","23":"instock","24":"taxable","25":"shipping-taxable","26":"product-type-variable"},"acf":[],"_links":{"self":[{"href":"https:\/\/theinvisiblecollection.com\/fr\/wp-json\/wp\/v2\/product\/510750","targetHints":{"allow":["GET"]}}],"collection":[{"href":"https:\/\/theinvisiblecollection.com\/fr\/wp-json\/wp\/v2\/product"}],"about":[{"href":"https:\/\/theinvisiblecollection.com\/fr\/wp-json\/wp\/v2\/types\/product"}],"wp:featuredmedia":[{"embeddable":true,"href":"https:\/\/theinvisiblecollection.com\/fr\/wp-json\/wp\/v2\/media\/510928"}],"wp:attachment":[{"href":"https:\/\/theinvisiblecollection.com\/fr\/wp-json\/wp\/v2\/media?parent=510750"}],"wp:term":[{"taxonomy":"product_brand","embeddable":true,"href":"https:\/\/theinvisiblecollection.com\/fr\/wp-json\/wp\/v2\/product_brand?post=510750"},{"taxonomy":"product_cat","embeddable":true,"href":"https:\/\/theinvisiblecollection.com\/fr\/wp-json\/wp\/v2\/product_cat?post=510750"},{"taxonomy":"product_tag","embeddable":true,"href":"https:\/\/theinvisiblecollection.com\/fr\/wp-json\/wp\/v2\/product_tag?post=510750"},{"taxonomy":"product_designer","embeddable":true,"href":"https:\/\/theinvisiblecollection.com\/fr\/wp-json\/wp\/v2\/product_designer?post=510750"},{"taxonomy":"comfabric","embeddable":true,"href":"https:\/\/theinvisiblecollection.com\/fr\/wp-json\/wp\/v2\/comfabric?post=510750"},{"taxonomy":"manufacturer","embeddable":true,"href":"https:\/\/theinvisiblecollection.com\/fr\/wp-json\/wp\/v2\/manufacturer?post=510750"},{"taxonomy":"reporting_designer","embeddable":true,"href":"https:\/\/theinvisiblecollection.com\/fr\/wp-json\/wp\/v2\/reporting_designer?post=510750"},{"taxonomy":"samplecomfabric","embeddable":true,"href":"https:\/\/theinvisiblecollection.com\/fr\/wp-json\/wp\/v2\/samplecomfabric?post=510750"},{"taxonomy":"clubroom_product_designer","embeddable":true,"href":"https:\/\/theinvisiblecollection.com\/fr\/wp-json\/wp\/v2\/designer_clubroom?post=510750"}],"curies":[{"name":"wp","href":"https:\/\/api.w.org\/{rel}","templated":true}]}}