{"id":5119683,"date":"2024-03-22T13:42:41","date_gmt":"2024-03-22T13:42:41","guid":{"rendered":"https:\/\/theinvisiblecollection.com\/?post_type=product&#038;p=5119683"},"modified":"2026-05-01T07:37:41","modified_gmt":"2026-05-01T07:37:41","slug":"daniel-hayden-table-appoint-angel","status":"publish","type":"product","link":"https:\/\/theinvisiblecollection.com\/fr\/produit\/daniel-hayden-table-appoint-angel\/","title":{"rendered":"Table D&#8217;Appoint Angel"},"content":{"rendered":"<p style=\"text-align: justify;\">La table d&#8217;appoint Angel de Daniel Hayden est une table d&#8217;appoint \u00e9tonnante et pleine de caract\u00e8re qui rappelle la forme d&#8217;un ange abstrait. Les proportions exag\u00e9r\u00e9es et la forme festonn\u00e9e, sculpt\u00e9e \u00e0 la main, donnent l&#8217;impression d&#8217;une miniature en p\u00e2te \u00e0 modeler interpr\u00e9t\u00e9e grandeur nature.<br \/>\nCette table d&#8217;appoint est fabriqu\u00e9e en bois massif, une mati\u00e8re naturelle qui r\u00e9agit aux changements de temp\u00e9rature et d\u2019humidit\u00e9 en se dilatant et en se contractant. Les variations de veinage, de couleur et de texture sont inh\u00e9rentes et pr\u00e9visibles.<\/p>\n","protected":false},"excerpt":{"rendered":"<p>La table d&#8217;appoint Angel de Daniel Hayden est une table d&#8217;appoint \u00e9tonnante et pleine de caract\u00e8re qui rappelle la forme d&#8217;un ange abstrait. Les proportions exag\u00e9r\u00e9es et la forme festonn\u00e9e, sculpt\u00e9e \u00e0 la main, donnent l&#8217;impression d&#8217;une miniature en p\u00e2te \u00e0 modeler interpr\u00e9t\u00e9e grandeur nature. Cette table d&#8217;appoint est fabriqu\u00e9e en bois massif, une mati\u00e8re [&hellip;]<\/p>\n","protected":false},"featured_media":5099984,"template":"","meta":{"_acf_changed":false,"content-type":"","_themeisle_gutenberg_block_has_review":false},"product_brand":[],"product_cat":[12514,12332,12501,12503],"product_tag":[31477,35206,35326],"product_designer":[27481],"comfabric":[],"manufacturer":[27483],"reporting_designer":[37671],"samplecomfabric":[],"designer_clubroom":[],"class_list":{"0":"post-5119683","1":"product","2":"type-product","3":"status-publish","4":"has-post-thumbnail","6":"product_cat-tables-de-chevet","7":"product_cat-tables-dappoint","8":"product_cat-chambre-a-coucher","9":"product_cat-tables-fr","10":"product_tag-st-curvy-fr","11":"product_tag-exclusive-fr","12":"product_tag-st-scandinavian-fr","13":"product_designer-daniel-hayden-fr","14":"manufacturer-daniel-hayden-atelier-fr","15":"reporting_designer-daniel-hayden","16":"exhibitions-londres-fr","18":"first","19":"instock","20":"taxable","21":"shipping-taxable","22":"purchasable","23":"product-type-variable"},"acf":[],"_links":{"self":[{"href":"https:\/\/theinvisiblecollection.com\/fr\/wp-json\/wp\/v2\/product\/5119683","targetHints":{"allow":["GET"]}}],"collection":[{"href":"https:\/\/theinvisiblecollection.com\/fr\/wp-json\/wp\/v2\/product"}],"about":[{"href":"https:\/\/theinvisiblecollection.com\/fr\/wp-json\/wp\/v2\/types\/product"}],"wp:featuredmedia":[{"embeddable":true,"href":"https:\/\/theinvisiblecollection.com\/fr\/wp-json\/wp\/v2\/media\/5099984"}],"wp:attachment":[{"href":"https:\/\/theinvisiblecollection.com\/fr\/wp-json\/wp\/v2\/media?parent=5119683"}],"wp:term":[{"taxonomy":"product_brand","embeddable":true,"href":"https:\/\/theinvisiblecollection.com\/fr\/wp-json\/wp\/v2\/product_brand?post=5119683"},{"taxonomy":"product_cat","embeddable":true,"href":"https:\/\/theinvisiblecollection.com\/fr\/wp-json\/wp\/v2\/product_cat?post=5119683"},{"taxonomy":"product_tag","embeddable":true,"href":"https:\/\/theinvisiblecollection.com\/fr\/wp-json\/wp\/v2\/product_tag?post=5119683"},{"taxonomy":"product_designer","embeddable":true,"href":"https:\/\/theinvisiblecollection.com\/fr\/wp-json\/wp\/v2\/product_designer?post=5119683"},{"taxonomy":"comfabric","embeddable":true,"href":"https:\/\/theinvisiblecollection.com\/fr\/wp-json\/wp\/v2\/comfabric?post=5119683"},{"taxonomy":"manufacturer","embeddable":true,"href":"https:\/\/theinvisiblecollection.com\/fr\/wp-json\/wp\/v2\/manufacturer?post=5119683"},{"taxonomy":"reporting_designer","embeddable":true,"href":"https:\/\/theinvisiblecollection.com\/fr\/wp-json\/wp\/v2\/reporting_designer?post=5119683"},{"taxonomy":"samplecomfabric","embeddable":true,"href":"https:\/\/theinvisiblecollection.com\/fr\/wp-json\/wp\/v2\/samplecomfabric?post=5119683"},{"taxonomy":"clubroom_product_designer","embeddable":true,"href":"https:\/\/theinvisiblecollection.com\/fr\/wp-json\/wp\/v2\/designer_clubroom?post=5119683"}],"curies":[{"name":"wp","href":"https:\/\/api.w.org\/{rel}","templated":true}]}}