{"id":5130632,"date":"2024-03-25T09:26:01","date_gmt":"2024-03-25T09:26:01","guid":{"rendered":"https:\/\/theinvisiblecollection.com\/?post_type=product&#038;p=5130632"},"modified":"2026-05-01T07:37:41","modified_gmt":"2026-05-01T07:37:41","slug":"leo-sentou-fauteuil-tribun","status":"publish","type":"product","link":"https:\/\/theinvisiblecollection.com\/fr\/produit\/leo-sentou-fauteuil-tribun\/","title":{"rendered":"Fauteuil Tribun"},"content":{"rendered":"<p style=\"text-align: justify;\"><span class=\"TextRun SCXW88537264 BCX0\" lang=\"FR\" xml:lang=\"FR\" data-contrast=\"auto\"><span class=\"NormalTextRun SCXW88537264 BCX0\">Inspir\u00e9 par le travail du <\/span><\/span><span class=\"TextRun SCXW88537264 BCX0\" lang=\"EN-GB\" xml:lang=\"EN-GB\" data-contrast=\"auto\"><span class=\"NormalTextRun SCXW88537264 BCX0\">ma\u00eetre <\/span><span class=\"NormalTextRun SpellingErrorV2Themed SCXW88537264 BCX0\">\u00e9b\u00e9niste<\/span><span class=\"NormalTextRun SCXW88537264 BCX0\"> Jean-Pierre Louis (<\/span><span class=\"NormalTextRun SpellingErrorV2Themed SCXW88537264 BCX0\">re\u00e7u<\/span><span class=\"NormalTextRun SCXW88537264 BCX0\"> ma\u00eetre <\/span><span class=\"NormalTextRun SpellingErrorV2Themed SCXW88537264 BCX0\">en<\/span><span class=\"NormalTextRun SCXW88537264 BCX0\"> 1787), le Fauteuil Tribun<\/span>\u00a0<span class=\"NormalTextRun SpellingErrorV2Themed SCXW88537264 BCX0\">cr\u00e9\u00e9<\/span><span class=\"NormalTextRun SCXW88537264 BCX0\"> par L\u00e9o <\/span><span class=\"NormalTextRun SpellingErrorV2Themed SCXW88537264 BCX0\">Sentou<\/span> <span class=\"NormalTextRun SpellingErrorV2Themed SCXW88537264 BCX0\">est<\/span> <span class=\"NormalTextRun SpellingErrorV2Themed SCXW88537264 BCX0\">une<\/span> <span class=\"NormalTextRun SpellingErrorV2Themed SCXW88537264 BCX0\">r\u00e9interpr\u00e9tation<\/span> <span class=\"NormalTextRun SpellingErrorV2Themed SCXW88537264 BCX0\">contemporaine<\/span><span class=\"NormalTextRun SCXW88537264 BCX0\"> des canons du mobilier Empire. <\/span><span class=\"NormalTextRun SpellingErrorV2Themed SCXW88537264 BCX0\">Enti\u00e8rement<\/span> <span class=\"NormalTextRun SpellingErrorV2Themed SCXW88537264 BCX0\">fabriqu\u00e9<\/span><span class=\"NormalTextRun SCXW88537264 BCX0\"> \u00e0 la main <\/span><span class=\"NormalTextRun SpellingErrorV2Themed SCXW88537264 BCX0\">en<\/span><span class=\"NormalTextRun SCXW88537264 BCX0\"> Europe par <\/span><span class=\"NormalTextRun SpellingErrorV2Themed SCXW88537264 BCX0\">une<\/span><span class=\"NormalTextRun SCXW88537264 BCX0\"> \u00e9quipe <\/span><span class=\"NormalTextRun SpellingErrorV2Themed SCXW88537264 BCX0\">d&#8217;artisans<\/span><span class=\"NormalTextRun SCXW88537264 BCX0\"> de talent, la <\/span><span class=\"NormalTextRun SpellingErrorV2Themed SCXW88537264 BCX0\">forme<\/span> <span class=\"NormalTextRun SpellingErrorV2Themed SCXW88537264 BCX0\">d&#8217;apparence<\/span><span class=\"NormalTextRun SCXW88537264 BCX0\"> simple <\/span><span class=\"NormalTextRun SpellingErrorV2Themed SCXW88537264 BCX0\">revisite<\/span><span class=\"NormalTextRun SCXW88537264 BCX0\"> les codes de <\/span><span class=\"NormalTextRun SpellingErrorV2Themed SCXW88537264 BCX0\">cette<\/span> <span class=\"NormalTextRun SpellingErrorV2Themed SCXW88537264 BCX0\">p\u00e9riode<\/span> <span class=\"NormalTextRun SpellingErrorV2Themed SCXW88537264 BCX0\">tels<\/span><span class=\"NormalTextRun SCXW88537264 BCX0\"> que les <\/span><span class=\"NormalTextRun SpellingErrorV2Themed SCXW88537264 BCX0\">colonnes<\/span><span class=\"NormalTextRun SCXW88537264 BCX0\"> et les <\/span><span class=\"NormalTextRun SpellingErrorV2Themed SCXW88537264 BCX0\">ajouts<\/span><span class=\"NormalTextRun SCXW88537264 BCX0\"> de bronze. Les <\/span><span class=\"NormalTextRun SpellingErrorV2Themed SCXW88537264 BCX0\">pieds<\/span> <span class=\"NormalTextRun SpellingErrorV2Themed SCXW88537264 BCX0\">sont<\/span> <span class=\"NormalTextRun SpellingErrorV2Themed SCXW88537264 BCX0\">en<\/span> <span class=\"NormalTextRun SpellingErrorV2Themed SCXW88537264 BCX0\">ch\u00eane<\/span> <span class=\"NormalTextRun SpellingErrorV2Themed SCXW88537264 BCX0\">d\u00e9lav\u00e9<\/span><span class=\"NormalTextRun SCXW88537264 BCX0\">, <\/span><span class=\"NormalTextRun SpellingErrorV2Themed SCXW88537264 BCX0\">c\u00e9rus\u00e9<\/span><span class=\"NormalTextRun SCXW88537264 BCX0\"> et <\/span><span class=\"NormalTextRun SpellingErrorV2Themed SCXW88537264 BCX0\">bross\u00e9<\/span><span class=\"NormalTextRun SCXW88537264 BCX0\">, <\/span><span class=\"NormalTextRun SpellingErrorV2Themed SCXW88537264 BCX0\">enrichis<\/span><span class=\"NormalTextRun SCXW88537264 BCX0\"> d&#8217;un <\/span><span class=\"NormalTextRun SpellingErrorV2Themed SCXW88537264 BCX0\">anneau<\/span><span class=\"NormalTextRun SCXW88537264 BCX0\"> de bronze <\/span><span class=\"NormalTextRun SpellingErrorV2Themed SCXW88537264 BCX0\">goug\u00e9<\/span> <span class=\"NormalTextRun SpellingErrorV2Themed SCXW88537264 BCX0\">tandis<\/span><span class=\"NormalTextRun SCXW88537264 BCX0\"> que la <\/span><span class=\"NormalTextRun SpellingErrorV2Themed SCXW88537264 BCX0\">forme<\/span> <span class=\"NormalTextRun SpellingErrorV2Themed SCXW88537264 BCX0\">enveloppante<\/span><span class=\"NormalTextRun SCXW88537264 BCX0\"> &#8220;fer \u00e0 cheval&#8221; <\/span><span class=\"NormalTextRun SpellingErrorV2Themed SCXW88537264 BCX0\">est<\/span> <span class=\"NormalTextRun SpellingErrorV2Themed SCXW88537264 BCX0\">enti\u00e8rement<\/span> <span class=\"NormalTextRun SpellingErrorV2Themed SCXW88537264 BCX0\">tapiss\u00e9e<\/span><span class=\"NormalTextRun SCXW88537264 BCX0\">.\u00a0 <\/span><span class=\"NormalTextRun SpellingErrorV2Themed SCXW88537264 BCX0\">Remarquable<\/span><span class=\"NormalTextRun SCXW88537264 BCX0\"> et <\/span><span class=\"NormalTextRun SpellingErrorV2Themed SCXW88537264 BCX0\">sculpturale<\/span><span class=\"NormalTextRun SCXW88537264 BCX0\">.<\/span><\/span><\/p>\n","protected":false},"excerpt":{"rendered":"<p>Fauteuil tapiss\u00e9 ici en tissu Pierre Frey Teddy Mohair, couleur sable<br \/>\n<a href=\"https:\/\/theinvisiblecollection.com\/wp-content\/uploads\/2022\/12\/TheInvisibleCollection_Leo_Sentou_Fabric_Selection_Teddy_Mohair.pdf\" target=\"_blank\" rel=\"noopener\"><span style=\"text-decoration: underline;\">D\u00e9couvrez la s\u00e9lection de tissus ici<\/span><\/a><br \/>\n\u00c9galement disponible en blanc sans tissu<br \/>\nPi\u00e8tement en laiton patin\u00e9 goug\u00e9, finition bronze<br \/>\n\u00c9galement disponible en ch\u00eane goug\u00e9<br \/>\nTissus et finitions sur-mesure sur demande<\/p>\n<p>L 81.5 x P 80 x H 78 cm<br \/>\nHauteur d&#8217;assise : 38 cm<br \/>\nTissu requis: 5 m<\/p>\n<p>Fabriqu\u00e9 \u00e0 la main en Europe<br \/>\nD\u00e9lais de fabrication : 12 semaines<\/p>\n<p><span style=\"text-decoration: underline;\"><a href=\"https:\/\/www.theinvisiblecollection.com\/fr\/demande-de-devis\/?product_id=1390411\" target=\"_blank\" rel=\"noopener\">Contactez-nous pour toute demande de devis ou de renseignements<\/a><\/span><\/p>\n","protected":false},"featured_media":5701710,"template":"","meta":{"_acf_changed":false,"content-type":"","_themeisle_gutenberg_block_has_review":false},"product_brand":[],"product_cat":[8945,12499],"product_tag":[22790,31477,35206],"product_designer":[19809],"comfabric":[34953],"manufacturer":[34951],"reporting_designer":[37421],"samplecomfabric":[34955],"designer_clubroom":[],"class_list":{"0":"post-5130632","1":"product","2":"type-product","3":"status-publish","4":"has-post-thumbnail","6":"product_cat-fauteuils","7":"product_cat-assises","8":"product_tag-disponible-immediatement","9":"product_tag-st-curvy-fr","10":"product_tag-exclusive-fr","11":"product_designer-leo-sentou-fr","12":"comfabric-a-d-sourcing-pickup-leo-sentou-fr","13":"manufacturer-a-d-sourcing-pickup-leo-sentou-fr","14":"reporting_designer-leo-sentou","15":"samplecomfabric-a-d-sourcing-pickup-leo-sentou-fr","16":"exhibitions-londres-fr","18":"first","19":"instock","20":"taxable","21":"shipping-taxable","22":"purchasable","23":"product-type-variable"},"acf":[],"_links":{"self":[{"href":"https:\/\/theinvisiblecollection.com\/fr\/wp-json\/wp\/v2\/product\/5130632","targetHints":{"allow":["GET"]}}],"collection":[{"href":"https:\/\/theinvisiblecollection.com\/fr\/wp-json\/wp\/v2\/product"}],"about":[{"href":"https:\/\/theinvisiblecollection.com\/fr\/wp-json\/wp\/v2\/types\/product"}],"wp:featuredmedia":[{"embeddable":true,"href":"https:\/\/theinvisiblecollection.com\/fr\/wp-json\/wp\/v2\/media\/5701710"}],"wp:attachment":[{"href":"https:\/\/theinvisiblecollection.com\/fr\/wp-json\/wp\/v2\/media?parent=5130632"}],"wp:term":[{"taxonomy":"product_brand","embeddable":true,"href":"https:\/\/theinvisiblecollection.com\/fr\/wp-json\/wp\/v2\/product_brand?post=5130632"},{"taxonomy":"product_cat","embeddable":true,"href":"https:\/\/theinvisiblecollection.com\/fr\/wp-json\/wp\/v2\/product_cat?post=5130632"},{"taxonomy":"product_tag","embeddable":true,"href":"https:\/\/theinvisiblecollection.com\/fr\/wp-json\/wp\/v2\/product_tag?post=5130632"},{"taxonomy":"product_designer","embeddable":true,"href":"https:\/\/theinvisiblecollection.com\/fr\/wp-json\/wp\/v2\/product_designer?post=5130632"},{"taxonomy":"comfabric","embeddable":true,"href":"https:\/\/theinvisiblecollection.com\/fr\/wp-json\/wp\/v2\/comfabric?post=5130632"},{"taxonomy":"manufacturer","embeddable":true,"href":"https:\/\/theinvisiblecollection.com\/fr\/wp-json\/wp\/v2\/manufacturer?post=5130632"},{"taxonomy":"reporting_designer","embeddable":true,"href":"https:\/\/theinvisiblecollection.com\/fr\/wp-json\/wp\/v2\/reporting_designer?post=5130632"},{"taxonomy":"samplecomfabric","embeddable":true,"href":"https:\/\/theinvisiblecollection.com\/fr\/wp-json\/wp\/v2\/samplecomfabric?post=5130632"},{"taxonomy":"clubroom_product_designer","embeddable":true,"href":"https:\/\/theinvisiblecollection.com\/fr\/wp-json\/wp\/v2\/designer_clubroom?post=5130632"}],"curies":[{"name":"wp","href":"https:\/\/api.w.org\/{rel}","templated":true}]}}