{"id":51924,"date":"2020-08-21T14:37:12","date_gmt":"2020-08-21T14:37:12","guid":{"rendered":"https:\/\/www.theinvisiblecollection.com\/?post_type=product&#038;p=51924"},"modified":"2026-05-01T07:39:37","modified_gmt":"2026-05-01T07:39:37","slug":"elliott-barnes-banc-black-endless-summer-i","status":"publish","type":"product","link":"https:\/\/theinvisiblecollection.com\/fr\/produit\/elliott-barnes-banc-black-endless-summer-i\/","title":{"rendered":"Banc Black Endless Summer I"},"content":{"rendered":"<p>Pour le banc Endless Summer et les tables d\u2019appoint Starfish et le paravent Onde, le cuir est utilis\u00e9 comme une structure \u00e0 part enti\u00e8re.<\/p>\n","protected":false},"excerpt":{"rendered":"<p>Structure en m\u00e9tal et cuir ondul\u00e9<br \/>\n<a href=\"https:\/\/www.theinvisiblecollection.com\/wp-content\/uploads\/2020\/08\/TheInvisibleCollection_ElliottBarnes_LeatherSamples_francais.pdf\" target=\"_blank\" rel=\"noopener\">D\u00e9couvrez la s\u00e9lection de cuirs v\u00e9g\u00e9taux ici<\/a><\/p>\n<p>L 165 x l 40 x H 40 cm<br \/>\nHauteur d&#8217;assise : 40 cm<\/p>\n<p>Fabriqu\u00e9 \u00e0 la main en France<br \/>\nD\u00e9lais de fabrication : 8 semaines<\/p>\n<p><a href=\"https:\/\/www.theinvisiblecollection.com\/fr\/demande-de-devis\/?product_id=51924\" target=\"_blank\" rel=\"noopener\">Contactez-nous pour toute demande de devis ou de renseignement<\/a><\/p>\n","protected":false},"featured_media":5866817,"template":"","meta":{"_acf_changed":false,"content-type":"","_themeisle_gutenberg_block_has_review":false},"product_brand":[],"product_cat":[8947,12499],"product_tag":[35326,8993,9001,9015,9153,11528,31477,33319,35206],"product_designer":[8925],"comfabric":[],"manufacturer":[20111],"reporting_designer":[37764],"samplecomfabric":[],"designer_clubroom":[],"class_list":{"0":"post-51924","1":"product","2":"type-product","3":"status-publish","4":"has-post-thumbnail","6":"product_cat-bancs","7":"product_cat-assises","8":"product_tag-st-scandinavian-fr","9":"product_tag-salon","10":"product_tag-chene","11":"product_tag-cuir","12":"product_tag-elliott-barnes-fr","13":"product_tag-bench","14":"product_tag-st-curvy-fr","15":"product_tag-edition-limitee","16":"product_tag-exclusive-fr","17":"product_designer-elliott-barnes-fr","18":"manufacturer-elliott-barnes-atelier-vannes-fr","19":"reporting_designer-elliott-barnes","21":"first","22":"instock","23":"taxable","24":"shipping-taxable","25":"purchasable","26":"product-type-variable"},"acf":[],"_links":{"self":[{"href":"https:\/\/theinvisiblecollection.com\/fr\/wp-json\/wp\/v2\/product\/51924","targetHints":{"allow":["GET"]}}],"collection":[{"href":"https:\/\/theinvisiblecollection.com\/fr\/wp-json\/wp\/v2\/product"}],"about":[{"href":"https:\/\/theinvisiblecollection.com\/fr\/wp-json\/wp\/v2\/types\/product"}],"wp:featuredmedia":[{"embeddable":true,"href":"https:\/\/theinvisiblecollection.com\/fr\/wp-json\/wp\/v2\/media\/5866817"}],"wp:attachment":[{"href":"https:\/\/theinvisiblecollection.com\/fr\/wp-json\/wp\/v2\/media?parent=51924"}],"wp:term":[{"taxonomy":"product_brand","embeddable":true,"href":"https:\/\/theinvisiblecollection.com\/fr\/wp-json\/wp\/v2\/product_brand?post=51924"},{"taxonomy":"product_cat","embeddable":true,"href":"https:\/\/theinvisiblecollection.com\/fr\/wp-json\/wp\/v2\/product_cat?post=51924"},{"taxonomy":"product_tag","embeddable":true,"href":"https:\/\/theinvisiblecollection.com\/fr\/wp-json\/wp\/v2\/product_tag?post=51924"},{"taxonomy":"product_designer","embeddable":true,"href":"https:\/\/theinvisiblecollection.com\/fr\/wp-json\/wp\/v2\/product_designer?post=51924"},{"taxonomy":"comfabric","embeddable":true,"href":"https:\/\/theinvisiblecollection.com\/fr\/wp-json\/wp\/v2\/comfabric?post=51924"},{"taxonomy":"manufacturer","embeddable":true,"href":"https:\/\/theinvisiblecollection.com\/fr\/wp-json\/wp\/v2\/manufacturer?post=51924"},{"taxonomy":"reporting_designer","embeddable":true,"href":"https:\/\/theinvisiblecollection.com\/fr\/wp-json\/wp\/v2\/reporting_designer?post=51924"},{"taxonomy":"samplecomfabric","embeddable":true,"href":"https:\/\/theinvisiblecollection.com\/fr\/wp-json\/wp\/v2\/samplecomfabric?post=51924"},{"taxonomy":"clubroom_product_designer","embeddable":true,"href":"https:\/\/theinvisiblecollection.com\/fr\/wp-json\/wp\/v2\/designer_clubroom?post=51924"}],"curies":[{"name":"wp","href":"https:\/\/api.w.org\/{rel}","templated":true}]}}