{"id":51964,"date":"2020-08-21T15:33:35","date_gmt":"2020-08-21T15:33:35","guid":{"rendered":"https:\/\/www.theinvisiblecollection.com\/?post_type=product&#038;p=51964"},"modified":"2026-05-01T07:39:37","modified_gmt":"2026-05-01T07:39:37","slug":"elliot-barnes-table-dappoint-starfish-laque-bleu-nuit","status":"publish","type":"product","link":"https:\/\/theinvisiblecollection.com\/fr\/produit\/elliot-barnes-table-dappoint-starfish-laque-bleu-nuit\/","title":{"rendered":"Table D&#8217;Appoint Starfish Laqu\u00e9 Bleu Nuit"},"content":{"rendered":"<p>Pour les tables d\u2019appoint Starfish, le cuir est utilis\u00e9 comme une structure \u00e0 part enti\u00e8re.<\/p>\n","protected":false},"excerpt":{"rendered":"<p>Base en bois surmont\u00e9e de cuir ondul\u00e9 et plateau en verre<br \/>\n<a href=\"https:\/\/www.theinvisiblecollection.com\/wp-content\/uploads\/2020\/08\/TheInvisibleCollection_ElliottBarnes_LeatherSamples_francais.pdf\" target=\"_blank\" rel=\"noopener\">D\u00e9couvrez la s\u00e9lection de cuir v\u00e9g\u00e9tal ici<\/a><br \/>\n\u00c9galement disponible en base cuir surmont\u00e9e de pierre<\/p>\n<p>L 35 x l 35 x H 50 cm<\/p>\n<p>Fabriqu\u00e9 \u00e0 la main en France<br \/>\nD\u00e9lais de fabrication : 4 semaines<\/p>\n<p><a href=\"https:\/\/www.theinvisiblecollection.com\/fr\/demande-de-devis\/?product_id=51964\" target=\"_blank\" rel=\"noopener\">Contactez-nous pour toute demande de devis ou de renseignement<\/a><\/p>\n","protected":false},"featured_media":5866828,"template":"","meta":{"_acf_changed":false,"content-type":"","_themeisle_gutenberg_block_has_review":false},"product_brand":[],"product_cat":[12332,12501,12503,12514],"product_tag":[33319,35206,8993,9015,9060,9106,9153,10493,31477],"product_designer":[8925],"comfabric":[],"manufacturer":[20111],"reporting_designer":[37764],"samplecomfabric":[],"designer_clubroom":[],"class_list":{"0":"post-51964","1":"product","2":"type-product","3":"status-publish","4":"has-post-thumbnail","6":"product_cat-tables-dappoint","7":"product_cat-chambre-a-coucher","8":"product_cat-tables-fr","9":"product_cat-tables-de-chevet","10":"product_tag-edition-limitee","11":"product_tag-exclusive-fr","12":"product_tag-salon","13":"product_tag-cuir","14":"product_tag-verre","15":"product_tag-pierre-fr-3","16":"product_tag-elliott-barnes-fr","17":"product_tag-table-de-nuit","18":"product_tag-st-curvy-fr","19":"product_designer-elliott-barnes-fr","20":"manufacturer-elliott-barnes-atelier-vannes-fr","21":"reporting_designer-elliott-barnes","23":"first","24":"instock","25":"taxable","26":"shipping-taxable","27":"purchasable","28":"product-type-simple"},"acf":[],"_links":{"self":[{"href":"https:\/\/theinvisiblecollection.com\/fr\/wp-json\/wp\/v2\/product\/51964","targetHints":{"allow":["GET"]}}],"collection":[{"href":"https:\/\/theinvisiblecollection.com\/fr\/wp-json\/wp\/v2\/product"}],"about":[{"href":"https:\/\/theinvisiblecollection.com\/fr\/wp-json\/wp\/v2\/types\/product"}],"wp:featuredmedia":[{"embeddable":true,"href":"https:\/\/theinvisiblecollection.com\/fr\/wp-json\/wp\/v2\/media\/5866828"}],"wp:attachment":[{"href":"https:\/\/theinvisiblecollection.com\/fr\/wp-json\/wp\/v2\/media?parent=51964"}],"wp:term":[{"taxonomy":"product_brand","embeddable":true,"href":"https:\/\/theinvisiblecollection.com\/fr\/wp-json\/wp\/v2\/product_brand?post=51964"},{"taxonomy":"product_cat","embeddable":true,"href":"https:\/\/theinvisiblecollection.com\/fr\/wp-json\/wp\/v2\/product_cat?post=51964"},{"taxonomy":"product_tag","embeddable":true,"href":"https:\/\/theinvisiblecollection.com\/fr\/wp-json\/wp\/v2\/product_tag?post=51964"},{"taxonomy":"product_designer","embeddable":true,"href":"https:\/\/theinvisiblecollection.com\/fr\/wp-json\/wp\/v2\/product_designer?post=51964"},{"taxonomy":"comfabric","embeddable":true,"href":"https:\/\/theinvisiblecollection.com\/fr\/wp-json\/wp\/v2\/comfabric?post=51964"},{"taxonomy":"manufacturer","embeddable":true,"href":"https:\/\/theinvisiblecollection.com\/fr\/wp-json\/wp\/v2\/manufacturer?post=51964"},{"taxonomy":"reporting_designer","embeddable":true,"href":"https:\/\/theinvisiblecollection.com\/fr\/wp-json\/wp\/v2\/reporting_designer?post=51964"},{"taxonomy":"samplecomfabric","embeddable":true,"href":"https:\/\/theinvisiblecollection.com\/fr\/wp-json\/wp\/v2\/samplecomfabric?post=51964"},{"taxonomy":"clubroom_product_designer","embeddable":true,"href":"https:\/\/theinvisiblecollection.com\/fr\/wp-json\/wp\/v2\/designer_clubroom?post=51964"}],"curies":[{"name":"wp","href":"https:\/\/api.w.org\/{rel}","templated":true}]}}