{"id":52419,"date":"2024-09-10T00:00:00","date_gmt":"2024-09-10T00:00:00","guid":{"rendered":"https:\/\/www.theinvisiblecollection.com\/?post_type=product&#038;p=52419"},"modified":"2026-05-08T04:40:49","modified_gmt":"2026-05-08T04:40:49","slug":"diner-en-ville-table-longwy","status":"publish","type":"product","link":"https:\/\/theinvisiblecollection.com\/fr\/produit\/diner-en-ville-table-longwy\/","title":{"rendered":"Bo\u00eete D\u00eener en Ville &#8220;Longwy&#8221;"},"content":{"rendered":"<p style=\"text-align: justify;\">Les Bo\u00eetes &#8220;D\u00eener en Ville&#8221; ont \u00e9t\u00e9 imagin\u00e9es par Isabelle Moltzer, connue pour son talent \u00e0 concevoir des d\u00eeners tr\u00e8s parisiens, avec un chic timeless et inimitable. Pr\u00e9par\u00e9es g\u00e9n\u00e9reusement pour 12 personnes, les Bo\u00eetes &#8220;D\u00eener en Ville&#8221; comprennent 12 assiettes vintage en fa\u00efence, 12 verres \u00e0 vin et \u00e0 eau, nappes et serviettes ainsi qu&#8217;un choix d&#8217;objets glan\u00e9s pour la bo\u00eete exclusivement. Cool et chic avec un twist ! Chaque Bo\u00eete D\u00eener en Ville est unique et a \u00e9t\u00e9 imagin\u00e9e pour 12 personnes, soyez les premiers et les seuls \u00e0 recevoir \u00e0 la maison pour des d\u00eeners inoubliables avec la table compl\u00e8te Longwy. Si vous r\u00e9sistez \u00e0 la tentation, vous pouvez aussi l&#8217;offrir \u00e0 vos amis.<\/p>\n","protected":false},"excerpt":{"rendered":"<p>Bo\u00eete D\u00eener En Ville &#8220;Longwy&#8221; pour 12 personnes<br \/>\n<em>Un exemplaire unique<br \/>\n<\/em>\u00c9galement disponible en bo\u00eetes pour 2 ou pour 6 personnes<br \/>\n<em><br \/>\n<\/em>Nappe en denim<br \/>\n12 serviettes en Ikat<br \/>\n12 assiettes d\u00eener en fa\u00efence Longwy<br \/>\n12 verres \u00e0 vin, souffl\u00e9s \u00e0 la main<br \/>\n12 verres \u00e0 eau en verre souffl\u00e9 \u00e0 la main<br \/>\n15 petits vases en verre color\u00e9<br \/>\n12 marque places illustr\u00e9s<\/p>\n<p>Dimensions nappe:<br \/>\n360 x 160 cm<\/p>\n<p>Disponible imm\u00e9diatement<\/p>\n<p class=\"p1\"><span class=\"s1\"><a href=\"https:\/\/www.theinvisiblecollection.com\/fr\/demande-de-devis\/?product_id=52419\">Contactez-nous pour toute demande de devis ou de renseignements<\/a><\/span><\/p><\/p>\n","protected":false},"featured_media":52846,"template":"","meta":{"_acf_changed":false,"content-type":"","_themeisle_gutenberg_block_has_review":false},"product_brand":[],"product_cat":[7517,12535],"product_tag":[10396,10894,10896],"product_designer":[10979],"comfabric":[],"manufacturer":[16668],"reporting_designer":[37456],"samplecomfabric":[],"designer_clubroom":[],"class_list":{"0":"post-52419","1":"product","2":"type-product","3":"status-publish","4":"has-post-thumbnail","6":"product_cat-deco-fr","7":"product_cat-arts-de-la-table","8":"product_tag-vintage-fr-2","9":"product_tag-assiette-fr","10":"product_tag-assiettes-fr-3","11":"pa_choice-boite-pour-12","12":"pa_choice-boite-pour-2","13":"pa_choice-boite-pour-6","14":"product_designer-diner-en-ville-fr","15":"manufacturer-diner-en-ville","16":"reporting_designer-diner-en-ville","17":"exhibitions-londres-fr","19":"first","20":"instock","21":"taxable","22":"shipping-taxable","23":"purchasable","24":"product-type-variable"},"acf":[],"_links":{"self":[{"href":"https:\/\/theinvisiblecollection.com\/fr\/wp-json\/wp\/v2\/product\/52419","targetHints":{"allow":["GET"]}}],"collection":[{"href":"https:\/\/theinvisiblecollection.com\/fr\/wp-json\/wp\/v2\/product"}],"about":[{"href":"https:\/\/theinvisiblecollection.com\/fr\/wp-json\/wp\/v2\/types\/product"}],"wp:featuredmedia":[{"embeddable":true,"href":"https:\/\/theinvisiblecollection.com\/fr\/wp-json\/wp\/v2\/media\/52846"}],"wp:attachment":[{"href":"https:\/\/theinvisiblecollection.com\/fr\/wp-json\/wp\/v2\/media?parent=52419"}],"wp:term":[{"taxonomy":"product_brand","embeddable":true,"href":"https:\/\/theinvisiblecollection.com\/fr\/wp-json\/wp\/v2\/product_brand?post=52419"},{"taxonomy":"product_cat","embeddable":true,"href":"https:\/\/theinvisiblecollection.com\/fr\/wp-json\/wp\/v2\/product_cat?post=52419"},{"taxonomy":"product_tag","embeddable":true,"href":"https:\/\/theinvisiblecollection.com\/fr\/wp-json\/wp\/v2\/product_tag?post=52419"},{"taxonomy":"product_designer","embeddable":true,"href":"https:\/\/theinvisiblecollection.com\/fr\/wp-json\/wp\/v2\/product_designer?post=52419"},{"taxonomy":"comfabric","embeddable":true,"href":"https:\/\/theinvisiblecollection.com\/fr\/wp-json\/wp\/v2\/comfabric?post=52419"},{"taxonomy":"manufacturer","embeddable":true,"href":"https:\/\/theinvisiblecollection.com\/fr\/wp-json\/wp\/v2\/manufacturer?post=52419"},{"taxonomy":"reporting_designer","embeddable":true,"href":"https:\/\/theinvisiblecollection.com\/fr\/wp-json\/wp\/v2\/reporting_designer?post=52419"},{"taxonomy":"samplecomfabric","embeddable":true,"href":"https:\/\/theinvisiblecollection.com\/fr\/wp-json\/wp\/v2\/samplecomfabric?post=52419"},{"taxonomy":"clubroom_product_designer","embeddable":true,"href":"https:\/\/theinvisiblecollection.com\/fr\/wp-json\/wp\/v2\/designer_clubroom?post=52419"}],"curies":[{"name":"wp","href":"https:\/\/api.w.org\/{rel}","templated":true}]}}