{"id":53266,"date":"2021-06-30T10:00:51","date_gmt":"2021-06-30T09:00:51","guid":{"rendered":"https:\/\/www.theinvisiblecollection.com\/?post_type=product&#038;p=53266"},"modified":"2026-05-01T07:39:37","modified_gmt":"2026-05-01T07:39:37","slug":"laura-gonzalez-chaise-pondichery","status":"publish","type":"product","link":"https:\/\/theinvisiblecollection.com\/fr\/produit\/laura-gonzalez-chaise-pondichery\/","title":{"rendered":"Chaise Pondich\u00e9ry"},"content":{"rendered":"<p style=\"text-align: justify;\"><span class=\"TextRun SCXW155582224 BCX0\" lang=\"FR-FR\" xml:lang=\"FR-FR\" data-contrast=\"auto\"><span class=\"NormalTextRun SCXW155582224 BCX0\">Inspir\u00e9e des chaises indiennes en bois peint de la fin du XIXe si\u00e8cle, la chaise Pondich\u00e9ry est une version moderne de ce type de chaise classique, aux lignes \u00e9pur\u00e9es et \u00e0 la palette de couleurs vives tr\u00e8s s\u00e9duisante.<\/span><\/span><span class=\"EOP SCXW155582224 BCX0\" data-ccp-props=\"{&quot;134233117&quot;:false,&quot;134233118&quot;:false,&quot;201341983&quot;:0,&quot;335551550&quot;:6,&quot;335551620&quot;:6,&quot;335559738&quot;:0,&quot;335559739&quot;:0,&quot;335559740&quot;:259}\">\u00a0<\/span><\/p>\n","protected":false},"excerpt":{"rendered":"<p>Chaise en bois laqu\u00e9<br \/>\nPhotographi\u00e9 ici en bois vert<span style=\"text-decoration: underline;\"><br \/>\n<\/span>\u00c9galement disponible en blanc sans tissu<br \/>\nCouleurs et tissus sur-mesure parmi notre s\u00e9lection sur demande<span style=\"text-decoration: underline;\"><br \/>\n<\/span><\/p>\n<p>L 40 x l 51 x H 92 cm<br \/>\nHauteur d\u2019assise : 45 cm<br \/>\nM\u00e9trage de tissu requis : 1.5 m<\/p>\n<p>Fabriqu\u00e9e \u00e0 la main en France<br \/>\nD\u00e9lais de fabrication : 12 &#8211; 14 semaines<\/p>\n<p><span style=\"text-decoration: underline;\"><span class=\"s1\"><a href=\"https:\/\/www.theinvisiblecollection.com\/fr\/demande-de-devis\/?product_id=53266\">Contactez-nous pour toute demande de devis ou de renseignement<\/a><\/span><\/span><\/p>\n","protected":false},"featured_media":5335579,"template":"","meta":{"_acf_changed":false,"content-type":"","_themeisle_gutenberg_block_has_review":false},"product_brand":[],"product_cat":[8962,12499],"product_tag":[9522,11002,8942,8952,8953,9017,9430],"product_designer":[10956],"comfabric":[29426],"manufacturer":[16912],"reporting_designer":[37573],"samplecomfabric":[31100],"designer_clubroom":[],"class_list":{"0":"post-53266","1":"product","2":"type-product","3":"status-publish","4":"has-post-thumbnail","6":"product_cat-chaises","7":"product_cat-assises","8":"product_tag-a-la-main","9":"product_tag-laura-gonzalez-fr-2","10":"product_tag-assise","11":"product_tag-bois-fr","12":"product_tag-salle-a-manger","13":"product_tag-chaise","14":"product_tag-bois-laque-fr","15":"pa_choice-finition-mate","16":"pa_choice-finition-brillant","17":"product_designer-laura-gonzalez-fr","18":"comfabric-laura-gonzalez-fr","19":"manufacturer-premier-logistics-art-interiors-fr","20":"reporting_designer-laura-gonzalez","21":"samplecomfabric-laura-gonzalez-fr","23":"first","24":"instock","25":"taxable","26":"shipping-taxable","27":"purchasable","28":"product-type-variable"},"acf":[],"_links":{"self":[{"href":"https:\/\/theinvisiblecollection.com\/fr\/wp-json\/wp\/v2\/product\/53266","targetHints":{"allow":["GET"]}}],"collection":[{"href":"https:\/\/theinvisiblecollection.com\/fr\/wp-json\/wp\/v2\/product"}],"about":[{"href":"https:\/\/theinvisiblecollection.com\/fr\/wp-json\/wp\/v2\/types\/product"}],"wp:featuredmedia":[{"embeddable":true,"href":"https:\/\/theinvisiblecollection.com\/fr\/wp-json\/wp\/v2\/media\/5335579"}],"wp:attachment":[{"href":"https:\/\/theinvisiblecollection.com\/fr\/wp-json\/wp\/v2\/media?parent=53266"}],"wp:term":[{"taxonomy":"product_brand","embeddable":true,"href":"https:\/\/theinvisiblecollection.com\/fr\/wp-json\/wp\/v2\/product_brand?post=53266"},{"taxonomy":"product_cat","embeddable":true,"href":"https:\/\/theinvisiblecollection.com\/fr\/wp-json\/wp\/v2\/product_cat?post=53266"},{"taxonomy":"product_tag","embeddable":true,"href":"https:\/\/theinvisiblecollection.com\/fr\/wp-json\/wp\/v2\/product_tag?post=53266"},{"taxonomy":"product_designer","embeddable":true,"href":"https:\/\/theinvisiblecollection.com\/fr\/wp-json\/wp\/v2\/product_designer?post=53266"},{"taxonomy":"comfabric","embeddable":true,"href":"https:\/\/theinvisiblecollection.com\/fr\/wp-json\/wp\/v2\/comfabric?post=53266"},{"taxonomy":"manufacturer","embeddable":true,"href":"https:\/\/theinvisiblecollection.com\/fr\/wp-json\/wp\/v2\/manufacturer?post=53266"},{"taxonomy":"reporting_designer","embeddable":true,"href":"https:\/\/theinvisiblecollection.com\/fr\/wp-json\/wp\/v2\/reporting_designer?post=53266"},{"taxonomy":"samplecomfabric","embeddable":true,"href":"https:\/\/theinvisiblecollection.com\/fr\/wp-json\/wp\/v2\/samplecomfabric?post=53266"},{"taxonomy":"clubroom_product_designer","embeddable":true,"href":"https:\/\/theinvisiblecollection.com\/fr\/wp-json\/wp\/v2\/designer_clubroom?post=53266"}],"curies":[{"name":"wp","href":"https:\/\/api.w.org\/{rel}","templated":true}]}}