{"id":5348695,"date":"2024-06-03T09:52:51","date_gmt":"2024-06-03T09:52:51","guid":{"rendered":"https:\/\/theinvisiblecollection.com\/?post_type=product&#038;p=5348695"},"modified":"2026-05-08T04:38:56","modified_gmt":"2026-05-08T04:38:56","slug":"garce-dimofski-fauteuil-monte","status":"publish","type":"product","link":"https:\/\/theinvisiblecollection.com\/fr\/produit\/garce-dimofski-fauteuil-monte\/","title":{"rendered":"Fauteuil Monte"},"content":{"rendered":"<p style=\"text-align: justify;\">Confectionn\u00e9 avec une attention m\u00e9ticuleuse aux d\u00e9tails, le fauteuil Monte pr\u00e9sente des pieds en ch\u00e2taignier sophistiqu\u00e9s qui ajoutent une touche de raffinement \u00e0 son esth\u00e9tique g\u00e9n\u00e9rale. Les courbes de ce fauteuil sont soigneusement sculpt\u00e9es pour accentuer \u00e0 la fois le confort et la douceur, vous invitant \u00e0 vous lover dans son \u00e9treinte et \u00e0 vous d\u00e9tendre apr\u00e8s une longue journ\u00e9e.<\/p>\n","protected":false},"excerpt":{"rendered":"<p>Confectionn\u00e9 avec une attention m\u00e9ticuleuse aux d\u00e9tails, le fauteuil Monte pr\u00e9sente des pieds en ch\u00e2taignier sophistiqu\u00e9s qui ajoutent une touche de raffinement \u00e0 son esth\u00e9tique g\u00e9n\u00e9rale. Les courbes de ce fauteuil sont soigneusement sculpt\u00e9es pour accentuer \u00e0 la fois le confort et la douceur, vous invitant \u00e0 vous lover dans son \u00e9treinte et \u00e0 vous [&hellip;]<\/p>\n","protected":false},"featured_media":5858067,"template":"","meta":{"_acf_changed":false,"content-type":"","_themeisle_gutenberg_block_has_review":false},"product_brand":[],"product_cat":[8945],"product_tag":[9644,14925,31477,35206],"product_designer":[15857],"comfabric":[35931],"manufacturer":[22038],"reporting_designer":[37464],"samplecomfabric":[35933],"designer_clubroom":[],"class_list":{"0":"post-5348695","1":"product","2":"type-product","3":"status-publish","4":"has-post-thumbnail","6":"product_cat-fauteuils","7":"product_tag-necessaires","8":"product_tag-hpfav-fr","9":"product_tag-st-curvy-fr","10":"product_tag-exclusive-fr","11":"product_designer-garce-dimofski-fr","12":"comfabric-garc-dimofski-samples-approval-fr","13":"manufacturer-garc-dimofski-atelier-so-pedro-da-cova-fr","14":"reporting_designer-garce-dimofski-fr","15":"samplecomfabric-garc-dimofski-samples-approval-fr","16":"exhibitions-londres-fr","18":"first","19":"instock","20":"taxable","21":"shipping-taxable","22":"purchasable","23":"product-type-variable"},"acf":[],"_links":{"self":[{"href":"https:\/\/theinvisiblecollection.com\/fr\/wp-json\/wp\/v2\/product\/5348695","targetHints":{"allow":["GET"]}}],"collection":[{"href":"https:\/\/theinvisiblecollection.com\/fr\/wp-json\/wp\/v2\/product"}],"about":[{"href":"https:\/\/theinvisiblecollection.com\/fr\/wp-json\/wp\/v2\/types\/product"}],"wp:featuredmedia":[{"embeddable":true,"href":"https:\/\/theinvisiblecollection.com\/fr\/wp-json\/wp\/v2\/media\/5858067"}],"wp:attachment":[{"href":"https:\/\/theinvisiblecollection.com\/fr\/wp-json\/wp\/v2\/media?parent=5348695"}],"wp:term":[{"taxonomy":"product_brand","embeddable":true,"href":"https:\/\/theinvisiblecollection.com\/fr\/wp-json\/wp\/v2\/product_brand?post=5348695"},{"taxonomy":"product_cat","embeddable":true,"href":"https:\/\/theinvisiblecollection.com\/fr\/wp-json\/wp\/v2\/product_cat?post=5348695"},{"taxonomy":"product_tag","embeddable":true,"href":"https:\/\/theinvisiblecollection.com\/fr\/wp-json\/wp\/v2\/product_tag?post=5348695"},{"taxonomy":"product_designer","embeddable":true,"href":"https:\/\/theinvisiblecollection.com\/fr\/wp-json\/wp\/v2\/product_designer?post=5348695"},{"taxonomy":"comfabric","embeddable":true,"href":"https:\/\/theinvisiblecollection.com\/fr\/wp-json\/wp\/v2\/comfabric?post=5348695"},{"taxonomy":"manufacturer","embeddable":true,"href":"https:\/\/theinvisiblecollection.com\/fr\/wp-json\/wp\/v2\/manufacturer?post=5348695"},{"taxonomy":"reporting_designer","embeddable":true,"href":"https:\/\/theinvisiblecollection.com\/fr\/wp-json\/wp\/v2\/reporting_designer?post=5348695"},{"taxonomy":"samplecomfabric","embeddable":true,"href":"https:\/\/theinvisiblecollection.com\/fr\/wp-json\/wp\/v2\/samplecomfabric?post=5348695"},{"taxonomy":"clubroom_product_designer","embeddable":true,"href":"https:\/\/theinvisiblecollection.com\/fr\/wp-json\/wp\/v2\/designer_clubroom?post=5348695"}],"curies":[{"name":"wp","href":"https:\/\/api.w.org\/{rel}","templated":true}]}}