{"id":5352877,"date":"2024-05-13T10:11:53","date_gmt":"2024-05-13T10:11:53","guid":{"rendered":"https:\/\/theinvisiblecollection.com\/?post_type=product&#038;p=5352877"},"modified":"2026-05-01T07:37:38","modified_gmt":"2026-05-01T07:37:38","slug":"leo-sentou-fauteuil-ecusson","status":"publish","type":"product","link":"https:\/\/theinvisiblecollection.com\/fr\/produit\/leo-sentou-fauteuil-ecusson\/","title":{"rendered":"Fauteuil \u00c9cusson"},"content":{"rendered":"<p style=\"text-align: justify;\"><span class=\"TextRun SCXW38459208 BCX0\" lang=\"FR\" xml:lang=\"FR\" data-contrast=\"auto\"><span class=\"NormalTextRun SCXW38459208 BCX0\">Le <\/span><span class=\"NormalTextRun SCXW38459208 BCX0\">fauteuil \u00c9cusson <\/span><\/span><span class=\"TextRun SCXW38459208 BCX0\" lang=\"EN-GB\" xml:lang=\"EN-GB\" data-contrast=\"auto\"><span class=\"NormalTextRun SpellingErrorV2Themed SCXW38459208 BCX0\">cr\u00e9\u00e9<\/span><span class=\"NormalTextRun SCXW38459208 BCX0\"> par L\u00e9o <\/span><span class=\"NormalTextRun SpellingErrorV2Themed SCXW38459208 BCX0\">Sentou<\/span> <span class=\"NormalTextRun SpellingErrorV2Themed SCXW38459208 BCX0\">est<\/span> <span class=\"NormalTextRun SpellingErrorV2Themed SCXW38459208 BCX0\">inspir\u00e9<\/span><span class=\"NormalTextRun SCXW38459208 BCX0\"> d&#8217;un fauteuil <\/span><span class=\"NormalTextRun SpellingErrorV2Themed SCXW38459208 BCX0\">aussi<\/span> <span class=\"NormalTextRun SpellingErrorV2Themed SCXW38459208 BCX0\">\u00e9l\u00e9gant<\/span><span class=\"NormalTextRun SCXW38459208 BCX0\"> que <\/span><span class=\"NormalTextRun SpellingErrorV2Themed SCXW38459208 BCX0\">surprenant<\/span> <span class=\"NormalTextRun SpellingErrorV2Themed SCXW38459208 BCX0\">dessin\u00e9<\/span><span class=\"NormalTextRun SCXW38459208 BCX0\"> par le Ma\u00eetre <\/span><span class=\"NormalTextRun SpellingErrorV2Themed SCXW38459208 BCX0\">Eb\u00e9niste<\/span><span class=\"NormalTextRun SCXW38459208 BCX0\"> Jean Baptiste <\/span><span class=\"NormalTextRun SpellingErrorV2Themed SCXW38459208 BCX0\">Lelarge<\/span><span class=\"NormalTextRun SCXW38459208 BCX0\"> (1743-1802). Le design se fait <\/span><span class=\"NormalTextRun SpellingErrorV2Themed SCXW38459208 BCX0\">l\u2019\u00e9cho<\/span> <span class=\"NormalTextRun SpellingErrorV2Themed SCXW38459208 BCX0\">contemporain<\/span><span class=\"NormalTextRun SCXW38459208 BCX0\"> des codes <\/span><span class=\"NormalTextRun SpellingErrorV2Themed SCXW38459208 BCX0\">classiques<\/span> <span class=\"NormalTextRun SpellingErrorV2Themed SCXW38459208 BCX0\">typiques<\/span><span class=\"NormalTextRun SCXW38459208 BCX0\"> de la fin du <\/span><span class=\"NormalTextRun SpellingErrorV2Themed SCXW38459208 BCX0\">XVIII\u00e8me<\/span><span class=\"NormalTextRun SCXW38459208 BCX0\"> si\u00e8cle. <\/span><span class=\"NormalTextRun SpellingErrorV2Themed SCXW38459208 BCX0\">Enti\u00e8rement<\/span> <span class=\"NormalTextRun SpellingErrorV2Themed SCXW38459208 BCX0\">fabriqu\u00e9<\/span><span class=\"NormalTextRun SCXW38459208 BCX0\"> \u00e0 la main par <\/span><span class=\"NormalTextRun SpellingErrorV2Themed SCXW38459208 BCX0\">une<\/span><span class=\"NormalTextRun SCXW38459208 BCX0\"> \u00e9quipe <\/span><span class=\"NormalTextRun SpellingErrorV2Themed SCXW38459208 BCX0\">d&#8217;artisans<\/span><span class=\"NormalTextRun SCXW38459208 BCX0\"> de talent, <\/span><span class=\"NormalTextRun SpellingErrorV2Themed SCXW38459208 BCX0\">l&#8217;\u00e9cusson<\/span><span class=\"NormalTextRun SCXW38459208 BCX0\"> original du dossier, <\/span><span class=\"NormalTextRun SpellingErrorV2Themed SCXW38459208 BCX0\">ainsi<\/span><span class=\"NormalTextRun SCXW38459208 BCX0\"> que les <\/span><span class=\"NormalTextRun SpellingErrorV2Themed SCXW38459208 BCX0\">accoudoirs<\/span> <span class=\"NormalTextRun SpellingErrorV2Themed SCXW38459208 BCX0\">ont<\/span> <span class=\"NormalTextRun SpellingErrorV2Themed SCXW38459208 BCX0\">\u00e9t\u00e9<\/span> <span class=\"NormalTextRun SpellingErrorV2Themed SCXW38459208 BCX0\">simplifi\u00e9s<\/span><span class=\"NormalTextRun SCXW38459208 BCX0\"> pour <\/span><span class=\"NormalTextRun SpellingErrorV2Themed SCXW38459208 BCX0\">une<\/span><span class=\"NormalTextRun SCXW38459208 BCX0\"> allure <\/span><span class=\"NormalTextRun SpellingErrorV2Themed SCXW38459208 BCX0\">sculpturale<\/span> <span class=\"NormalTextRun SpellingErrorV2Themed SCXW38459208 BCX0\">contemporaine<\/span><span class=\"NormalTextRun SCXW38459208 BCX0\">.<\/span><\/span><span class=\"TextRun SCXW38459208 BCX0\" lang=\"EN-GB\" xml:lang=\"EN-GB\" data-contrast=\"none\"><span class=\"NormalTextRun SCXW38459208 BCX0\">\u00a0<\/span><\/span><span class=\"EOP SCXW38459208 BCX0\" data-ccp-props=\"{&quot;134233117&quot;:false,&quot;134233118&quot;:false,&quot;201341983&quot;:0,&quot;335551550&quot;:1,&quot;335551620&quot;:1,&quot;335559738&quot;:0,&quot;335559739&quot;:160,&quot;335559740&quot;:257}\">\u00a0<\/span><\/p>\n","protected":false},"excerpt":{"rendered":"<p>Le fauteuil \u00c9cusson cr\u00e9\u00e9 par L\u00e9o Sentou est inspir\u00e9 d&#8217;un fauteuil aussi \u00e9l\u00e9gant que surprenant dessin\u00e9 par le Ma\u00eetre Eb\u00e9niste Jean Baptiste Lelarge (1743-1802). Le design se fait l\u2019\u00e9cho contemporain des codes classiques typiques de la fin du XVIII\u00e8me si\u00e8cle. Enti\u00e8rement fabriqu\u00e9 \u00e0 la main par une \u00e9quipe d&#8217;artisans de talent, l&#8217;\u00e9cusson original du dossier, [&hellip;]<\/p>\n","protected":false},"featured_media":5352820,"template":"","meta":{"_acf_changed":false,"content-type":"","_themeisle_gutenberg_block_has_review":false},"product_brand":[],"product_cat":[8945,12499],"product_tag":[22790,31474,31477,35206],"product_designer":[19809],"comfabric":[34953],"manufacturer":[34951],"reporting_designer":[37421],"samplecomfabric":[34955],"designer_clubroom":[],"class_list":{"0":"post-5352877","1":"product","2":"type-product","3":"status-publish","4":"has-post-thumbnail","6":"product_cat-fauteuils","7":"product_cat-assises","8":"product_tag-disponible-immediatement","9":"product_tag-co-white-fr","10":"product_tag-st-curvy-fr","11":"product_tag-exclusive-fr","12":"product_designer-leo-sentou-fr","13":"comfabric-a-d-sourcing-pickup-leo-sentou-fr","14":"manufacturer-a-d-sourcing-pickup-leo-sentou-fr","15":"reporting_designer-leo-sentou","16":"samplecomfabric-a-d-sourcing-pickup-leo-sentou-fr","17":"exhibitions-paris-fr","19":"first","20":"instock","21":"taxable","22":"shipping-taxable","23":"purchasable","24":"product-type-variable"},"acf":[],"_links":{"self":[{"href":"https:\/\/theinvisiblecollection.com\/fr\/wp-json\/wp\/v2\/product\/5352877","targetHints":{"allow":["GET"]}}],"collection":[{"href":"https:\/\/theinvisiblecollection.com\/fr\/wp-json\/wp\/v2\/product"}],"about":[{"href":"https:\/\/theinvisiblecollection.com\/fr\/wp-json\/wp\/v2\/types\/product"}],"wp:featuredmedia":[{"embeddable":true,"href":"https:\/\/theinvisiblecollection.com\/fr\/wp-json\/wp\/v2\/media\/5352820"}],"wp:attachment":[{"href":"https:\/\/theinvisiblecollection.com\/fr\/wp-json\/wp\/v2\/media?parent=5352877"}],"wp:term":[{"taxonomy":"product_brand","embeddable":true,"href":"https:\/\/theinvisiblecollection.com\/fr\/wp-json\/wp\/v2\/product_brand?post=5352877"},{"taxonomy":"product_cat","embeddable":true,"href":"https:\/\/theinvisiblecollection.com\/fr\/wp-json\/wp\/v2\/product_cat?post=5352877"},{"taxonomy":"product_tag","embeddable":true,"href":"https:\/\/theinvisiblecollection.com\/fr\/wp-json\/wp\/v2\/product_tag?post=5352877"},{"taxonomy":"product_designer","embeddable":true,"href":"https:\/\/theinvisiblecollection.com\/fr\/wp-json\/wp\/v2\/product_designer?post=5352877"},{"taxonomy":"comfabric","embeddable":true,"href":"https:\/\/theinvisiblecollection.com\/fr\/wp-json\/wp\/v2\/comfabric?post=5352877"},{"taxonomy":"manufacturer","embeddable":true,"href":"https:\/\/theinvisiblecollection.com\/fr\/wp-json\/wp\/v2\/manufacturer?post=5352877"},{"taxonomy":"reporting_designer","embeddable":true,"href":"https:\/\/theinvisiblecollection.com\/fr\/wp-json\/wp\/v2\/reporting_designer?post=5352877"},{"taxonomy":"samplecomfabric","embeddable":true,"href":"https:\/\/theinvisiblecollection.com\/fr\/wp-json\/wp\/v2\/samplecomfabric?post=5352877"},{"taxonomy":"clubroom_product_designer","embeddable":true,"href":"https:\/\/theinvisiblecollection.com\/fr\/wp-json\/wp\/v2\/designer_clubroom?post=5352877"}],"curies":[{"name":"wp","href":"https:\/\/api.w.org\/{rel}","templated":true}]}}