{"id":5356043,"date":"2025-02-25T13:57:48","date_gmt":"2025-02-25T13:57:48","guid":{"rendered":"https:\/\/theinvisiblecollection.com\/?post_type=product&#038;p=5356043"},"modified":"2026-05-01T07:37:38","modified_gmt":"2026-05-01T07:37:38","slug":"table-de-chevet-modele-3-terre","status":"publish","type":"product","link":"https:\/\/theinvisiblecollection.com\/fr\/produit\/table-de-chevet-modele-3-terre\/","title":{"rendered":"Table De Chevet Mod\u00e8le 3 Terre"},"content":{"rendered":"","protected":false},"excerpt":{"rendered":"<div class=\"pro-extra-item \">\n<p>Design par Nathalie Surzur Heim x Flor\u00e8s Studio<br \/>\nTable de chevet photographi\u00e9e ici en c\u00e9ramique \u00a0non \u00e9maill\u00e9e, couleur terre<br \/>\n\u00c9galement photographi\u00e9e en finition \u00e9maill\u00e9e ocre et orange<br \/>\nChaque pi\u00e8ce est unique en raison de sa nature artisanale, les formes et les teintes varient l\u00e9g\u00e8rement<br \/>\nLes dimensions de chaque pi\u00e8ce en c\u00e9ramique peuvent varier jusqu\u2019\u00e0 10% en raison de la fabrication artisanale et de la cuisson<\/p>\n<\/div>\n<div class=\"pro-extra-item\">\n<div class=\"pro-extra-item\">\n<p>L 30 x l 30 x H 60 cm<\/p>\n<\/div>\n<\/div>\n<div class=\"pro-extra-item pro-manufacturing handmade-f\">Fabrication par des artisans d&#8217;exception, Portugal<\/div>\n<div class=\"pro-extra-item pro-lead-time \"><\/div>\n","protected":false},"featured_media":5355420,"template":"","meta":{"_acf_changed":false,"content-type":"","_themeisle_gutenberg_block_has_review":false},"product_brand":[],"product_cat":[12332,12503,12514],"product_tag":[],"product_designer":[17938],"comfabric":[],"manufacturer":[17936],"reporting_designer":[37836],"samplecomfabric":[],"designer_clubroom":[20510],"class_list":{"0":"post-5356043","1":"product","2":"type-product","3":"status-publish","4":"has-post-thumbnail","6":"clubroom_taxonomies-boutiques","7":"product_cat-tables-dappoint","8":"product_cat-tables-fr","9":"product_cat-tables-de-chevet","10":"product_designer-flores-design","11":"manufacturer-flores-design","12":"reporting_designer-flores","13":"clubroom_product_designer-flores-design-fr","14":"exhibitions-paris-fr","15":"exhibitions-londres-fr","17":"first","18":"instock","19":"taxable","20":"shipping-taxable","21":"purchasable","22":"product-type-simple"},"acf":[],"_links":{"self":[{"href":"https:\/\/theinvisiblecollection.com\/fr\/wp-json\/wp\/v2\/product\/5356043","targetHints":{"allow":["GET"]}}],"collection":[{"href":"https:\/\/theinvisiblecollection.com\/fr\/wp-json\/wp\/v2\/product"}],"about":[{"href":"https:\/\/theinvisiblecollection.com\/fr\/wp-json\/wp\/v2\/types\/product"}],"wp:featuredmedia":[{"embeddable":true,"href":"https:\/\/theinvisiblecollection.com\/fr\/wp-json\/wp\/v2\/media\/5355420"}],"wp:attachment":[{"href":"https:\/\/theinvisiblecollection.com\/fr\/wp-json\/wp\/v2\/media?parent=5356043"}],"wp:term":[{"taxonomy":"product_brand","embeddable":true,"href":"https:\/\/theinvisiblecollection.com\/fr\/wp-json\/wp\/v2\/product_brand?post=5356043"},{"taxonomy":"product_cat","embeddable":true,"href":"https:\/\/theinvisiblecollection.com\/fr\/wp-json\/wp\/v2\/product_cat?post=5356043"},{"taxonomy":"product_tag","embeddable":true,"href":"https:\/\/theinvisiblecollection.com\/fr\/wp-json\/wp\/v2\/product_tag?post=5356043"},{"taxonomy":"product_designer","embeddable":true,"href":"https:\/\/theinvisiblecollection.com\/fr\/wp-json\/wp\/v2\/product_designer?post=5356043"},{"taxonomy":"comfabric","embeddable":true,"href":"https:\/\/theinvisiblecollection.com\/fr\/wp-json\/wp\/v2\/comfabric?post=5356043"},{"taxonomy":"manufacturer","embeddable":true,"href":"https:\/\/theinvisiblecollection.com\/fr\/wp-json\/wp\/v2\/manufacturer?post=5356043"},{"taxonomy":"reporting_designer","embeddable":true,"href":"https:\/\/theinvisiblecollection.com\/fr\/wp-json\/wp\/v2\/reporting_designer?post=5356043"},{"taxonomy":"samplecomfabric","embeddable":true,"href":"https:\/\/theinvisiblecollection.com\/fr\/wp-json\/wp\/v2\/samplecomfabric?post=5356043"},{"taxonomy":"clubroom_product_designer","embeddable":true,"href":"https:\/\/theinvisiblecollection.com\/fr\/wp-json\/wp\/v2\/designer_clubroom?post=5356043"}],"curies":[{"name":"wp","href":"https:\/\/api.w.org\/{rel}","templated":true}]}}