{"id":5356051,"date":"2025-02-25T13:57:48","date_gmt":"2025-02-25T13:57:48","guid":{"rendered":"https:\/\/theinvisiblecollection.com\/?post_type=product&#038;p=5356051"},"modified":"2026-05-01T07:37:38","modified_gmt":"2026-05-01T07:37:38","slug":"clubroom-table-dappoint-modele-1-terre","status":"publish","type":"product","link":"https:\/\/theinvisiblecollection.com\/fr\/produit\/clubroom-table-dappoint-modele-1-terre\/","title":{"rendered":"Table D\u2019appoint Mod\u00e8le 1 Terre"},"content":{"rendered":"","protected":false},"excerpt":{"rendered":"<div class=\"pro-extra-item \">\n<p>Table d\u2019appoint en c\u00e9ramique non \u00e9maill\u00e9e, couleur terre<br \/>\nConvient pour l\u2019ext\u00e9rieur<br \/>\nChaque pi\u00e8ce est unique en raison de sa nature artisanale, les formes et les teintes varient l\u00e9g\u00e8rement<br \/>\nLes dimensions de chaque pi\u00e8ce en c\u00e9ramique peuvent varier jusqu\u2019\u00e0 10% en raison de la fabrication artisanale et de la cuisson<\/p>\n<\/div>\n<div class=\"pro-extra-item\">\n<p>Plateau : L 22 x\u00a0 P 26 cm<br \/>\nBase : L 31 x P 33 cm<br \/>\nHauteur : 55 cm<\/p>\n<\/div>\n<div class=\"pro-extra-item pro-manufacturing handmade-f\">Fabrication par des artisans d&#8217;exception, Portugal<\/div>\n<div class=\"pro-extra-item pro-lead-time \"><\/div>\n","protected":false},"featured_media":5355289,"template":"","meta":{"_acf_changed":false,"content-type":"","_themeisle_gutenberg_block_has_review":false},"product_brand":[],"product_cat":[10549,12332,12501,12503,12514],"product_tag":[],"product_designer":[17938],"comfabric":[],"manufacturer":[17936],"reporting_designer":[37836],"samplecomfabric":[],"designer_clubroom":[20510],"class_list":{"0":"post-5356051","1":"product","2":"type-product","3":"status-publish","4":"has-post-thumbnail","6":"clubroom_taxonomies-boutiques","7":"product_cat-mobilier-dexterieur","8":"product_cat-tables-dappoint","9":"product_cat-chambre-a-coucher","10":"product_cat-tables-fr","11":"product_cat-tables-de-chevet","12":"product_designer-flores-design","13":"manufacturer-flores-design","14":"reporting_designer-flores","15":"clubroom_product_designer-flores-design-fr","16":"exhibitions-londres-fr","18":"first","19":"instock","20":"featured","21":"taxable","22":"shipping-taxable","23":"purchasable","24":"product-type-simple"},"acf":[],"_links":{"self":[{"href":"https:\/\/theinvisiblecollection.com\/fr\/wp-json\/wp\/v2\/product\/5356051","targetHints":{"allow":["GET"]}}],"collection":[{"href":"https:\/\/theinvisiblecollection.com\/fr\/wp-json\/wp\/v2\/product"}],"about":[{"href":"https:\/\/theinvisiblecollection.com\/fr\/wp-json\/wp\/v2\/types\/product"}],"wp:featuredmedia":[{"embeddable":true,"href":"https:\/\/theinvisiblecollection.com\/fr\/wp-json\/wp\/v2\/media\/5355289"}],"wp:attachment":[{"href":"https:\/\/theinvisiblecollection.com\/fr\/wp-json\/wp\/v2\/media?parent=5356051"}],"wp:term":[{"taxonomy":"product_brand","embeddable":true,"href":"https:\/\/theinvisiblecollection.com\/fr\/wp-json\/wp\/v2\/product_brand?post=5356051"},{"taxonomy":"product_cat","embeddable":true,"href":"https:\/\/theinvisiblecollection.com\/fr\/wp-json\/wp\/v2\/product_cat?post=5356051"},{"taxonomy":"product_tag","embeddable":true,"href":"https:\/\/theinvisiblecollection.com\/fr\/wp-json\/wp\/v2\/product_tag?post=5356051"},{"taxonomy":"product_designer","embeddable":true,"href":"https:\/\/theinvisiblecollection.com\/fr\/wp-json\/wp\/v2\/product_designer?post=5356051"},{"taxonomy":"comfabric","embeddable":true,"href":"https:\/\/theinvisiblecollection.com\/fr\/wp-json\/wp\/v2\/comfabric?post=5356051"},{"taxonomy":"manufacturer","embeddable":true,"href":"https:\/\/theinvisiblecollection.com\/fr\/wp-json\/wp\/v2\/manufacturer?post=5356051"},{"taxonomy":"reporting_designer","embeddable":true,"href":"https:\/\/theinvisiblecollection.com\/fr\/wp-json\/wp\/v2\/reporting_designer?post=5356051"},{"taxonomy":"samplecomfabric","embeddable":true,"href":"https:\/\/theinvisiblecollection.com\/fr\/wp-json\/wp\/v2\/samplecomfabric?post=5356051"},{"taxonomy":"clubroom_product_designer","embeddable":true,"href":"https:\/\/theinvisiblecollection.com\/fr\/wp-json\/wp\/v2\/designer_clubroom?post=5356051"}],"curies":[{"name":"wp","href":"https:\/\/api.w.org\/{rel}","templated":true}]}}