{"id":5356471,"date":"2025-02-25T13:57:48","date_gmt":"2025-02-25T13:57:48","guid":{"rendered":"https:\/\/theinvisiblecollection.com\/?post_type=product&#038;p=5356471"},"modified":"2026-05-08T04:38:54","modified_gmt":"2026-05-08T04:38:54","slug":"fauteuil-carlos","status":"publish","type":"product","link":"https:\/\/theinvisiblecollection.com\/fr\/produit\/fauteuil-carlos\/","title":{"rendered":"Fauteuil Carlos"},"content":{"rendered":"","protected":false},"excerpt":{"rendered":"<div class=\"pro-extra-item \">\n<p>Structure en bois de ch\u00eane massif<br \/>\nVernis mat<br \/>\nQuatre panneaux en bois de ch\u00eane massif assembl\u00e9s sans colle<br \/>\nChaque pi\u00e8ce est unique en raison de sa nature artisanale, les dimensions et les teintes varient l\u00e9g\u00e8rement<\/p>\n<\/div>\n<div class=\"pro-extra-item\">\n<p>L 52 x P 64.5 x H 72.5 cm<br \/>\nHauteur d\u2019assise : 30 cm<\/p>\n<\/div>\n<div class=\"pro-extra-item pro-manufacturing handmade-f\">Fabrication par des artisans d&#8217;exception, Portugal<\/div>\n<div class=\"pro-extra-item pro-lead-time \"><\/div>\n","protected":false},"featured_media":5356467,"template":"","meta":{"_acf_changed":false,"content-type":"","_themeisle_gutenberg_block_has_review":false},"product_brand":[],"product_cat":[8945,12499,13076],"product_tag":[],"product_designer":[17938],"comfabric":[],"manufacturer":[17936],"reporting_designer":[37836],"samplecomfabric":[],"designer_clubroom":[20510],"class_list":{"0":"post-5356471","1":"product","2":"type-product","3":"status-publish","4":"has-post-thumbnail","6":"clubroom_taxonomies-boutiques","7":"product_cat-fauteuils","8":"product_cat-assises","9":"product_cat-bureau-a-la-maison","10":"product_designer-flores-design","11":"manufacturer-flores-design","12":"reporting_designer-flores","13":"clubroom_product_designer-flores-design-fr","14":"exhibitions-paris-fr","16":"first","17":"instock","18":"featured","19":"taxable","20":"shipping-taxable","21":"purchasable","22":"product-type-simple"},"acf":[],"_links":{"self":[{"href":"https:\/\/theinvisiblecollection.com\/fr\/wp-json\/wp\/v2\/product\/5356471","targetHints":{"allow":["GET"]}}],"collection":[{"href":"https:\/\/theinvisiblecollection.com\/fr\/wp-json\/wp\/v2\/product"}],"about":[{"href":"https:\/\/theinvisiblecollection.com\/fr\/wp-json\/wp\/v2\/types\/product"}],"wp:featuredmedia":[{"embeddable":true,"href":"https:\/\/theinvisiblecollection.com\/fr\/wp-json\/wp\/v2\/media\/5356467"}],"wp:attachment":[{"href":"https:\/\/theinvisiblecollection.com\/fr\/wp-json\/wp\/v2\/media?parent=5356471"}],"wp:term":[{"taxonomy":"product_brand","embeddable":true,"href":"https:\/\/theinvisiblecollection.com\/fr\/wp-json\/wp\/v2\/product_brand?post=5356471"},{"taxonomy":"product_cat","embeddable":true,"href":"https:\/\/theinvisiblecollection.com\/fr\/wp-json\/wp\/v2\/product_cat?post=5356471"},{"taxonomy":"product_tag","embeddable":true,"href":"https:\/\/theinvisiblecollection.com\/fr\/wp-json\/wp\/v2\/product_tag?post=5356471"},{"taxonomy":"product_designer","embeddable":true,"href":"https:\/\/theinvisiblecollection.com\/fr\/wp-json\/wp\/v2\/product_designer?post=5356471"},{"taxonomy":"comfabric","embeddable":true,"href":"https:\/\/theinvisiblecollection.com\/fr\/wp-json\/wp\/v2\/comfabric?post=5356471"},{"taxonomy":"manufacturer","embeddable":true,"href":"https:\/\/theinvisiblecollection.com\/fr\/wp-json\/wp\/v2\/manufacturer?post=5356471"},{"taxonomy":"reporting_designer","embeddable":true,"href":"https:\/\/theinvisiblecollection.com\/fr\/wp-json\/wp\/v2\/reporting_designer?post=5356471"},{"taxonomy":"samplecomfabric","embeddable":true,"href":"https:\/\/theinvisiblecollection.com\/fr\/wp-json\/wp\/v2\/samplecomfabric?post=5356471"},{"taxonomy":"clubroom_product_designer","embeddable":true,"href":"https:\/\/theinvisiblecollection.com\/fr\/wp-json\/wp\/v2\/designer_clubroom?post=5356471"}],"curies":[{"name":"wp","href":"https:\/\/api.w.org\/{rel}","templated":true}]}}