{"id":5363184,"date":"2024-06-10T11:28:17","date_gmt":"2024-06-10T11:28:17","guid":{"rendered":"https:\/\/theinvisiblecollection.com\/?post_type=product&#038;p=5363184"},"modified":"2026-05-01T07:37:38","modified_gmt":"2026-05-01T07:37:38","slug":"semeur-d-etoiles-lustre-30-planetes","status":"publish","type":"product","link":"https:\/\/theinvisiblecollection.com\/fr\/produit\/semeur-d-etoiles-lustre-30-planetes\/","title":{"rendered":"Lustre 30 Plan\u00e8tes"},"content":{"rendered":"<p style=\"text-align: justify;\"><span class=\"TextRun SCXW63701854 BCX0\" lang=\"EN-US\" xml:lang=\"EN-US\" data-contrast=\"auto\"><span class=\"NormalTextRun SCXW63701854 BCX0\">Le <\/span><span class=\"NormalTextRun SpellingErrorV2Themed SCXW63701854 BCX0\">Lustre 30 Plan\u00e8tes<\/span> <span class=\"NormalTextRun SpellingErrorV2Themed SCXW63701854 BCX0\">en<\/span> <span class=\"NormalTextRun SpellingErrorV2Themed SCXW63701854 BCX0\">verre<\/span><span class=\"NormalTextRun SCXW63701854 BCX0\"> souffl\u00e9 bouche <\/span><span class=\"NormalTextRun SpellingErrorV2Themed SCXW63701854 BCX0\">sont<\/span><span class=\"NormalTextRun SCXW63701854 BCX0\"> le fruit d\u2019un travail <\/span><span class=\"NormalTextRun SpellingErrorV2Themed SCXW63701854 BCX0\">d\u00e9licat<\/span><span class=\"NormalTextRun SCXW63701854 BCX0\"> \u00e0 quatre mains <\/span><span class=\"NormalTextRun SpellingErrorV2Themed SCXW63701854 BCX0\">superposant<\/span><span class=\"NormalTextRun SCXW63701854 BCX0\"> 6 <\/span><span class=\"NormalTextRun ContextualSpellingAndGrammarErrorV2Themed SCXW63701854 BCX0\">couches :<\/span><span class=\"NormalTextRun SCXW63701854 BCX0\"> la lumi\u00e8re <\/span><span class=\"NormalTextRun SpellingErrorV2Themed SCXW63701854 BCX0\">caresse<\/span><span class=\"NormalTextRun SCXW63701854 BCX0\"> la <\/span><span class=\"NormalTextRun SpellingErrorV2Themed SCXW63701854 BCX0\">poudre<\/span><span class=\"NormalTextRun SCXW63701854 BCX0\"> de <\/span><span class=\"NormalTextRun SpellingErrorV2Themed SCXW63701854 BCX0\">roche<\/span> <span class=\"NormalTextRun SpellingErrorV2Themed SCXW63701854 BCX0\">suspendue<\/span><span class=\"NormalTextRun SCXW63701854 BCX0\"> dans le <\/span><span class=\"NormalTextRun SpellingErrorV2Themed SCXW63701854 BCX0\">verre<\/span><span class=\"NormalTextRun SCXW63701854 BCX0\">. Nous <\/span><span class=\"NormalTextRun SpellingErrorV2Themed SCXW63701854 BCX0\">utilisons<\/span><span class=\"NormalTextRun SCXW63701854 BCX0\"> pour <\/span><span class=\"NormalTextRun SpellingErrorV2Themed SCXW63701854 BCX0\">cela<\/span><span class=\"NormalTextRun SCXW63701854 BCX0\"> des rebuts de <\/span><span class=\"NormalTextRun SpellingErrorV2Themed SCXW63701854 BCX0\">carri\u00e8re<\/span><span class=\"NormalTextRun SCXW63701854 BCX0\">. <\/span><span class=\"NormalTextRun SpellingErrorV2Themed SCXW63701854 BCX0\">Chaque<\/span> <span class=\"NormalTextRun SpellingErrorV2Themed SCXW63701854 BCX0\">exemplaire<\/span> <span class=\"NormalTextRun SpellingErrorV2Themed SCXW63701854 BCX0\">est<\/span><span class=\"NormalTextRun SCXW63701854 BCX0\"> unique. Elles <\/span><span class=\"NormalTextRun SpellingErrorV2Themed SCXW63701854 BCX0\">offrent<\/span> <span class=\"NormalTextRun SpellingErrorV2Themed SCXW63701854 BCX0\">une<\/span> <span class=\"NormalTextRun SpellingErrorV2Themed SCXW63701854 BCX0\">grande<\/span><span class=\"NormalTextRun SCXW63701854 BCX0\"> libert\u00e9 de composition gr\u00e2ce \u00e0 des styles de <\/span><span class=\"NormalTextRun SpellingErrorV2Themed SCXW63701854 BCX0\">verreries<\/span> <span class=\"NormalTextRun SpellingErrorV2Themed SCXW63701854 BCX0\">vari\u00e9s, <\/span><span class=\"NormalTextRun SCXW63701854 BCX0\">blanches <\/span><span class=\"NormalTextRun SpellingErrorV2Themed SCXW63701854 BCX0\">comme<\/span><span class=\"NormalTextRun SCXW63701854 BCX0\"> sur la photo, <\/span><span class=\"NormalTextRun SpellingErrorV2Themed SCXW63701854 BCX0\">ou<\/span><span class=\"NormalTextRun SCXW63701854 BCX0\"> couleur, \u00e0 <\/span><span class=\"NormalTextRun SpellingErrorV2Themed SCXW63701854 BCX0\">leurs<\/span> <span class=\"NormalTextRun SpellingErrorV2Themed SCXW63701854 BCX0\">diff\u00e9rents<\/span> <span class=\"NormalTextRun SpellingErrorV2Themed SCXW63701854 BCX0\">diam\u00e8tres<\/span><span class=\"NormalTextRun SCXW63701854 BCX0\">, \u00e0 <\/span><span class=\"NormalTextRun SpellingErrorV2Themed SCXW63701854 BCX0\">leurs<\/span> <span class=\"NormalTextRun SpellingErrorV2Themed SCXW63701854 BCX0\">hauteurs<\/span> <span class=\"NormalTextRun SpellingErrorV2Themed SCXW63701854 BCX0\">r\u00e9glables<\/span><span class=\"NormalTextRun SCXW63701854 BCX0\">, aux <\/span><span class=\"NormalTextRun SpellingErrorV2Themed SCXW63701854 BCX0\">diff\u00e9rentes<\/span><span class=\"NormalTextRun SCXW63701854 BCX0\"> options <\/span><span class=\"NormalTextRun SpellingErrorV2Themed SCXW63701854 BCX0\">d\u2019\u00e9clairage<\/span><span class=\"NormalTextRun SCXW63701854 BCX0\"> et au choix du mode <\/span><span class=\"NormalTextRun SpellingErrorV2Themed SCXW63701854 BCX0\">d\u2019accrochage<\/span><span class=\"NormalTextRun SCXW63701854 BCX0\">.<\/span><\/span><span class=\"EOP SCXW63701854 BCX0\" data-ccp-props=\"{}\">\u00a0<\/span><\/p>\n","protected":false},"excerpt":{"rendered":"<p>Le Lustre 30 Plan\u00e8tes en verre souffl\u00e9 bouche sont le fruit d\u2019un travail d\u00e9licat \u00e0 quatre mains superposant 6 couches : la lumi\u00e8re caresse la poudre de roche suspendue dans le verre. Nous utilisons pour cela des rebuts de carri\u00e8re. Chaque exemplaire est unique. Elles offrent une grande libert\u00e9 de composition gr\u00e2ce \u00e0 des styles [&hellip;]<\/p>\n","protected":false},"featured_media":5363168,"template":"","meta":{"_acf_changed":false,"content-type":"","_themeisle_gutenberg_block_has_review":false},"product_brand":[],"product_cat":[8961,12507],"product_tag":[],"product_designer":[11388],"comfabric":[],"manufacturer":[19677],"reporting_designer":[37883],"samplecomfabric":[],"designer_clubroom":[],"class_list":{"0":"post-5363184","1":"product","2":"type-product","3":"status-publish","4":"has-post-thumbnail","6":"product_cat-suspensions","7":"product_cat-luminaires","8":"product_designer-semeur-detoiles-fr","9":"manufacturer-semeur-dtoiles-warehouse-fr","10":"reporting_designer-semeur-detoiles","12":"first","13":"instock","14":"taxable","15":"shipping-taxable","16":"purchasable","17":"product-type-variable"},"acf":[],"_links":{"self":[{"href":"https:\/\/theinvisiblecollection.com\/fr\/wp-json\/wp\/v2\/product\/5363184","targetHints":{"allow":["GET"]}}],"collection":[{"href":"https:\/\/theinvisiblecollection.com\/fr\/wp-json\/wp\/v2\/product"}],"about":[{"href":"https:\/\/theinvisiblecollection.com\/fr\/wp-json\/wp\/v2\/types\/product"}],"wp:featuredmedia":[{"embeddable":true,"href":"https:\/\/theinvisiblecollection.com\/fr\/wp-json\/wp\/v2\/media\/5363168"}],"wp:attachment":[{"href":"https:\/\/theinvisiblecollection.com\/fr\/wp-json\/wp\/v2\/media?parent=5363184"}],"wp:term":[{"taxonomy":"product_brand","embeddable":true,"href":"https:\/\/theinvisiblecollection.com\/fr\/wp-json\/wp\/v2\/product_brand?post=5363184"},{"taxonomy":"product_cat","embeddable":true,"href":"https:\/\/theinvisiblecollection.com\/fr\/wp-json\/wp\/v2\/product_cat?post=5363184"},{"taxonomy":"product_tag","embeddable":true,"href":"https:\/\/theinvisiblecollection.com\/fr\/wp-json\/wp\/v2\/product_tag?post=5363184"},{"taxonomy":"product_designer","embeddable":true,"href":"https:\/\/theinvisiblecollection.com\/fr\/wp-json\/wp\/v2\/product_designer?post=5363184"},{"taxonomy":"comfabric","embeddable":true,"href":"https:\/\/theinvisiblecollection.com\/fr\/wp-json\/wp\/v2\/comfabric?post=5363184"},{"taxonomy":"manufacturer","embeddable":true,"href":"https:\/\/theinvisiblecollection.com\/fr\/wp-json\/wp\/v2\/manufacturer?post=5363184"},{"taxonomy":"reporting_designer","embeddable":true,"href":"https:\/\/theinvisiblecollection.com\/fr\/wp-json\/wp\/v2\/reporting_designer?post=5363184"},{"taxonomy":"samplecomfabric","embeddable":true,"href":"https:\/\/theinvisiblecollection.com\/fr\/wp-json\/wp\/v2\/samplecomfabric?post=5363184"},{"taxonomy":"clubroom_product_designer","embeddable":true,"href":"https:\/\/theinvisiblecollection.com\/fr\/wp-json\/wp\/v2\/designer_clubroom?post=5363184"}],"curies":[{"name":"wp","href":"https:\/\/api.w.org\/{rel}","templated":true}]}}