{"id":5366572,"date":"2024-06-05T16:08:55","date_gmt":"2024-06-05T16:08:55","guid":{"rendered":"https:\/\/theinvisiblecollection.com\/?post_type=product&#038;p=5366572"},"modified":"2026-05-08T04:38:54","modified_gmt":"2026-05-08T04:38:54","slug":"marion-stora-lit-oscar","status":"publish","type":"product","link":"https:\/\/theinvisiblecollection.com\/fr\/produit\/marion-stora-lit-oscar\/","title":{"rendered":"Lit Oscar"},"content":{"rendered":"<p style=\"text-align: justify;\"><span class=\"TextRun SCXW48909116 BCX8\" lang=\"FR\" xml:lang=\"FR\" data-contrast=\"auto\"><span class=\"NormalTextRun SCXW48909116 BCX8\" data-ccp-parastyle=\"No Spacing\">Le lit Oscar de Marion Stora est \u00e9l\u00e9gamment assembl\u00e9 selon les techniques traditionnelles du travail du bois \u00e0 queue d&#8217;aronde. Fabriqu\u00e9 en ch\u00eane massif brut, il est caract\u00e9ris\u00e9 par des lignes pures et simples.\u00a0<\/span><\/span><span class=\"EOP SCXW48909116 BCX8\" data-ccp-props=\"{&quot;201341983&quot;:0,&quot;335559739&quot;:0,&quot;335559740&quot;:240}\">\u00a0<\/span><\/p>\n","protected":false},"excerpt":{"rendered":"<p>Le lit Oscar de Marion Stora est \u00e9l\u00e9gamment assembl\u00e9 selon les techniques traditionnelles du travail du bois \u00e0 queue d&#8217;aronde. Fabriqu\u00e9 en ch\u00eane massif brut, il est caract\u00e9ris\u00e9 par des lignes pures et simples.\u00a0\u00a0<\/p>\n","protected":false},"featured_media":5366629,"template":"","meta":{"_acf_changed":false,"content-type":"","_themeisle_gutenberg_block_has_review":false},"product_brand":[],"product_cat":[7909,12501],"product_tag":[35206],"product_designer":[26993],"comfabric":[],"manufacturer":[28442],"reporting_designer":[37809],"samplecomfabric":[],"designer_clubroom":[],"class_list":{"0":"post-5366572","1":"product","2":"type-product","3":"status-publish","4":"has-post-thumbnail","6":"product_cat-lits","7":"product_cat-chambre-a-coucher","8":"product_tag-exclusive-fr","9":"pa_size-modele-standard-fr","10":"pa_size-king-size-us-193-x-203-2-cm-76-x-80","11":"pa_size-queen-size-us-fr","12":"product_designer-marion-stora-fr","13":"manufacturer-laval-pick-up-marion-stora-fr","14":"reporting_designer-marion-stora","16":"first","17":"instock","18":"taxable","19":"shipping-taxable","20":"purchasable","21":"product-type-variable"},"acf":[],"_links":{"self":[{"href":"https:\/\/theinvisiblecollection.com\/fr\/wp-json\/wp\/v2\/product\/5366572","targetHints":{"allow":["GET"]}}],"collection":[{"href":"https:\/\/theinvisiblecollection.com\/fr\/wp-json\/wp\/v2\/product"}],"about":[{"href":"https:\/\/theinvisiblecollection.com\/fr\/wp-json\/wp\/v2\/types\/product"}],"wp:featuredmedia":[{"embeddable":true,"href":"https:\/\/theinvisiblecollection.com\/fr\/wp-json\/wp\/v2\/media\/5366629"}],"wp:attachment":[{"href":"https:\/\/theinvisiblecollection.com\/fr\/wp-json\/wp\/v2\/media?parent=5366572"}],"wp:term":[{"taxonomy":"product_brand","embeddable":true,"href":"https:\/\/theinvisiblecollection.com\/fr\/wp-json\/wp\/v2\/product_brand?post=5366572"},{"taxonomy":"product_cat","embeddable":true,"href":"https:\/\/theinvisiblecollection.com\/fr\/wp-json\/wp\/v2\/product_cat?post=5366572"},{"taxonomy":"product_tag","embeddable":true,"href":"https:\/\/theinvisiblecollection.com\/fr\/wp-json\/wp\/v2\/product_tag?post=5366572"},{"taxonomy":"product_designer","embeddable":true,"href":"https:\/\/theinvisiblecollection.com\/fr\/wp-json\/wp\/v2\/product_designer?post=5366572"},{"taxonomy":"comfabric","embeddable":true,"href":"https:\/\/theinvisiblecollection.com\/fr\/wp-json\/wp\/v2\/comfabric?post=5366572"},{"taxonomy":"manufacturer","embeddable":true,"href":"https:\/\/theinvisiblecollection.com\/fr\/wp-json\/wp\/v2\/manufacturer?post=5366572"},{"taxonomy":"reporting_designer","embeddable":true,"href":"https:\/\/theinvisiblecollection.com\/fr\/wp-json\/wp\/v2\/reporting_designer?post=5366572"},{"taxonomy":"samplecomfabric","embeddable":true,"href":"https:\/\/theinvisiblecollection.com\/fr\/wp-json\/wp\/v2\/samplecomfabric?post=5366572"},{"taxonomy":"clubroom_product_designer","embeddable":true,"href":"https:\/\/theinvisiblecollection.com\/fr\/wp-json\/wp\/v2\/designer_clubroom?post=5366572"}],"curies":[{"name":"wp","href":"https:\/\/api.w.org\/{rel}","templated":true}]}}